{"id":536,"date":"2016-06-19T08:37:53","date_gmt":"2016-06-19T06:37:53","guid":{"rendered":"http:\/\/www.e-c-o-n.de\/wp-de\/?page_id=536"},"modified":"2018-01-12T08:57:45","modified_gmt":"2018-01-12T07:57:45","slug":"agb-shop","status":"publish","type":"page","link":"https:\/\/www.e-con.de\/wp-de\/agb-shop\/","title":{"rendered":"AGB &#8211; Internetshop"},"content":{"rendered":"<div class=\"content_default\">\n<pre class=\"headline_bold\"><strong>Vertragsabschluss \u00fcber unseren Online - Shop<\/strong><\/pre>\n<p>&nbsp;1. Soweit der Kunde Waren \u00fcber die Website www.e-con.de, www.e-c-o-n.de bestellt, gelten die im Folgenden unter Absatz 2 bis 7 denannten Bestimmungen. Nutzt der Kunde hingegen Handelsplattformen wie zum Beispiel eBay, um Waren von der e-con GmbH zu bestellen, so gelten die unter Absatz 8 genannten Bestimmungen.<\/p>\n<\/div>\n<p class=\"content_default\">2. Die Darstellung der Waren im Onlineshop stellt kein rechtlich bindendes Angebot, sondern eine Aufforderung zur Bestellung dar. Durch die Bestellung der gew\u00fcnschten Waren per Internet, Telefon oder E-Mail gibt der Kunde ein verbindliches Angebot zum Abschluss eines Kaufvertrages mit e-con GmbH ab. Bei Bestellung \u00fcber den Onlineshop gibt der Kunde ein verbindliches Angebot zum Abschluss eines Kaufvertrages \u00fcber das betreffende Produkt ab, sobald er alle verlangten Angaben eingetragen und im letzten Schritt den Button \u201eBestellung abschicken\u201c oder &#8222;Weiter zu Paypal&#8220; angeklickt hat.<\/p>\n<p class=\"content_default\">3. e-con GmbH versendet unverz\u00fcglich nach Eingang eines Angebotes eine Best\u00e4tigung \u00fcber den Inhalt des Angebotes, welche allerdings noch keine Annahme darstellt. notebooksbilliger.de ist berechtigt, das Angebot des Kunden innerhalb von 5 Kalendertagen durch \u00dcbersendung einer Auftragsbest\u00e4tigung an den Kunden anzunehmen. Mit Zugang der Auftragsbest\u00e4tigung kommt der Vertrag zustande.<\/p>\n<p class=\"content_default\">4. Die Auftragsbest\u00e4tigung wird per E-Mail \u00fcbermittelt. Ist e-con GmbH keine E-Mail-Adresse des Kunden, unter der E-Mails zugestellt werden k\u00f6nnen, bekannt, wird die Auftragsbest\u00e4tigung zusammen mit der Ware zugestellt. Sollte e-con GmbH das Angebot des Kunden nicht innerhalb von 5 Tagen angenommen haben, gilt das Angebot als abgelehnt. \u00dcber Produkte, die nicht in der Auftragsbest\u00e4tigung aufgef\u00fchrt sind, kommt kein Kaufvertrag zustande.<\/p>\n<p class=\"content_default\">5. Ist auch die Vermittlung eines Mobilfunk- und\/oder Datentarifvertrages Bestandteil des Vertrages, so kommt der Mobilfunk- bzw. Datentarifvertrag unmittelbar mit dem Mobilfunkbetreiber zustande, wobei e-con GmbH im Rahmen des Vertragsabschlusses als Vermittler des Mobilfunkbetreibers handelt.<\/p>\n<p class=\"content_default\">6. Bestellt der Kunde eine Ware, die im Onlineshop lediglich mit dem Hinweis \u201eJetzt vorbestellen\u201c ausgezeichnet ist, kommt zwischen dem Kunden und e-con GmbH ein verbindlicher Kaufvertrag zustande, sobald e-con GmbH das Vertragsangebot des Kunden gem\u00e4\u00df den vorstehenden Regelungen annimmt. Der Kunde hat in einem solchen Fall jedoch das Recht, den Vertrag kostenfrei durch eine entsprechende Erkl\u00e4rung gegen\u00fcber e-con GmbH zu stornieren, solange der Kunde noch keine Information \u00fcber den Versand der Ware an ihn oder die vorbestellte Ware erhalten hat. Das ggf. bestehende gesetzliche Widerrufsrecht f\u00fcr Verbraucher bleibt hiervon unber\u00fchrt.<\/p>\n<p class=\"content_default\">7. Bestellt ein Endkunde eine Ware in einer mehr als handels\u00fcblichen Menge, beh\u00e4lt sich e-con GmbH vor, ein entsprechendes Vertragsangebot nicht anzunehmen und die Lieferung abzulehnen.<\/p>\n<p class=\"content_default\">8. Die Darstellung der Waren auf Handelsplattformen wie zum Beispiel eBay stellen bindende Angebote seitens der e-con GmbH dar. Im Fall von \u201eSofort-Kaufen\u201c-Angeboten findet der Vertragsschluss in dem Zeitpunkt statt, in dem der Kunde den \u201eSofort-Kaufen\u201c-Button anklickt und diese Auswahl auf der folgenden Seite best\u00e4tigt. Im Fall von Auktionsangeboten findet der Vertragsschluss im Zeitpunkt des Zeitablaufes des jeweiligen Angebotes mit dem zu diesem Zeitpunkt H\u00f6chstbietenden statt.<\/p>\n<p>&nbsp;<\/p>\n<p>Dar\u00fcberhinaus gelten die folgenden Gesch\u00e4ftsbedingungen in Bezug zu den angebotenen Erzeugnissen und Leistungen<\/p>\n<p>&nbsp;<\/p>\n<pre>Erzeugnisse und Leistungen der Elektroindustrie&nbsp;<\/pre>\n<h3><a href=\"https:\/\/www.e-c-o-n.de\/wp-de\/wp-content\/uploads\/2016\/06\/AGB-E-I-e-con-GmbH-I-20171215.pdf\" target=\"_blank\" rel=\"noopener\">Allgemeine Gesch\u00e4ftsbedingungen (AGB-E)<\/a><\/h3>\n<p>Unseren Angeboten und Lieferungen liegen die bran\u00adchen\u00adbekannten, vom Zentralverband Elektrotechnik- und Elektroindustrie (ZVEI) e.V., Lyoner Stra\u00dfe 9, 60528 Frankfurt a.M., <a href=\"http:\/\/www.zvei.org\/\">www.zvei.org<\/a> herausgegebenen \u201eAllgemeinen Lieferbedingungen f\u00fcr Erzeugnisse und Leistungen der Elektroin\u00addustrie\u201d in ihrer jeweils aktuellen Fassung, \u2013 nachstehend als \u201eGL\u201d bezeichnet \u2013 zugrunde&#8230;.<\/p>\n<p>Die AGB-E gelten insbesondere f\u00fcr Beleuchtungsprodukte und elektronische Komponenten.<\/p>\n<pre>F\u00fcr alle dar\u00fcberhinaus gehenden Erzeugnisse und Leistungen<\/pre>\n<h3><a href=\"https:\/\/www.e-c-o-n.de\/wp-de\/wp-content\/uploads\/2016\/06\/AGB-S-I-e-con-GmbH-I-20171215.pdf\" target=\"_blank\" rel=\"noopener\">Allgemeine Gesch\u00e4ftsbedingungen (AGB-S)<\/a><\/h3>\n<p>Die Standard-Gesch\u00e4ftsbedingungen gelten f\u00fcr alle Vertr\u00e4ge, Lieferungen und sonstige Leistungen zwischen uns und anderen Unternehmern. Davon ausgenommen sind Vertr\u00e4ge, Lieferungen und sonstige Leistungen in Verbindung mit Elektro- und Elektronikartikel, die unseren AGB-E unterliegen (Allgemeinen Lieferbedingungen f\u00fcr Erzeugnisse und Leistungen der Elektroin\u00addustrie)<\/p>\n<p>Die Standard-Gesch\u00e4ftsbedingungen gelten auch f\u00fcr k\u00fcnftige Gesch\u00e4fte, selbst wenn nicht erneut Bezug auf sie genommen wird.<\/p>\n<p>&nbsp;<\/p>\n<p>&nbsp;<\/p>\n<p>&nbsp;<\/p>\n","protected":false},"excerpt":{"rendered":"<p>Vertragsabschluss \u00fcber unseren Online &#8211; Shop &nbsp;1. Soweit der Kunde Waren \u00fcber die Website www.e-con.de, www.e-c-o-n.de bestellt, gelten die im Folgenden unter Absatz 2 bis 7 denannten Bestimmungen. Nutzt der Kunde hingegen Handelsplattformen wie zum Beispiel eBay, um Waren von der e-con GmbH zu bestellen, so gelten die unter Absatz 8 genannten Bestimmungen. 2. Die &#8230; <a title=\"AGB &#8211; Internetshop\" class=\"read-more\" href=\"https:\/\/www.e-con.de\/wp-de\/agb-shop\/\" aria-label=\"Mehr Informationen \u00fcber AGB &#8211; Internetshop\">Weiterlesen &#8230;<\/a><\/p>\n","protected":false},"author":1,"featured_media":0,"parent":0,"menu_order":116,"comment_status":"closed","ping_status":"closed","template":"","meta":{"ngg_post_thumbnail":0,"generate_page_header":"","footnotes":""},"class_list":["post-536","page","type-page","status-publish"],"yoast_head":"<!-- This site is optimized with the Yoast SEO plugin v27.3 - https:\/\/yoast.com\/product\/yoast-seo-wordpress\/ -->\n<title>AGB - Internetshop - e-con I Die Partner f\u00fcr Energieeffizienz, Planung und Erneuerbare Energien<\/title>\n<meta name=\"description\" content=\"AGB des Internetshops auf der Webseite www.e-c-o-n.de. Die AGB gelten ausschlie\u00dflich f\u00fcr den Webshop und treffen nicht auf Lieferungen oder Leistungen auf Rechnung zu.\" \/>\n<meta name=\"robots\" content=\"index, follow, max-snippet:-1, max-image-preview:large, max-video-preview:-1\" \/>\n<link rel=\"canonical\" href=\"https:\/\/www.e-con.de\/wp-de\/agb-shop\/\" \/>\n<meta property=\"og:locale\" content=\"de_DE\" \/>\n<meta property=\"og:type\" content=\"article\" \/>\n<meta property=\"og:title\" content=\"AGB - Internetshop - e-con I Die Partner f\u00fcr Energieeffizienz, Planung und Erneuerbare Energien\" \/>\n<meta property=\"og:description\" content=\"AGB des Internetshops auf der Webseite www.e-c-o-n.de. Die AGB gelten ausschlie\u00dflich f\u00fcr den Webshop und treffen nicht auf Lieferungen oder Leistungen auf Rechnung zu.\" \/>\n<meta property=\"og:url\" content=\"https:\/\/www.e-con.de\/wp-de\/agb-shop\/\" \/>\n<meta property=\"og:site_name\" content=\"e-con I Die Partner f\u00fcr Energieeffizienz, Planung und Erneuerbare Energien\" \/>\n<meta property=\"article:publisher\" content=\"https:\/\/www.facebook.com\/Matthias-Sch%c3%b6nhardt-1114936911891993\/\" \/>\n<meta property=\"article:modified_time\" content=\"2018-01-12T07:57:45+00:00\" \/>\n<meta name=\"twitter:card\" content=\"summary_large_image\" \/>\n<meta name=\"twitter:label1\" content=\"Gesch\u00e4tzte Lesezeit\" \/>\n\t<meta name=\"twitter:data1\" content=\"3\u00a0Minuten\" \/>\n<script type=\"application\/ld+json\" class=\"yoast-schema-graph\">{\"@context\":\"https:\\\/\\\/schema.org\",\"@graph\":[{\"@type\":\"WebPage\",\"@id\":\"https:\\\/\\\/www.e-con.de\\\/wp-de\\\/agb-shop\\\/\",\"url\":\"https:\\\/\\\/www.e-con.de\\\/wp-de\\\/agb-shop\\\/\",\"name\":\"AGB - Internetshop - e-con I Die Partner f\u00fcr Energieeffizienz, Planung und Erneuerbare Energien\",\"isPartOf\":{\"@id\":\"https:\\\/\\\/www.e-con.de\\\/wp-de\\\/#website\"},\"datePublished\":\"2016-06-19T06:37:53+00:00\",\"dateModified\":\"2018-01-12T07:57:45+00:00\",\"description\":\"AGB des Internetshops auf der Webseite www.e-c-o-n.de. Die AGB gelten ausschlie\u00dflich f\u00fcr den Webshop und treffen nicht auf Lieferungen oder Leistungen auf Rechnung zu.\",\"breadcrumb\":{\"@id\":\"https:\\\/\\\/www.e-con.de\\\/wp-de\\\/agb-shop\\\/#breadcrumb\"},\"inLanguage\":\"de\",\"potentialAction\":[{\"@type\":\"ReadAction\",\"target\":[\"https:\\\/\\\/www.e-con.de\\\/wp-de\\\/agb-shop\\\/\"]}]},{\"@type\":\"BreadcrumbList\",\"@id\":\"https:\\\/\\\/www.e-con.de\\\/wp-de\\\/agb-shop\\\/#breadcrumb\",\"itemListElement\":[{\"@type\":\"ListItem\",\"position\":1,\"name\":\"Startseite\",\"item\":\"https:\\\/\\\/www.e-con.de\\\/wp-de\\\/\"},{\"@type\":\"ListItem\",\"position\":2,\"name\":\"AGB &#8211; Internetshop\"}]},{\"@type\":\"WebSite\",\"@id\":\"https:\\\/\\\/www.e-con.de\\\/wp-de\\\/#website\",\"url\":\"https:\\\/\\\/www.e-con.de\\\/wp-de\\\/\",\"name\":\"e-con I Die Partner f\u00fcr Energieeffizienz, Planung und Erneuerbare Energien\",\"description\":\"Die Partner f\u00fcr Energieeffizienz, Planung und Erneuerbare Energien\",\"publisher\":{\"@id\":\"https:\\\/\\\/www.e-con.de\\\/wp-de\\\/#organization\"},\"potentialAction\":[{\"@type\":\"SearchAction\",\"target\":{\"@type\":\"EntryPoint\",\"urlTemplate\":\"https:\\\/\\\/www.e-con.de\\\/wp-de\\\/?s={search_term_string}\"},\"query-input\":{\"@type\":\"PropertyValueSpecification\",\"valueRequired\":true,\"valueName\":\"search_term_string\"}}],\"inLanguage\":\"de\"},{\"@type\":\"Organization\",\"@id\":\"https:\\\/\\\/www.e-con.de\\\/wp-de\\\/#organization\",\"name\":\"e-con I Die Partner f\u00fcr Energieeffizienz, Planung und Erneuerbare Energien\",\"url\":\"https:\\\/\\\/www.e-con.de\\\/wp-de\\\/\",\"logo\":{\"@type\":\"ImageObject\",\"inLanguage\":\"de\",\"@id\":\"https:\\\/\\\/www.e-con.de\\\/wp-de\\\/#\\\/schema\\\/logo\\\/image\\\/\",\"url\":\"https:\\\/\\\/www.e-con.de\\\/wp-de\\\/wp-content\\\/uploads\\\/2016\\\/04\\\/LOGO-CAD-15102015-mit-Slogan-e1460284870722.png\",\"contentUrl\":\"https:\\\/\\\/www.e-con.de\\\/wp-de\\\/wp-content\\\/uploads\\\/2016\\\/04\\\/LOGO-CAD-15102015-mit-Slogan-e1460284870722.png\",\"width\":350,\"height\":101,\"caption\":\"e-con I Die Partner f\u00fcr Energieeffizienz, Planung und Erneuerbare Energien\"},\"image\":{\"@id\":\"https:\\\/\\\/www.e-con.de\\\/wp-de\\\/#\\\/schema\\\/logo\\\/image\\\/\"},\"sameAs\":[\"https:\\\/\\\/www.facebook.com\\\/Matthias-Sch\u00f6nhardt-1114936911891993\\\/\"]}]}<\/script>\n<!-- \/ Yoast SEO plugin. -->","yoast_head_json":{"title":"AGB - Internetshop - e-con I Die Partner f\u00fcr Energieeffizienz, Planung und Erneuerbare Energien","description":"AGB des Internetshops auf der Webseite www.e-c-o-n.de. Die AGB gelten ausschlie\u00dflich f\u00fcr den Webshop und treffen nicht auf Lieferungen oder Leistungen auf Rechnung zu.","robots":{"index":"index","follow":"follow","max-snippet":"max-snippet:-1","max-image-preview":"max-image-preview:large","max-video-preview":"max-video-preview:-1"},"canonical":"https:\/\/www.e-con.de\/wp-de\/agb-shop\/","og_locale":"de_DE","og_type":"article","og_title":"AGB - Internetshop - e-con I Die Partner f\u00fcr Energieeffizienz, Planung und Erneuerbare Energien","og_description":"AGB des Internetshops auf der Webseite www.e-c-o-n.de. Die AGB gelten ausschlie\u00dflich f\u00fcr den Webshop und treffen nicht auf Lieferungen oder Leistungen auf Rechnung zu.","og_url":"https:\/\/www.e-con.de\/wp-de\/agb-shop\/","og_site_name":"e-con I Die Partner f\u00fcr Energieeffizienz, Planung und Erneuerbare Energien","article_publisher":"https:\/\/www.facebook.com\/Matthias-Sch%c3%b6nhardt-1114936911891993\/","article_modified_time":"2018-01-12T07:57:45+00:00","twitter_card":"summary_large_image","twitter_misc":{"Gesch\u00e4tzte Lesezeit":"3\u00a0Minuten"},"schema":{"@context":"https:\/\/schema.org","@graph":[{"@type":"WebPage","@id":"https:\/\/www.e-con.de\/wp-de\/agb-shop\/","url":"https:\/\/www.e-con.de\/wp-de\/agb-shop\/","name":"AGB - Internetshop - e-con I Die Partner f\u00fcr Energieeffizienz, Planung und Erneuerbare Energien","isPartOf":{"@id":"https:\/\/www.e-con.de\/wp-de\/#website"},"datePublished":"2016-06-19T06:37:53+00:00","dateModified":"2018-01-12T07:57:45+00:00","description":"AGB des Internetshops auf der Webseite www.e-c-o-n.de. Die AGB gelten ausschlie\u00dflich f\u00fcr den Webshop und treffen nicht auf Lieferungen oder Leistungen auf Rechnung zu.","breadcrumb":{"@id":"https:\/\/www.e-con.de\/wp-de\/agb-shop\/#breadcrumb"},"inLanguage":"de","potentialAction":[{"@type":"ReadAction","target":["https:\/\/www.e-con.de\/wp-de\/agb-shop\/"]}]},{"@type":"BreadcrumbList","@id":"https:\/\/www.e-con.de\/wp-de\/agb-shop\/#breadcrumb","itemListElement":[{"@type":"ListItem","position":1,"name":"Startseite","item":"https:\/\/www.e-con.de\/wp-de\/"},{"@type":"ListItem","position":2,"name":"AGB &#8211; Internetshop"}]},{"@type":"WebSite","@id":"https:\/\/www.e-con.de\/wp-de\/#website","url":"https:\/\/www.e-con.de\/wp-de\/","name":"e-con I Die Partner f\u00fcr Energieeffizienz, Planung und Erneuerbare Energien","description":"Die Partner f\u00fcr Energieeffizienz, Planung und Erneuerbare Energien","publisher":{"@id":"https:\/\/www.e-con.de\/wp-de\/#organization"},"potentialAction":[{"@type":"SearchAction","target":{"@type":"EntryPoint","urlTemplate":"https:\/\/www.e-con.de\/wp-de\/?s={search_term_string}"},"query-input":{"@type":"PropertyValueSpecification","valueRequired":true,"valueName":"search_term_string"}}],"inLanguage":"de"},{"@type":"Organization","@id":"https:\/\/www.e-con.de\/wp-de\/#organization","name":"e-con I Die Partner f\u00fcr Energieeffizienz, Planung und Erneuerbare Energien","url":"https:\/\/www.e-con.de\/wp-de\/","logo":{"@type":"ImageObject","inLanguage":"de","@id":"https:\/\/www.e-con.de\/wp-de\/#\/schema\/logo\/image\/","url":"https:\/\/www.e-con.de\/wp-de\/wp-content\/uploads\/2016\/04\/LOGO-CAD-15102015-mit-Slogan-e1460284870722.png","contentUrl":"https:\/\/www.e-con.de\/wp-de\/wp-content\/uploads\/2016\/04\/LOGO-CAD-15102015-mit-Slogan-e1460284870722.png","width":350,"height":101,"caption":"e-con I Die Partner f\u00fcr Energieeffizienz, Planung und Erneuerbare Energien"},"image":{"@id":"https:\/\/www.e-con.de\/wp-de\/#\/schema\/logo\/image\/"},"sameAs":["https:\/\/www.facebook.com\/Matthias-Sch\u00f6nhardt-1114936911891993\/"]}]}},"_links":{"self":[{"href":"https:\/\/www.e-con.de\/wp-de\/wp-json\/wp\/v2\/pages\/536","targetHints":{"allow":["GET"]}}],"collection":[{"href":"https:\/\/www.e-con.de\/wp-de\/wp-json\/wp\/v2\/pages"}],"about":[{"href":"https:\/\/www.e-con.de\/wp-de\/wp-json\/wp\/v2\/types\/page"}],"author":[{"embeddable":true,"href":"https:\/\/www.e-con.de\/wp-de\/wp-json\/wp\/v2\/users\/1"}],"replies":[{"embeddable":true,"href":"https:\/\/www.e-con.de\/wp-de\/wp-json\/wp\/v2\/comments?post=536"}],"version-history":[{"count":19,"href":"https:\/\/www.e-con.de\/wp-de\/wp-json\/wp\/v2\/pages\/536\/revisions"}],"predecessor-version":[{"id":2488,"href":"https:\/\/www.e-con.de\/wp-de\/wp-json\/wp\/v2\/pages\/536\/revisions\/2488"}],"wp:attachment":[{"href":"https:\/\/www.e-con.de\/wp-de\/wp-json\/wp\/v2\/media?parent=536"}],"curies":[{"name":"wp","href":"https:\/\/api.w.org\/{rel}","templated":true}]}}