{"id":459,"date":"2016-05-22T08:03:53","date_gmt":"2016-05-22T06:03:53","guid":{"rendered":"http:\/\/www.e-c-o-n.de\/wp-de\/?page_id=459"},"modified":"2017-02-24T12:43:45","modified_gmt":"2017-02-24T11:43:45","slug":"statik-tragwerksplanung","status":"publish","type":"page","link":"https:\/\/www.e-con.de\/wp-de\/statik-tragwerksplanung\/","title":{"rendered":"Statik &#8211; Tragwerksplanung"},"content":{"rendered":"<p><img loading=\"lazy\" decoding=\"async\" class=\"alignnone wp-image-461 size-full\" src=\"https:\/\/www.e-c-o-n.de\/wp-de\/wp-content\/uploads\/2016\/05\/statik-und-tragwerksplanung-e1463897977820.jpg\" alt=\"statik-und-tragwerksplanung\" width=\"849\" height=\"239\" srcset=\"https:\/\/www.e-con.de\/wp-de\/wp-content\/uploads\/2016\/05\/statik-und-tragwerksplanung-e1463897977820.jpg 849w, https:\/\/www.e-con.de\/wp-de\/wp-content\/uploads\/2016\/05\/statik-und-tragwerksplanung-e1463897977820-300x84.jpg 300w, https:\/\/www.e-con.de\/wp-de\/wp-content\/uploads\/2016\/05\/statik-und-tragwerksplanung-e1463897977820-768x216.jpg 768w\" sizes=\"auto, (max-width: 849px) 100vw, 849px\" \/><\/p>\n<h2>Intelligente Baustatik &#8211;&nbsp;wirtschaftliche Bauvorhaben<\/h2>\n<p>Bauprojekte werden nicht nur aus architektonischer Sicht immer komplexer, sondern auch im Hinblick auf die Bauprodukte&nbsp;immer anspruchsvoller. Hintergrund f\u00fcr die Entwicklung ist nicht nur der steigende Anspruch an einen hohen Sicherheitsstandard. Sowohl die beh\u00f6rdlichen Anforderungen als auch die Belange des Geb\u00e4udeeigent\u00fcmers und der Nutzer m\u00fcssen aus baustatischer&nbsp;Sicht umfassend ber\u00fccksichtigt werden. In den verschiedenen Erstellungsphasen&nbsp;bis zur Fertigstellung des Geb\u00e4udes, von der Entwicklung bis hin zur&nbsp;Realisierung spielt eine kostenbewusste Tragwerksplanung eine elementare Rolle.<\/p>\n<pre class=\"bodytext\"><strong>Sachverst\u00e4ndigenleistungen&nbsp;in der Baustatik<\/strong><\/pre>\n<ul>\n<li class=\"bodytext\">Tragwerksplanung Leistungsphasen 1 \u2013 9,<\/li>\n<li class=\"bodytext\">Statische Berechnungen und Standsicherheitsnachweise,<\/li>\n<li class=\"bodytext\">Statische Untersuchung in Bezug auf Aufstockungen, Erweiterungen bzw. Umnutzungen,<\/li>\n<li class=\"bodytext\">Ausf\u00fchrungsplanung,<\/li>\n<li class=\"bodytext\">Schal- und Bewehrungspl\u00e4ne,<\/li>\n<li class=\"bodytext\">Fertigteil\u2013 \u00dcbersichts- und Elementpl\u00e4ne,<\/li>\n<li class=\"bodytext\">Stahlbau\u2013 \u00dcbersichts- und Elementpl\u00e4ne,<\/li>\n<li class=\"bodytext\">Bauphysikalische Nachweise,<\/li>\n<li class=\"bodytext\">Schallschutznachweise<\/li>\n<\/ul>\n<div class=\"clearer\">\n<p>Zusammen mit unseren&nbsp;<a href=\"https:\/\/www.e-c-o-n.de\/wp-de\/bauplanung\/\">Dienstleistungen<\/a>&nbsp;sind wir in der Lage, Ihre Immobilien in jeder Phase des Lebenszyklus zu betreuen Es gelingt uns im Spannungsfeld zwischen berechtigten Bauherreninteressen, beh\u00f6rdlichen Auflagen und erforderlichen Brandschutzbelangen t\u00e4glich komplexe L\u00f6sungen zu erarbeiten. Kein Bauvorhaben gleicht dem anderen, folglich muss auch stets das Brandschutzkonzept eine individuelle Antwort auf objektspezifische Fragestellungen sein.<\/p>\n<\/div>\n<div id=\"breadcrumbcontainer\">&nbsp;<\/div>\n","protected":false},"excerpt":{"rendered":"<p>Intelligente Baustatik &#8211;&nbsp;wirtschaftliche Bauvorhaben Bauprojekte werden nicht nur aus architektonischer Sicht immer komplexer, sondern auch im Hinblick auf die Bauprodukte&nbsp;immer anspruchsvoller. Hintergrund f\u00fcr die Entwicklung ist nicht nur der steigende Anspruch an einen hohen Sicherheitsstandard. Sowohl die beh\u00f6rdlichen Anforderungen als auch die Belange des Geb\u00e4udeeigent\u00fcmers und der Nutzer m\u00fcssen aus baustatischer&nbsp;Sicht umfassend ber\u00fccksichtigt werden. In &#8230; <a title=\"Statik &#8211; Tragwerksplanung\" class=\"read-more\" href=\"https:\/\/www.e-con.de\/wp-de\/statik-tragwerksplanung\/\" aria-label=\"Mehr Informationen \u00fcber Statik &#8211; Tragwerksplanung\">Weiterlesen &#8230;<\/a><\/p>\n","protected":false},"author":1,"featured_media":0,"parent":0,"menu_order":26,"comment_status":"closed","ping_status":"closed","template":"","meta":{"ngg_post_thumbnail":0,"generate_page_header":"","footnotes":""},"class_list":["post-459","page","type-page","status-publish"],"yoast_head":"<!-- This site is optimized with the Yoast SEO plugin v27.4 - https:\/\/yoast.com\/product\/yoast-seo-wordpress\/ -->\n<title>Statik - Tragwerksplanung - e-con I Die Partner f\u00fcr Energieeffizienz, Planung und Erneuerbare Energien<\/title>\n<meta name=\"robots\" content=\"index, follow, max-snippet:-1, max-image-preview:large, max-video-preview:-1\" \/>\n<link rel=\"canonical\" href=\"https:\/\/www.e-con.de\/wp-de\/statik-tragwerksplanung\/\" \/>\n<meta property=\"og:locale\" content=\"de_DE\" \/>\n<meta property=\"og:type\" content=\"article\" \/>\n<meta property=\"og:title\" content=\"Statik - Tragwerksplanung - e-con I Die Partner f\u00fcr Energieeffizienz, Planung und Erneuerbare Energien\" \/>\n<meta property=\"og:description\" content=\"Intelligente Baustatik &#8211;&nbsp;wirtschaftliche Bauvorhaben Bauprojekte werden nicht nur aus architektonischer Sicht immer komplexer, sondern auch im Hinblick auf die Bauprodukte&nbsp;immer anspruchsvoller. Hintergrund f\u00fcr die Entwicklung ist nicht nur der steigende Anspruch an einen hohen Sicherheitsstandard. Sowohl die beh\u00f6rdlichen Anforderungen als auch die Belange des Geb\u00e4udeeigent\u00fcmers und der Nutzer m\u00fcssen aus baustatischer&nbsp;Sicht umfassend ber\u00fccksichtigt werden. In ... Weiterlesen ...\" \/>\n<meta property=\"og:url\" content=\"https:\/\/www.e-con.de\/wp-de\/statik-tragwerksplanung\/\" \/>\n<meta property=\"og:site_name\" content=\"e-con I Die Partner f\u00fcr Energieeffizienz, Planung und Erneuerbare Energien\" \/>\n<meta property=\"article:publisher\" content=\"https:\/\/www.facebook.com\/Matthias-Sch%c3%b6nhardt-1114936911891993\/\" \/>\n<meta property=\"article:modified_time\" content=\"2017-02-24T11:43:45+00:00\" \/>\n<meta property=\"og:image\" content=\"https:\/\/www.e-c-o-n.de\/wp-de\/wp-content\/uploads\/2016\/05\/statik-und-tragwerksplanung-e1463897977820.jpg\" \/>\n<meta name=\"twitter:card\" content=\"summary_large_image\" \/>\n<meta name=\"twitter:label1\" content=\"Gesch\u00e4tzte Lesezeit\" \/>\n\t<meta name=\"twitter:data1\" content=\"1\u00a0Minute\" \/>\n<script type=\"application\/ld+json\" class=\"yoast-schema-graph\">{\"@context\":\"https:\\\/\\\/schema.org\",\"@graph\":[{\"@type\":\"WebPage\",\"@id\":\"https:\\\/\\\/www.e-con.de\\\/wp-de\\\/statik-tragwerksplanung\\\/\",\"url\":\"https:\\\/\\\/www.e-con.de\\\/wp-de\\\/statik-tragwerksplanung\\\/\",\"name\":\"Statik - Tragwerksplanung - e-con I Die Partner f\u00fcr Energieeffizienz, Planung und Erneuerbare Energien\",\"isPartOf\":{\"@id\":\"https:\\\/\\\/www.e-con.de\\\/wp-de\\\/#website\"},\"primaryImageOfPage\":{\"@id\":\"https:\\\/\\\/www.e-con.de\\\/wp-de\\\/statik-tragwerksplanung\\\/#primaryimage\"},\"image\":{\"@id\":\"https:\\\/\\\/www.e-con.de\\\/wp-de\\\/statik-tragwerksplanung\\\/#primaryimage\"},\"thumbnailUrl\":\"https:\\\/\\\/www.e-c-o-n.de\\\/wp-de\\\/wp-content\\\/uploads\\\/2016\\\/05\\\/statik-und-tragwerksplanung-e1463897977820.jpg\",\"datePublished\":\"2016-05-22T06:03:53+00:00\",\"dateModified\":\"2017-02-24T11:43:45+00:00\",\"breadcrumb\":{\"@id\":\"https:\\\/\\\/www.e-con.de\\\/wp-de\\\/statik-tragwerksplanung\\\/#breadcrumb\"},\"inLanguage\":\"de\",\"potentialAction\":[{\"@type\":\"ReadAction\",\"target\":[\"https:\\\/\\\/www.e-con.de\\\/wp-de\\\/statik-tragwerksplanung\\\/\"]}]},{\"@type\":\"ImageObject\",\"inLanguage\":\"de\",\"@id\":\"https:\\\/\\\/www.e-con.de\\\/wp-de\\\/statik-tragwerksplanung\\\/#primaryimage\",\"url\":\"https:\\\/\\\/www.e-c-o-n.de\\\/wp-de\\\/wp-content\\\/uploads\\\/2016\\\/05\\\/statik-und-tragwerksplanung-e1463897977820.jpg\",\"contentUrl\":\"https:\\\/\\\/www.e-c-o-n.de\\\/wp-de\\\/wp-content\\\/uploads\\\/2016\\\/05\\\/statik-und-tragwerksplanung-e1463897977820.jpg\"},{\"@type\":\"BreadcrumbList\",\"@id\":\"https:\\\/\\\/www.e-con.de\\\/wp-de\\\/statik-tragwerksplanung\\\/#breadcrumb\",\"itemListElement\":[{\"@type\":\"ListItem\",\"position\":1,\"name\":\"Startseite\",\"item\":\"https:\\\/\\\/www.e-con.de\\\/wp-de\\\/\"},{\"@type\":\"ListItem\",\"position\":2,\"name\":\"Statik &#8211; Tragwerksplanung\"}]},{\"@type\":\"WebSite\",\"@id\":\"https:\\\/\\\/www.e-con.de\\\/wp-de\\\/#website\",\"url\":\"https:\\\/\\\/www.e-con.de\\\/wp-de\\\/\",\"name\":\"e-con I Die Partner f\u00fcr Energieeffizienz, Planung und Erneuerbare Energien\",\"description\":\"Die Partner f\u00fcr Energieeffizienz, Planung und Erneuerbare Energien\",\"publisher\":{\"@id\":\"https:\\\/\\\/www.e-con.de\\\/wp-de\\\/#organization\"},\"potentialAction\":[{\"@type\":\"SearchAction\",\"target\":{\"@type\":\"EntryPoint\",\"urlTemplate\":\"https:\\\/\\\/www.e-con.de\\\/wp-de\\\/?s={search_term_string}\"},\"query-input\":{\"@type\":\"PropertyValueSpecification\",\"valueRequired\":true,\"valueName\":\"search_term_string\"}}],\"inLanguage\":\"de\"},{\"@type\":\"Organization\",\"@id\":\"https:\\\/\\\/www.e-con.de\\\/wp-de\\\/#organization\",\"name\":\"e-con I Die Partner f\u00fcr Energieeffizienz, Planung und Erneuerbare Energien\",\"url\":\"https:\\\/\\\/www.e-con.de\\\/wp-de\\\/\",\"logo\":{\"@type\":\"ImageObject\",\"inLanguage\":\"de\",\"@id\":\"https:\\\/\\\/www.e-con.de\\\/wp-de\\\/#\\\/schema\\\/logo\\\/image\\\/\",\"url\":\"https:\\\/\\\/www.e-con.de\\\/wp-de\\\/wp-content\\\/uploads\\\/2016\\\/04\\\/LOGO-CAD-15102015-mit-Slogan-e1460284870722.png\",\"contentUrl\":\"https:\\\/\\\/www.e-con.de\\\/wp-de\\\/wp-content\\\/uploads\\\/2016\\\/04\\\/LOGO-CAD-15102015-mit-Slogan-e1460284870722.png\",\"width\":350,\"height\":101,\"caption\":\"e-con I Die Partner f\u00fcr Energieeffizienz, Planung und Erneuerbare Energien\"},\"image\":{\"@id\":\"https:\\\/\\\/www.e-con.de\\\/wp-de\\\/#\\\/schema\\\/logo\\\/image\\\/\"},\"sameAs\":[\"https:\\\/\\\/www.facebook.com\\\/Matthias-Sch\u00f6nhardt-1114936911891993\\\/\"]}]}<\/script>\n<!-- \/ Yoast SEO plugin. -->","yoast_head_json":{"title":"Statik - Tragwerksplanung - e-con I Die Partner f\u00fcr Energieeffizienz, Planung und Erneuerbare Energien","robots":{"index":"index","follow":"follow","max-snippet":"max-snippet:-1","max-image-preview":"max-image-preview:large","max-video-preview":"max-video-preview:-1"},"canonical":"https:\/\/www.e-con.de\/wp-de\/statik-tragwerksplanung\/","og_locale":"de_DE","og_type":"article","og_title":"Statik - Tragwerksplanung - e-con I Die Partner f\u00fcr Energieeffizienz, Planung und Erneuerbare Energien","og_description":"Intelligente Baustatik &#8211;&nbsp;wirtschaftliche Bauvorhaben Bauprojekte werden nicht nur aus architektonischer Sicht immer komplexer, sondern auch im Hinblick auf die Bauprodukte&nbsp;immer anspruchsvoller. Hintergrund f\u00fcr die Entwicklung ist nicht nur der steigende Anspruch an einen hohen Sicherheitsstandard. Sowohl die beh\u00f6rdlichen Anforderungen als auch die Belange des Geb\u00e4udeeigent\u00fcmers und der Nutzer m\u00fcssen aus baustatischer&nbsp;Sicht umfassend ber\u00fccksichtigt werden. In ... Weiterlesen ...","og_url":"https:\/\/www.e-con.de\/wp-de\/statik-tragwerksplanung\/","og_site_name":"e-con I Die Partner f\u00fcr Energieeffizienz, Planung und Erneuerbare Energien","article_publisher":"https:\/\/www.facebook.com\/Matthias-Sch%c3%b6nhardt-1114936911891993\/","article_modified_time":"2017-02-24T11:43:45+00:00","og_image":[{"url":"https:\/\/www.e-c-o-n.de\/wp-de\/wp-content\/uploads\/2016\/05\/statik-und-tragwerksplanung-e1463897977820.jpg","type":"","width":"","height":""}],"twitter_card":"summary_large_image","twitter_misc":{"Gesch\u00e4tzte Lesezeit":"1\u00a0Minute"},"schema":{"@context":"https:\/\/schema.org","@graph":[{"@type":"WebPage","@id":"https:\/\/www.e-con.de\/wp-de\/statik-tragwerksplanung\/","url":"https:\/\/www.e-con.de\/wp-de\/statik-tragwerksplanung\/","name":"Statik - Tragwerksplanung - e-con I Die Partner f\u00fcr Energieeffizienz, Planung und Erneuerbare Energien","isPartOf":{"@id":"https:\/\/www.e-con.de\/wp-de\/#website"},"primaryImageOfPage":{"@id":"https:\/\/www.e-con.de\/wp-de\/statik-tragwerksplanung\/#primaryimage"},"image":{"@id":"https:\/\/www.e-con.de\/wp-de\/statik-tragwerksplanung\/#primaryimage"},"thumbnailUrl":"https:\/\/www.e-c-o-n.de\/wp-de\/wp-content\/uploads\/2016\/05\/statik-und-tragwerksplanung-e1463897977820.jpg","datePublished":"2016-05-22T06:03:53+00:00","dateModified":"2017-02-24T11:43:45+00:00","breadcrumb":{"@id":"https:\/\/www.e-con.de\/wp-de\/statik-tragwerksplanung\/#breadcrumb"},"inLanguage":"de","potentialAction":[{"@type":"ReadAction","target":["https:\/\/www.e-con.de\/wp-de\/statik-tragwerksplanung\/"]}]},{"@type":"ImageObject","inLanguage":"de","@id":"https:\/\/www.e-con.de\/wp-de\/statik-tragwerksplanung\/#primaryimage","url":"https:\/\/www.e-c-o-n.de\/wp-de\/wp-content\/uploads\/2016\/05\/statik-und-tragwerksplanung-e1463897977820.jpg","contentUrl":"https:\/\/www.e-c-o-n.de\/wp-de\/wp-content\/uploads\/2016\/05\/statik-und-tragwerksplanung-e1463897977820.jpg"},{"@type":"BreadcrumbList","@id":"https:\/\/www.e-con.de\/wp-de\/statik-tragwerksplanung\/#breadcrumb","itemListElement":[{"@type":"ListItem","position":1,"name":"Startseite","item":"https:\/\/www.e-con.de\/wp-de\/"},{"@type":"ListItem","position":2,"name":"Statik &#8211; Tragwerksplanung"}]},{"@type":"WebSite","@id":"https:\/\/www.e-con.de\/wp-de\/#website","url":"https:\/\/www.e-con.de\/wp-de\/","name":"e-con I Die Partner f\u00fcr Energieeffizienz, Planung und Erneuerbare Energien","description":"Die Partner f\u00fcr Energieeffizienz, Planung und Erneuerbare Energien","publisher":{"@id":"https:\/\/www.e-con.de\/wp-de\/#organization"},"potentialAction":[{"@type":"SearchAction","target":{"@type":"EntryPoint","urlTemplate":"https:\/\/www.e-con.de\/wp-de\/?s={search_term_string}"},"query-input":{"@type":"PropertyValueSpecification","valueRequired":true,"valueName":"search_term_string"}}],"inLanguage":"de"},{"@type":"Organization","@id":"https:\/\/www.e-con.de\/wp-de\/#organization","name":"e-con I Die Partner f\u00fcr Energieeffizienz, Planung und Erneuerbare Energien","url":"https:\/\/www.e-con.de\/wp-de\/","logo":{"@type":"ImageObject","inLanguage":"de","@id":"https:\/\/www.e-con.de\/wp-de\/#\/schema\/logo\/image\/","url":"https:\/\/www.e-con.de\/wp-de\/wp-content\/uploads\/2016\/04\/LOGO-CAD-15102015-mit-Slogan-e1460284870722.png","contentUrl":"https:\/\/www.e-con.de\/wp-de\/wp-content\/uploads\/2016\/04\/LOGO-CAD-15102015-mit-Slogan-e1460284870722.png","width":350,"height":101,"caption":"e-con I Die Partner f\u00fcr Energieeffizienz, Planung und Erneuerbare Energien"},"image":{"@id":"https:\/\/www.e-con.de\/wp-de\/#\/schema\/logo\/image\/"},"sameAs":["https:\/\/www.facebook.com\/Matthias-Sch\u00f6nhardt-1114936911891993\/"]}]}},"_links":{"self":[{"href":"https:\/\/www.e-con.de\/wp-de\/wp-json\/wp\/v2\/pages\/459","targetHints":{"allow":["GET"]}}],"collection":[{"href":"https:\/\/www.e-con.de\/wp-de\/wp-json\/wp\/v2\/pages"}],"about":[{"href":"https:\/\/www.e-con.de\/wp-de\/wp-json\/wp\/v2\/types\/page"}],"author":[{"embeddable":true,"href":"https:\/\/www.e-con.de\/wp-de\/wp-json\/wp\/v2\/users\/1"}],"replies":[{"embeddable":true,"href":"https:\/\/www.e-con.de\/wp-de\/wp-json\/wp\/v2\/comments?post=459"}],"version-history":[{"count":10,"href":"https:\/\/www.e-con.de\/wp-de\/wp-json\/wp\/v2\/pages\/459\/revisions"}],"predecessor-version":[{"id":1954,"href":"https:\/\/www.e-con.de\/wp-de\/wp-json\/wp\/v2\/pages\/459\/revisions\/1954"}],"wp:attachment":[{"href":"https:\/\/www.e-con.de\/wp-de\/wp-json\/wp\/v2\/media?parent=459"}],"curies":[{"name":"wp","href":"https:\/\/api.w.org\/{rel}","templated":true}]}}