{"id":440,"date":"2016-05-21T07:38:07","date_gmt":"2016-05-21T05:38:07","guid":{"rendered":"http:\/\/www.e-c-o-n.de\/wp-de\/?page_id=440"},"modified":"2016-08-17T10:41:11","modified_gmt":"2016-08-17T08:41:11","slug":"brandschutz","status":"publish","type":"page","link":"https:\/\/www.e-con.de\/wp-de\/brandschutz\/","title":{"rendered":"Brandschutz"},"content":{"rendered":"<p><img loading=\"lazy\" decoding=\"async\" class=\"alignnone wp-image-444 size-full\" title=\"Sachverst\u00e4ndige vorbeugender Brandschutz\" src=\"https:\/\/www.e-c-o-n.de\/wp-de\/wp-content\/uploads\/2016\/05\/Brandschutz_Titel.png\" alt=\"Vorbeugender Brandschutz - Brandschutzkonzept\" width=\"1701\" height=\"397\" srcset=\"https:\/\/www.e-con.de\/wp-de\/wp-content\/uploads\/2016\/05\/Brandschutz_Titel.png 1701w, https:\/\/www.e-con.de\/wp-de\/wp-content\/uploads\/2016\/05\/Brandschutz_Titel-300x70.png 300w, https:\/\/www.e-con.de\/wp-de\/wp-content\/uploads\/2016\/05\/Brandschutz_Titel-768x179.png 768w, https:\/\/www.e-con.de\/wp-de\/wp-content\/uploads\/2016\/05\/Brandschutz_Titel-1024x239.png 1024w\" sizes=\"auto, (max-width: 1701px) 100vw, 1701px\" \/><\/p>\n<h2>Sicherheit durch vorbeugenden und abwehrenden Brandschutz<\/h2>\n<p>Bauprojekte werden nicht nur aus architektonischer Sicht immer komplexer, sondern auch im Hinblick auf die technische Ausstattung immer anspruchsvoller. Hintergrund f\u00fcr die Entwicklung ist nicht nur der steigende Anspruch an einen hohen Sicherheitsstandard. Sowohl die beh\u00f6rdlichen Anforderungen als auch die Belange des Geb\u00e4udeeigent\u00fcmers und der Nutzer m\u00fcssen aus brandschutztechnischer Sicht umfassend ber\u00fccksichtigt werden. In den verschiedenen Lebensphasen, von der Entwicklung und Realisierung \u00fcber den Betrieb bis hin zu Transaktionen spielt der vorbeugende Brandschutz eine elementare Rolle.<\/p>\n<p class=\"bodytext\">Vorbeugender Brandschutz\u00a0ist eine\u00a0anspruchsvolle Aufgabe\u00a0f\u00fcr Planer, Pr\u00fcfer, Fachbauleiter, Ausf\u00fchrende \u2013 die in den letzten Jahren enorm an Bedeutung gewonnen hat. Unsere Sachverst\u00e4ndige sind gepr\u00fcft durch das <a href=\"http:\/\/www.eipos.de\">europ\u00e4ische Institut &#8211; EIPOS<\/a>. Mit der Zertifizierung ist sind stetige qualifizierende Weiterbildungen\u00a0verbunden, um auch zuk\u00fcnftig individuelle und wirtschaftliche Brandschutzl\u00f6sungen zu finden sowie im Ver\u00e4nderungsmarathon der Gesetze und Normen nicht den Anschluss zu verlieren.<\/p>\n<div id=\"leistungsumfang\" class=\"mod_article block\">\n<div class=\"ce_text block\">\n<pre><strong>Sachverst\u00e4ndigenleistungen im vorbeugenden Brandschutz<\/strong><\/pre>\n<ul>\n<li>Brandschutznachweise f\u00fcr den Neubau, Umbau und Modernisierung f\u00fcr Wohn- und Gewerbegeb\u00e4ude (keine Sonderbauten)<\/li>\n<li>Brandschutzkonzepte zum baulichen Brandschutz f\u00fcr Sonderbauten<\/li>\n<li>Brand- und Rauchgassimulationsberechnungen<\/li>\n<li>Brandlastermittlung nach DIN 18 230 &#8211; 1<\/li>\n<li>Rettungswegkonzepte<\/li>\n<li>Konzepte zur L\u00f6schwasserr\u00fcckhaltung<\/li>\n<li>Beratung zu brandschutztechnischen Sonder- und Detaill\u00f6sungen<\/li>\n<li>qualit\u00e4tssichernde Baubegleitung\/-\u00fcberwachung<\/li>\n<li>Feuerwehr- und Rettungswegpl\u00e4ne nach DIN 14 095 und DIN 4844 &#8211; 3<\/li>\n<li>Brandschutzordnungen nach DIN 14 096<\/li>\n<li>Erstellung von Brandschutzbedarfspl\u00e4nen<\/li>\n<li>Erstellung von Explosionsschutzdokumenten nach \u00a7 6 BetrSichV<\/li>\n<\/ul>\n<pre><strong>In Zusammenarbeit mit kompetenten Partnern bieten wir Ihnen u. a. weiterhin an<\/strong><\/pre>\n<ul>\n<li>Ermittlung der Baustoffklassen durch Brandpr\u00fcfungen nach DIN 4102 Teil 1<\/li>\n<li>Bauteilpr\u00fcfungen<\/li>\n<\/ul>\n<\/div>\n<\/div>\n<div class=\"clearer\">\n<p>Zusammen mit unseren <a href=\"https:\/\/www.e-c-o-n.de\/wp-de\/bauplanung\/\">Dienstleistungen<\/a>\u00a0sind wir in der Lage, Ihre Immobilien in jeder Phase des Lebenszyklus zu betreuen Es gelingt uns im Spannungsfeld zwischen berechtigten Bauherreninteressen, beh\u00f6rdlichen Auflagen und erforderlichen Brandschutzbelangen t\u00e4glich komplexe L\u00f6sungen zu erarbeiten. Kein Bauvorhaben gleicht dem anderen, folglich muss auch stets das Brandschutzkonzept eine individuelle Antwort auf objektspezifische Fragestellungen sein.<\/p>\n<\/div>\n<div id=\"breadcrumbcontainer\"><\/div>\n","protected":false},"excerpt":{"rendered":"<p>Sicherheit durch vorbeugenden und abwehrenden Brandschutz Bauprojekte werden nicht nur aus architektonischer Sicht immer komplexer, sondern auch im Hinblick auf die technische Ausstattung immer anspruchsvoller. Hintergrund f\u00fcr die Entwicklung ist nicht nur der steigende Anspruch an einen hohen Sicherheitsstandard. Sowohl die beh\u00f6rdlichen Anforderungen als auch die Belange des Geb\u00e4udeeigent\u00fcmers und der Nutzer m\u00fcssen aus brandschutztechnischer &#8230; <a title=\"Brandschutz\" class=\"read-more\" href=\"https:\/\/www.e-con.de\/wp-de\/brandschutz\/\" aria-label=\"Mehr Informationen \u00fcber Brandschutz\">Weiterlesen &#8230;<\/a><\/p>\n","protected":false},"author":1,"featured_media":0,"parent":0,"menu_order":24,"comment_status":"closed","ping_status":"closed","template":"","meta":{"ngg_post_thumbnail":0,"generate_page_header":"","footnotes":""},"class_list":["post-440","page","type-page","status-publish"],"yoast_head":"<!-- This site is optimized with the Yoast SEO plugin v27.4 - https:\/\/yoast.com\/product\/yoast-seo-wordpress\/ -->\n<title>Brandschutz - e-con I Die Partner f\u00fcr Energieeffizienz, Planung und Erneuerbare Energien<\/title>\n<meta name=\"description\" content=\"Sicherheit durch vorbeugenden und abwehrenden Brandschutz mit Hinblick auf die stetige komplexere technische Geb\u00e4udeausstattung ist unser Fachgebiet.\" \/>\n<meta name=\"robots\" content=\"index, follow, max-snippet:-1, max-image-preview:large, max-video-preview:-1\" \/>\n<link rel=\"canonical\" href=\"https:\/\/www.e-con.de\/wp-de\/brandschutz\/\" \/>\n<meta property=\"og:locale\" content=\"de_DE\" \/>\n<meta property=\"og:type\" content=\"article\" \/>\n<meta property=\"og:title\" content=\"Brandschutz - e-con I Die Partner f\u00fcr Energieeffizienz, Planung und Erneuerbare Energien\" \/>\n<meta property=\"og:description\" content=\"Sicherheit durch vorbeugenden und abwehrenden Brandschutz mit Hinblick auf die stetige komplexere technische Geb\u00e4udeausstattung ist unser Fachgebiet.\" \/>\n<meta property=\"og:url\" content=\"https:\/\/www.e-con.de\/wp-de\/brandschutz\/\" \/>\n<meta property=\"og:site_name\" content=\"e-con I Die Partner f\u00fcr Energieeffizienz, Planung und Erneuerbare Energien\" \/>\n<meta property=\"article:publisher\" content=\"https:\/\/www.facebook.com\/Matthias-Sch%c3%b6nhardt-1114936911891993\/\" \/>\n<meta property=\"article:modified_time\" content=\"2016-08-17T08:41:11+00:00\" \/>\n<meta property=\"og:image\" content=\"https:\/\/www.e-c-o-n.de\/wp-de\/wp-content\/uploads\/2016\/05\/Brandschutz_Titel.png\" \/>\n<meta name=\"twitter:card\" content=\"summary_large_image\" \/>\n<meta name=\"twitter:label1\" content=\"Gesch\u00e4tzte Lesezeit\" \/>\n\t<meta name=\"twitter:data1\" content=\"2\u00a0Minuten\" \/>\n<script type=\"application\/ld+json\" class=\"yoast-schema-graph\">{\"@context\":\"https:\\\/\\\/schema.org\",\"@graph\":[{\"@type\":\"WebPage\",\"@id\":\"https:\\\/\\\/www.e-con.de\\\/wp-de\\\/brandschutz\\\/\",\"url\":\"https:\\\/\\\/www.e-con.de\\\/wp-de\\\/brandschutz\\\/\",\"name\":\"Brandschutz - e-con I Die Partner f\u00fcr Energieeffizienz, Planung und Erneuerbare Energien\",\"isPartOf\":{\"@id\":\"https:\\\/\\\/www.e-con.de\\\/wp-de\\\/#website\"},\"primaryImageOfPage\":{\"@id\":\"https:\\\/\\\/www.e-con.de\\\/wp-de\\\/brandschutz\\\/#primaryimage\"},\"image\":{\"@id\":\"https:\\\/\\\/www.e-con.de\\\/wp-de\\\/brandschutz\\\/#primaryimage\"},\"thumbnailUrl\":\"https:\\\/\\\/www.e-c-o-n.de\\\/wp-de\\\/wp-content\\\/uploads\\\/2016\\\/05\\\/Brandschutz_Titel.png\",\"datePublished\":\"2016-05-21T05:38:07+00:00\",\"dateModified\":\"2016-08-17T08:41:11+00:00\",\"description\":\"Sicherheit durch vorbeugenden und abwehrenden Brandschutz mit Hinblick auf die stetige komplexere technische Geb\u00e4udeausstattung ist unser Fachgebiet.\",\"breadcrumb\":{\"@id\":\"https:\\\/\\\/www.e-con.de\\\/wp-de\\\/brandschutz\\\/#breadcrumb\"},\"inLanguage\":\"de\",\"potentialAction\":[{\"@type\":\"ReadAction\",\"target\":[\"https:\\\/\\\/www.e-con.de\\\/wp-de\\\/brandschutz\\\/\"]}]},{\"@type\":\"ImageObject\",\"inLanguage\":\"de\",\"@id\":\"https:\\\/\\\/www.e-con.de\\\/wp-de\\\/brandschutz\\\/#primaryimage\",\"url\":\"https:\\\/\\\/www.e-c-o-n.de\\\/wp-de\\\/wp-content\\\/uploads\\\/2016\\\/05\\\/Brandschutz_Titel.png\",\"contentUrl\":\"https:\\\/\\\/www.e-c-o-n.de\\\/wp-de\\\/wp-content\\\/uploads\\\/2016\\\/05\\\/Brandschutz_Titel.png\"},{\"@type\":\"BreadcrumbList\",\"@id\":\"https:\\\/\\\/www.e-con.de\\\/wp-de\\\/brandschutz\\\/#breadcrumb\",\"itemListElement\":[{\"@type\":\"ListItem\",\"position\":1,\"name\":\"Startseite\",\"item\":\"https:\\\/\\\/www.e-con.de\\\/wp-de\\\/\"},{\"@type\":\"ListItem\",\"position\":2,\"name\":\"Brandschutz\"}]},{\"@type\":\"WebSite\",\"@id\":\"https:\\\/\\\/www.e-con.de\\\/wp-de\\\/#website\",\"url\":\"https:\\\/\\\/www.e-con.de\\\/wp-de\\\/\",\"name\":\"e-con I Die Partner f\u00fcr Energieeffizienz, Planung und Erneuerbare Energien\",\"description\":\"Die Partner f\u00fcr Energieeffizienz, Planung und Erneuerbare Energien\",\"publisher\":{\"@id\":\"https:\\\/\\\/www.e-con.de\\\/wp-de\\\/#organization\"},\"potentialAction\":[{\"@type\":\"SearchAction\",\"target\":{\"@type\":\"EntryPoint\",\"urlTemplate\":\"https:\\\/\\\/www.e-con.de\\\/wp-de\\\/?s={search_term_string}\"},\"query-input\":{\"@type\":\"PropertyValueSpecification\",\"valueRequired\":true,\"valueName\":\"search_term_string\"}}],\"inLanguage\":\"de\"},{\"@type\":\"Organization\",\"@id\":\"https:\\\/\\\/www.e-con.de\\\/wp-de\\\/#organization\",\"name\":\"e-con I Die Partner f\u00fcr Energieeffizienz, Planung und Erneuerbare Energien\",\"url\":\"https:\\\/\\\/www.e-con.de\\\/wp-de\\\/\",\"logo\":{\"@type\":\"ImageObject\",\"inLanguage\":\"de\",\"@id\":\"https:\\\/\\\/www.e-con.de\\\/wp-de\\\/#\\\/schema\\\/logo\\\/image\\\/\",\"url\":\"https:\\\/\\\/www.e-con.de\\\/wp-de\\\/wp-content\\\/uploads\\\/2016\\\/04\\\/LOGO-CAD-15102015-mit-Slogan-e1460284870722.png\",\"contentUrl\":\"https:\\\/\\\/www.e-con.de\\\/wp-de\\\/wp-content\\\/uploads\\\/2016\\\/04\\\/LOGO-CAD-15102015-mit-Slogan-e1460284870722.png\",\"width\":350,\"height\":101,\"caption\":\"e-con I Die Partner f\u00fcr Energieeffizienz, Planung und Erneuerbare Energien\"},\"image\":{\"@id\":\"https:\\\/\\\/www.e-con.de\\\/wp-de\\\/#\\\/schema\\\/logo\\\/image\\\/\"},\"sameAs\":[\"https:\\\/\\\/www.facebook.com\\\/Matthias-Sch\u00f6nhardt-1114936911891993\\\/\"]}]}<\/script>\n<!-- \/ Yoast SEO plugin. -->","yoast_head_json":{"title":"Brandschutz - e-con I Die Partner f\u00fcr Energieeffizienz, Planung und Erneuerbare Energien","description":"Sicherheit durch vorbeugenden und abwehrenden Brandschutz mit Hinblick auf die stetige komplexere technische Geb\u00e4udeausstattung ist unser Fachgebiet.","robots":{"index":"index","follow":"follow","max-snippet":"max-snippet:-1","max-image-preview":"max-image-preview:large","max-video-preview":"max-video-preview:-1"},"canonical":"https:\/\/www.e-con.de\/wp-de\/brandschutz\/","og_locale":"de_DE","og_type":"article","og_title":"Brandschutz - e-con I Die Partner f\u00fcr Energieeffizienz, Planung und Erneuerbare Energien","og_description":"Sicherheit durch vorbeugenden und abwehrenden Brandschutz mit Hinblick auf die stetige komplexere technische Geb\u00e4udeausstattung ist unser Fachgebiet.","og_url":"https:\/\/www.e-con.de\/wp-de\/brandschutz\/","og_site_name":"e-con I Die Partner f\u00fcr Energieeffizienz, Planung und Erneuerbare Energien","article_publisher":"https:\/\/www.facebook.com\/Matthias-Sch%c3%b6nhardt-1114936911891993\/","article_modified_time":"2016-08-17T08:41:11+00:00","og_image":[{"url":"https:\/\/www.e-c-o-n.de\/wp-de\/wp-content\/uploads\/2016\/05\/Brandschutz_Titel.png","type":"","width":"","height":""}],"twitter_card":"summary_large_image","twitter_misc":{"Gesch\u00e4tzte Lesezeit":"2\u00a0Minuten"},"schema":{"@context":"https:\/\/schema.org","@graph":[{"@type":"WebPage","@id":"https:\/\/www.e-con.de\/wp-de\/brandschutz\/","url":"https:\/\/www.e-con.de\/wp-de\/brandschutz\/","name":"Brandschutz - e-con I Die Partner f\u00fcr Energieeffizienz, Planung und Erneuerbare Energien","isPartOf":{"@id":"https:\/\/www.e-con.de\/wp-de\/#website"},"primaryImageOfPage":{"@id":"https:\/\/www.e-con.de\/wp-de\/brandschutz\/#primaryimage"},"image":{"@id":"https:\/\/www.e-con.de\/wp-de\/brandschutz\/#primaryimage"},"thumbnailUrl":"https:\/\/www.e-c-o-n.de\/wp-de\/wp-content\/uploads\/2016\/05\/Brandschutz_Titel.png","datePublished":"2016-05-21T05:38:07+00:00","dateModified":"2016-08-17T08:41:11+00:00","description":"Sicherheit durch vorbeugenden und abwehrenden Brandschutz mit Hinblick auf die stetige komplexere technische Geb\u00e4udeausstattung ist unser Fachgebiet.","breadcrumb":{"@id":"https:\/\/www.e-con.de\/wp-de\/brandschutz\/#breadcrumb"},"inLanguage":"de","potentialAction":[{"@type":"ReadAction","target":["https:\/\/www.e-con.de\/wp-de\/brandschutz\/"]}]},{"@type":"ImageObject","inLanguage":"de","@id":"https:\/\/www.e-con.de\/wp-de\/brandschutz\/#primaryimage","url":"https:\/\/www.e-c-o-n.de\/wp-de\/wp-content\/uploads\/2016\/05\/Brandschutz_Titel.png","contentUrl":"https:\/\/www.e-c-o-n.de\/wp-de\/wp-content\/uploads\/2016\/05\/Brandschutz_Titel.png"},{"@type":"BreadcrumbList","@id":"https:\/\/www.e-con.de\/wp-de\/brandschutz\/#breadcrumb","itemListElement":[{"@type":"ListItem","position":1,"name":"Startseite","item":"https:\/\/www.e-con.de\/wp-de\/"},{"@type":"ListItem","position":2,"name":"Brandschutz"}]},{"@type":"WebSite","@id":"https:\/\/www.e-con.de\/wp-de\/#website","url":"https:\/\/www.e-con.de\/wp-de\/","name":"e-con I Die Partner f\u00fcr Energieeffizienz, Planung und Erneuerbare Energien","description":"Die Partner f\u00fcr Energieeffizienz, Planung und Erneuerbare Energien","publisher":{"@id":"https:\/\/www.e-con.de\/wp-de\/#organization"},"potentialAction":[{"@type":"SearchAction","target":{"@type":"EntryPoint","urlTemplate":"https:\/\/www.e-con.de\/wp-de\/?s={search_term_string}"},"query-input":{"@type":"PropertyValueSpecification","valueRequired":true,"valueName":"search_term_string"}}],"inLanguage":"de"},{"@type":"Organization","@id":"https:\/\/www.e-con.de\/wp-de\/#organization","name":"e-con I Die Partner f\u00fcr Energieeffizienz, Planung und Erneuerbare Energien","url":"https:\/\/www.e-con.de\/wp-de\/","logo":{"@type":"ImageObject","inLanguage":"de","@id":"https:\/\/www.e-con.de\/wp-de\/#\/schema\/logo\/image\/","url":"https:\/\/www.e-con.de\/wp-de\/wp-content\/uploads\/2016\/04\/LOGO-CAD-15102015-mit-Slogan-e1460284870722.png","contentUrl":"https:\/\/www.e-con.de\/wp-de\/wp-content\/uploads\/2016\/04\/LOGO-CAD-15102015-mit-Slogan-e1460284870722.png","width":350,"height":101,"caption":"e-con I Die Partner f\u00fcr Energieeffizienz, Planung und Erneuerbare Energien"},"image":{"@id":"https:\/\/www.e-con.de\/wp-de\/#\/schema\/logo\/image\/"},"sameAs":["https:\/\/www.facebook.com\/Matthias-Sch\u00f6nhardt-1114936911891993\/"]}]}},"_links":{"self":[{"href":"https:\/\/www.e-con.de\/wp-de\/wp-json\/wp\/v2\/pages\/440","targetHints":{"allow":["GET"]}}],"collection":[{"href":"https:\/\/www.e-con.de\/wp-de\/wp-json\/wp\/v2\/pages"}],"about":[{"href":"https:\/\/www.e-con.de\/wp-de\/wp-json\/wp\/v2\/types\/page"}],"author":[{"embeddable":true,"href":"https:\/\/www.e-con.de\/wp-de\/wp-json\/wp\/v2\/users\/1"}],"replies":[{"embeddable":true,"href":"https:\/\/www.e-con.de\/wp-de\/wp-json\/wp\/v2\/comments?post=440"}],"version-history":[{"count":15,"href":"https:\/\/www.e-con.de\/wp-de\/wp-json\/wp\/v2\/pages\/440\/revisions"}],"predecessor-version":[{"id":458,"href":"https:\/\/www.e-con.de\/wp-de\/wp-json\/wp\/v2\/pages\/440\/revisions\/458"}],"wp:attachment":[{"href":"https:\/\/www.e-con.de\/wp-de\/wp-json\/wp\/v2\/media?parent=440"}],"curies":[{"name":"wp","href":"https:\/\/api.w.org\/{rel}","templated":true}]}}