{"id":234,"date":"2016-04-25T14:15:30","date_gmt":"2016-04-25T12:15:30","guid":{"rendered":"http:\/\/www.e-c-o-n.de\/wp-de\/?page_id=234"},"modified":"2016-08-17T10:40:43","modified_gmt":"2016-08-17T08:40:43","slug":"eco-solaranlage","status":"publish","type":"page","link":"https:\/\/www.e-con.de\/wp-de\/eco-solaranlage\/","title":{"rendered":"Eco &#8211; Solaranlage"},"content":{"rendered":"<p><img loading=\"lazy\" decoding=\"async\" class=\"alignnone wp-image-239 size-full\" src=\"https:\/\/www.e-c-o-n.de\/wp-de\/wp-content\/uploads\/2016\/04\/Eco-Solar-1.jpg\" alt=\"Eco - Solar - 1\" width=\"2331\" height=\"1272\" srcset=\"https:\/\/www.e-con.de\/wp-de\/wp-content\/uploads\/2016\/04\/Eco-Solar-1.jpg 2331w, https:\/\/www.e-con.de\/wp-de\/wp-content\/uploads\/2016\/04\/Eco-Solar-1-300x164.jpg 300w, https:\/\/www.e-con.de\/wp-de\/wp-content\/uploads\/2016\/04\/Eco-Solar-1-768x419.jpg 768w, https:\/\/www.e-con.de\/wp-de\/wp-content\/uploads\/2016\/04\/Eco-Solar-1-1024x559.jpg 1024w\" sizes=\"auto, (max-width: 2331px) 100vw, 2331px\" \/><\/p>\n<h3><span style=\"font-size: 16px;\">Planung, Montage,\u00a0Service \u2013 alles Details um die Sie sich bei einer Solaranlage von e-con nicht k\u00fcmmern m\u00fcssen.<\/span><\/h3>\n<p><span style=\"font-size: 16px;\">Schritt 1:\u00a0Nach Kontaktaufnahme mit uns vereinbaren wir eine Vor-Ort Termin.\u00a0Wir erl\u00e4utern\u00a0Ihnen \u2013 entweder in einer Online-Beratung oder direkt bei Ihnen zuhause \u2013 die Vorteile, eine Solaranlage. Weiterhin pr\u00fcft wir parallel Dach, Leistungsf\u00fchrung, Z\u00e4hlerschrank und weitere Details und halten\u00a0diese fotografisch fest.<\/span><\/p>\n<p>Schritt 2:\u00a0Sie erhalten von uns einen Energiebericht und ein unverbindliches Angebot f\u00fcr Ihre eigene Solaranlage auf Ihrem Geb\u00e4ude.<\/p>\n<p>Schritt 3:\u00a0Sind alle Fragen gekl\u00e4rt, unterzeichnen Sie mit\u00a0e-con den Kaufvertrag.<\/p>\n<p>Schritt 4: Wir installieren die Solaranlage und weisen Sie in die Bedienung ein.<\/p>\n<p>Schritt 5:\u00a0Die Solaranlage wird beim \u00f6rtlichen Energieversorgungsunternehmen (EVU) fertig gemeldet und an das \u00f6ffentliche Netz angeschlossen.<\/p>\n<p>Schritt 6: Sie nutzen Ihren eigenen g\u00fcnstigen Solarstrom anstatt den teuren Strom vom Energieversorger. Den nicht genutzten Solarstrom verkaufen Sie an den Energieversorger zu den Bedingungen des jeweils g\u00fcltigen Erneuerbaren Energien Gesetzes (EEG).<\/p>\n<p>&nbsp;<\/p>\n<p>&nbsp;<\/p>\n<p>&nbsp;<\/p>\n<p>&nbsp;<\/p>\n","protected":false},"excerpt":{"rendered":"<p>Planung, Montage,\u00a0Service \u2013 alles Details um die Sie sich bei einer Solaranlage von e-con nicht k\u00fcmmern m\u00fcssen. Schritt 1:\u00a0Nach Kontaktaufnahme mit uns vereinbaren wir eine Vor-Ort Termin.\u00a0Wir erl\u00e4utern\u00a0Ihnen \u2013 entweder in einer Online-Beratung oder direkt bei Ihnen zuhause \u2013 die Vorteile, eine Solaranlage. Weiterhin pr\u00fcft wir parallel Dach, Leistungsf\u00fchrung, Z\u00e4hlerschrank und weitere Details und halten\u00a0diese &#8230; <a title=\"Eco &#8211; Solaranlage\" class=\"read-more\" href=\"https:\/\/www.e-con.de\/wp-de\/eco-solaranlage\/\" aria-label=\"Mehr Informationen \u00fcber Eco &#8211; Solaranlage\">Weiterlesen &#8230;<\/a><\/p>\n","protected":false},"author":1,"featured_media":0,"parent":0,"menu_order":16,"comment_status":"closed","ping_status":"closed","template":"","meta":{"ngg_post_thumbnail":0,"generate_page_header":"","footnotes":""},"class_list":["post-234","page","type-page","status-publish"],"yoast_head":"<!-- This site is optimized with the Yoast SEO plugin v27.4 - https:\/\/yoast.com\/product\/yoast-seo-wordpress\/ -->\n<title>Eco - Solaranlage - e-con I Die Partner f\u00fcr Energieeffizienz, Planung und Erneuerbare Energien<\/title>\n<meta name=\"robots\" content=\"index, follow, max-snippet:-1, max-image-preview:large, max-video-preview:-1\" \/>\n<link rel=\"canonical\" href=\"https:\/\/www.e-con.de\/wp-de\/eco-solaranlage\/\" \/>\n<meta property=\"og:locale\" content=\"de_DE\" \/>\n<meta property=\"og:type\" content=\"article\" \/>\n<meta property=\"og:title\" content=\"Eco - Solaranlage - e-con I Die Partner f\u00fcr Energieeffizienz, Planung und Erneuerbare Energien\" \/>\n<meta property=\"og:description\" content=\"Planung, Montage,\u00a0Service \u2013 alles Details um die Sie sich bei einer Solaranlage von e-con nicht k\u00fcmmern m\u00fcssen. Schritt 1:\u00a0Nach Kontaktaufnahme mit uns vereinbaren wir eine Vor-Ort Termin.\u00a0Wir erl\u00e4utern\u00a0Ihnen \u2013 entweder in einer Online-Beratung oder direkt bei Ihnen zuhause \u2013 die Vorteile, eine Solaranlage. Weiterhin pr\u00fcft wir parallel Dach, Leistungsf\u00fchrung, Z\u00e4hlerschrank und weitere Details und halten\u00a0diese ... Weiterlesen ...\" \/>\n<meta property=\"og:url\" content=\"https:\/\/www.e-con.de\/wp-de\/eco-solaranlage\/\" \/>\n<meta property=\"og:site_name\" content=\"e-con I Die Partner f\u00fcr Energieeffizienz, Planung und Erneuerbare Energien\" \/>\n<meta property=\"article:publisher\" content=\"https:\/\/www.facebook.com\/Matthias-Sch%c3%b6nhardt-1114936911891993\/\" \/>\n<meta property=\"article:modified_time\" content=\"2016-08-17T08:40:43+00:00\" \/>\n<meta property=\"og:image\" content=\"https:\/\/www.e-c-o-n.de\/wp-de\/wp-content\/uploads\/2016\/04\/Eco-Solar-1.jpg\" \/>\n<meta name=\"twitter:card\" content=\"summary_large_image\" \/>\n<meta name=\"twitter:label1\" content=\"Gesch\u00e4tzte Lesezeit\" \/>\n\t<meta name=\"twitter:data1\" content=\"1\u00a0Minute\" \/>\n<script type=\"application\/ld+json\" class=\"yoast-schema-graph\">{\"@context\":\"https:\\\/\\\/schema.org\",\"@graph\":[{\"@type\":\"WebPage\",\"@id\":\"https:\\\/\\\/www.e-con.de\\\/wp-de\\\/eco-solaranlage\\\/\",\"url\":\"https:\\\/\\\/www.e-con.de\\\/wp-de\\\/eco-solaranlage\\\/\",\"name\":\"Eco - Solaranlage - e-con I Die Partner f\u00fcr Energieeffizienz, Planung und Erneuerbare Energien\",\"isPartOf\":{\"@id\":\"https:\\\/\\\/www.e-con.de\\\/wp-de\\\/#website\"},\"primaryImageOfPage\":{\"@id\":\"https:\\\/\\\/www.e-con.de\\\/wp-de\\\/eco-solaranlage\\\/#primaryimage\"},\"image\":{\"@id\":\"https:\\\/\\\/www.e-con.de\\\/wp-de\\\/eco-solaranlage\\\/#primaryimage\"},\"thumbnailUrl\":\"https:\\\/\\\/www.e-c-o-n.de\\\/wp-de\\\/wp-content\\\/uploads\\\/2016\\\/04\\\/Eco-Solar-1.jpg\",\"datePublished\":\"2016-04-25T12:15:30+00:00\",\"dateModified\":\"2016-08-17T08:40:43+00:00\",\"breadcrumb\":{\"@id\":\"https:\\\/\\\/www.e-con.de\\\/wp-de\\\/eco-solaranlage\\\/#breadcrumb\"},\"inLanguage\":\"de\",\"potentialAction\":[{\"@type\":\"ReadAction\",\"target\":[\"https:\\\/\\\/www.e-con.de\\\/wp-de\\\/eco-solaranlage\\\/\"]}]},{\"@type\":\"ImageObject\",\"inLanguage\":\"de\",\"@id\":\"https:\\\/\\\/www.e-con.de\\\/wp-de\\\/eco-solaranlage\\\/#primaryimage\",\"url\":\"https:\\\/\\\/www.e-c-o-n.de\\\/wp-de\\\/wp-content\\\/uploads\\\/2016\\\/04\\\/Eco-Solar-1.jpg\",\"contentUrl\":\"https:\\\/\\\/www.e-c-o-n.de\\\/wp-de\\\/wp-content\\\/uploads\\\/2016\\\/04\\\/Eco-Solar-1.jpg\"},{\"@type\":\"BreadcrumbList\",\"@id\":\"https:\\\/\\\/www.e-con.de\\\/wp-de\\\/eco-solaranlage\\\/#breadcrumb\",\"itemListElement\":[{\"@type\":\"ListItem\",\"position\":1,\"name\":\"Startseite\",\"item\":\"https:\\\/\\\/www.e-con.de\\\/wp-de\\\/\"},{\"@type\":\"ListItem\",\"position\":2,\"name\":\"Eco &#8211; Solaranlage\"}]},{\"@type\":\"WebSite\",\"@id\":\"https:\\\/\\\/www.e-con.de\\\/wp-de\\\/#website\",\"url\":\"https:\\\/\\\/www.e-con.de\\\/wp-de\\\/\",\"name\":\"e-con I Die Partner f\u00fcr Energieeffizienz, Planung und Erneuerbare Energien\",\"description\":\"Die Partner f\u00fcr Energieeffizienz, Planung und Erneuerbare Energien\",\"publisher\":{\"@id\":\"https:\\\/\\\/www.e-con.de\\\/wp-de\\\/#organization\"},\"potentialAction\":[{\"@type\":\"SearchAction\",\"target\":{\"@type\":\"EntryPoint\",\"urlTemplate\":\"https:\\\/\\\/www.e-con.de\\\/wp-de\\\/?s={search_term_string}\"},\"query-input\":{\"@type\":\"PropertyValueSpecification\",\"valueRequired\":true,\"valueName\":\"search_term_string\"}}],\"inLanguage\":\"de\"},{\"@type\":\"Organization\",\"@id\":\"https:\\\/\\\/www.e-con.de\\\/wp-de\\\/#organization\",\"name\":\"e-con I Die Partner f\u00fcr Energieeffizienz, Planung und Erneuerbare Energien\",\"url\":\"https:\\\/\\\/www.e-con.de\\\/wp-de\\\/\",\"logo\":{\"@type\":\"ImageObject\",\"inLanguage\":\"de\",\"@id\":\"https:\\\/\\\/www.e-con.de\\\/wp-de\\\/#\\\/schema\\\/logo\\\/image\\\/\",\"url\":\"https:\\\/\\\/www.e-con.de\\\/wp-de\\\/wp-content\\\/uploads\\\/2016\\\/04\\\/LOGO-CAD-15102015-mit-Slogan-e1460284870722.png\",\"contentUrl\":\"https:\\\/\\\/www.e-con.de\\\/wp-de\\\/wp-content\\\/uploads\\\/2016\\\/04\\\/LOGO-CAD-15102015-mit-Slogan-e1460284870722.png\",\"width\":350,\"height\":101,\"caption\":\"e-con I Die Partner f\u00fcr Energieeffizienz, Planung und Erneuerbare Energien\"},\"image\":{\"@id\":\"https:\\\/\\\/www.e-con.de\\\/wp-de\\\/#\\\/schema\\\/logo\\\/image\\\/\"},\"sameAs\":[\"https:\\\/\\\/www.facebook.com\\\/Matthias-Sch\u00f6nhardt-1114936911891993\\\/\"]}]}<\/script>\n<!-- \/ Yoast SEO plugin. -->","yoast_head_json":{"title":"Eco - Solaranlage - e-con I Die Partner f\u00fcr Energieeffizienz, Planung und Erneuerbare Energien","robots":{"index":"index","follow":"follow","max-snippet":"max-snippet:-1","max-image-preview":"max-image-preview:large","max-video-preview":"max-video-preview:-1"},"canonical":"https:\/\/www.e-con.de\/wp-de\/eco-solaranlage\/","og_locale":"de_DE","og_type":"article","og_title":"Eco - Solaranlage - e-con I Die Partner f\u00fcr Energieeffizienz, Planung und Erneuerbare Energien","og_description":"Planung, Montage,\u00a0Service \u2013 alles Details um die Sie sich bei einer Solaranlage von e-con nicht k\u00fcmmern m\u00fcssen. Schritt 1:\u00a0Nach Kontaktaufnahme mit uns vereinbaren wir eine Vor-Ort Termin.\u00a0Wir erl\u00e4utern\u00a0Ihnen \u2013 entweder in einer Online-Beratung oder direkt bei Ihnen zuhause \u2013 die Vorteile, eine Solaranlage. Weiterhin pr\u00fcft wir parallel Dach, Leistungsf\u00fchrung, Z\u00e4hlerschrank und weitere Details und halten\u00a0diese ... Weiterlesen ...","og_url":"https:\/\/www.e-con.de\/wp-de\/eco-solaranlage\/","og_site_name":"e-con I Die Partner f\u00fcr Energieeffizienz, Planung und Erneuerbare Energien","article_publisher":"https:\/\/www.facebook.com\/Matthias-Sch%c3%b6nhardt-1114936911891993\/","article_modified_time":"2016-08-17T08:40:43+00:00","og_image":[{"url":"https:\/\/www.e-c-o-n.de\/wp-de\/wp-content\/uploads\/2016\/04\/Eco-Solar-1.jpg","type":"","width":"","height":""}],"twitter_card":"summary_large_image","twitter_misc":{"Gesch\u00e4tzte Lesezeit":"1\u00a0Minute"},"schema":{"@context":"https:\/\/schema.org","@graph":[{"@type":"WebPage","@id":"https:\/\/www.e-con.de\/wp-de\/eco-solaranlage\/","url":"https:\/\/www.e-con.de\/wp-de\/eco-solaranlage\/","name":"Eco - Solaranlage - e-con I Die Partner f\u00fcr Energieeffizienz, Planung und Erneuerbare Energien","isPartOf":{"@id":"https:\/\/www.e-con.de\/wp-de\/#website"},"primaryImageOfPage":{"@id":"https:\/\/www.e-con.de\/wp-de\/eco-solaranlage\/#primaryimage"},"image":{"@id":"https:\/\/www.e-con.de\/wp-de\/eco-solaranlage\/#primaryimage"},"thumbnailUrl":"https:\/\/www.e-c-o-n.de\/wp-de\/wp-content\/uploads\/2016\/04\/Eco-Solar-1.jpg","datePublished":"2016-04-25T12:15:30+00:00","dateModified":"2016-08-17T08:40:43+00:00","breadcrumb":{"@id":"https:\/\/www.e-con.de\/wp-de\/eco-solaranlage\/#breadcrumb"},"inLanguage":"de","potentialAction":[{"@type":"ReadAction","target":["https:\/\/www.e-con.de\/wp-de\/eco-solaranlage\/"]}]},{"@type":"ImageObject","inLanguage":"de","@id":"https:\/\/www.e-con.de\/wp-de\/eco-solaranlage\/#primaryimage","url":"https:\/\/www.e-c-o-n.de\/wp-de\/wp-content\/uploads\/2016\/04\/Eco-Solar-1.jpg","contentUrl":"https:\/\/www.e-c-o-n.de\/wp-de\/wp-content\/uploads\/2016\/04\/Eco-Solar-1.jpg"},{"@type":"BreadcrumbList","@id":"https:\/\/www.e-con.de\/wp-de\/eco-solaranlage\/#breadcrumb","itemListElement":[{"@type":"ListItem","position":1,"name":"Startseite","item":"https:\/\/www.e-con.de\/wp-de\/"},{"@type":"ListItem","position":2,"name":"Eco &#8211; Solaranlage"}]},{"@type":"WebSite","@id":"https:\/\/www.e-con.de\/wp-de\/#website","url":"https:\/\/www.e-con.de\/wp-de\/","name":"e-con I Die Partner f\u00fcr Energieeffizienz, Planung und Erneuerbare Energien","description":"Die Partner f\u00fcr Energieeffizienz, Planung und Erneuerbare Energien","publisher":{"@id":"https:\/\/www.e-con.de\/wp-de\/#organization"},"potentialAction":[{"@type":"SearchAction","target":{"@type":"EntryPoint","urlTemplate":"https:\/\/www.e-con.de\/wp-de\/?s={search_term_string}"},"query-input":{"@type":"PropertyValueSpecification","valueRequired":true,"valueName":"search_term_string"}}],"inLanguage":"de"},{"@type":"Organization","@id":"https:\/\/www.e-con.de\/wp-de\/#organization","name":"e-con I Die Partner f\u00fcr Energieeffizienz, Planung und Erneuerbare Energien","url":"https:\/\/www.e-con.de\/wp-de\/","logo":{"@type":"ImageObject","inLanguage":"de","@id":"https:\/\/www.e-con.de\/wp-de\/#\/schema\/logo\/image\/","url":"https:\/\/www.e-con.de\/wp-de\/wp-content\/uploads\/2016\/04\/LOGO-CAD-15102015-mit-Slogan-e1460284870722.png","contentUrl":"https:\/\/www.e-con.de\/wp-de\/wp-content\/uploads\/2016\/04\/LOGO-CAD-15102015-mit-Slogan-e1460284870722.png","width":350,"height":101,"caption":"e-con I Die Partner f\u00fcr Energieeffizienz, Planung und Erneuerbare Energien"},"image":{"@id":"https:\/\/www.e-con.de\/wp-de\/#\/schema\/logo\/image\/"},"sameAs":["https:\/\/www.facebook.com\/Matthias-Sch\u00f6nhardt-1114936911891993\/"]}]}},"_links":{"self":[{"href":"https:\/\/www.e-con.de\/wp-de\/wp-json\/wp\/v2\/pages\/234","targetHints":{"allow":["GET"]}}],"collection":[{"href":"https:\/\/www.e-con.de\/wp-de\/wp-json\/wp\/v2\/pages"}],"about":[{"href":"https:\/\/www.e-con.de\/wp-de\/wp-json\/wp\/v2\/types\/page"}],"author":[{"embeddable":true,"href":"https:\/\/www.e-con.de\/wp-de\/wp-json\/wp\/v2\/users\/1"}],"replies":[{"embeddable":true,"href":"https:\/\/www.e-con.de\/wp-de\/wp-json\/wp\/v2\/comments?post=234"}],"version-history":[{"count":4,"href":"https:\/\/www.e-con.de\/wp-de\/wp-json\/wp\/v2\/pages\/234\/revisions"}],"predecessor-version":[{"id":242,"href":"https:\/\/www.e-con.de\/wp-de\/wp-json\/wp\/v2\/pages\/234\/revisions\/242"}],"wp:attachment":[{"href":"https:\/\/www.e-con.de\/wp-de\/wp-json\/wp\/v2\/media?parent=234"}],"curies":[{"name":"wp","href":"https:\/\/api.w.org\/{rel}","templated":true}]}}