{"id":2279,"date":"2017-09-08T17:26:33","date_gmt":"2017-09-08T15:26:33","guid":{"rendered":"http:\/\/www.e-c-o-n.de\/wp-de\/?page_id=2279"},"modified":"2021-11-01T20:07:05","modified_gmt":"2021-11-01T19:07:05","slug":"foerderberatung","status":"publish","type":"page","link":"https:\/\/www.e-con.de\/wp-de\/foerderberatung\/","title":{"rendered":"F\u00f6rderberatung"},"content":{"rendered":"\n<figure class=\"wp-block-image size-large\"><img loading=\"lazy\" decoding=\"async\" width=\"1024\" height=\"226\" src=\"https:\/\/www.e-con.de\/wp-de\/wp-content\/uploads\/2017\/09\/Shapeimage-Foerderung-1024x226.jpeg\" alt=\"F\u00f6rderprogramme des Bundes, LSA und Th\u00fcringen\" class=\"wp-image-2277\" srcset=\"https:\/\/www.e-con.de\/wp-de\/wp-content\/uploads\/2017\/09\/Shapeimage-Foerderung-1024x226.jpeg 1024w, https:\/\/www.e-con.de\/wp-de\/wp-content\/uploads\/2017\/09\/Shapeimage-Foerderung-300x66.jpeg 300w, https:\/\/www.e-con.de\/wp-de\/wp-content\/uploads\/2017\/09\/Shapeimage-Foerderung-768x170.jpeg 768w\" sizes=\"auto, (max-width: 1024px) 100vw, 1024px\" \/><figcaption>F\u00f6rderberatung I Beantragung I Abrechnung<\/figcaption><\/figure>\n\n\n\n<h2 class=\"vc_text_separator wpb_content_element separator_align_center vc_text_separator_three wp-block-heading\"><span class=\"vc_text_separator_inner\">Zusch\u00fcsse und F\u00f6rdermittel f\u00fcr Privathaushalte und Unternehmen &#8211;&nbsp;<\/span><span class=\"vc_text_separator_inner\">Welche F\u00f6rderung ist m\u00f6glich?<\/span><\/h2>\n\n\n\n<pre class=\"wp-block-preformatted\"><a href=\"https:\/\/www.e-con.de\/wp-de\/foerderberatung\/kundendaten\/\" target=\"_blank\" rel=\"noreferrer noopener\">Kunden- und Projektdatenerfassung f\u00fcr F\u00f6rdermittelantr\u00e4ge<\/a><\/pre>\n\n\n\n<p><span style=\"font-size: inherit;\">e-consult ist Ihr direkter Weg zu <\/span><strong style=\"font-size: inherit;\">staatlichen F\u00f6rderungen<\/strong><span style=\"font-size: inherit;\">. Wir sind Ihr optimaler F\u00f6rdermittelberater und unterst\u00fctzen Sie bei der Beschaffung von Liquidit\u00e4t.<\/span><\/p>\n\n\n\n<div class=\"wpb_text_column wpb_content_element \">\n<div class=\"wpb_wrapper\">\n<p>Seien es die Angebote der KfW-Bank, der BAFA, der europ\u00e4ischer Institutionen, des Bundes und\/oder der L\u00e4nder Sachsen-Anhalt und Th\u00fcringen. Die Vielfalt der Programme und die Art der F\u00f6rderung sind dabei h\u00f6chst unterschiedlich. Es gibt prim\u00e4r direkte Zusch\u00fcsse und verbilligte Kredite. Die Verwendungszwecke reichen von allgemeiner, regionaler F\u00f6rderung bis hin zu hoch spezialisierten Programmen f\u00fcr Neuentwicklungen und Kosten\u00fcbernahme von Beraterleistungen.<\/p>\n<p>Hier den \u00dcberblick zu bewahren und die optimale Art des F\u00f6rdermittels herauszufinden, ist leider nicht leicht. Auch wenn man das breite Spektrum der F\u00f6rderziele beachtet, ergibt sich schnell die Auswahl aus einem ganzen Instrumentarium an F\u00f6rderm\u00f6glichkeiten.<\/p>\n<p>Als anerkannter <strong>Energie-Eeffizienz-Experte<\/strong> des Bundes sind wir Ihr <strong>direkter Partner<\/strong> f\u00fcr F\u00f6rderprogramme des Bundes &#8211; Energieeffizient Bauen und Sanieren &#8211; Wohngeb\u00e4ude (KfW) und Energieeffizient Bauen und Sanieren &#8211; Nichtwohngeb\u00e4ude (KfW),&nbsp;Vor-Ort-Beratung (BAFA),&nbsp;Energieberatung im Mittelstand (BAFA) und Energieaudits nach dem Energiedienstleistungsgesetz (EDL-G BAFA).<\/p>\n<p>Dar\u00fcberhinaus sind wir anerkannter <strong>Berater der Investitionsbank Sachsen-Anhalt (Beraterpool)<\/strong>&nbsp;f\u00fcr das Beratungsgebiet Energie und Umwelt.<\/p>\n<p>Nutzen Sie f\u00fcr eine erste Anfrage unser Daten\u00fcbermittlungsformular. F\u00fcllen Sie bitte die Pflichtfelder aus, so dass wir eine qualifizierte Erstberatung geben k\u00f6nnen.<\/p>\n<\/div>\n<\/div>\n","protected":false},"excerpt":{"rendered":"<p>Zusch\u00fcsse und F\u00f6rdermittel f\u00fcr Privathaushalte und Unternehmen &#8211;&nbsp;Welche F\u00f6rderung ist m\u00f6glich? Kunden- und Projektdatenerfassung f\u00fcr F\u00f6rdermittelantr\u00e4ge e-consult ist Ihr direkter Weg zu staatlichen F\u00f6rderungen. Wir sind Ihr optimaler F\u00f6rdermittelberater und unterst\u00fctzen Sie bei der Beschaffung von Liquidit\u00e4t. Seien es die Angebote der KfW-Bank, der BAFA, der europ\u00e4ischer Institutionen, des Bundes und\/oder der L\u00e4nder Sachsen-Anhalt und &#8230; <a title=\"F\u00f6rderberatung\" class=\"read-more\" href=\"https:\/\/www.e-con.de\/wp-de\/foerderberatung\/\" aria-label=\"Mehr Informationen \u00fcber F\u00f6rderberatung\">Weiterlesen &#8230;<\/a><\/p>\n","protected":false},"author":1,"featured_media":0,"parent":0,"menu_order":0,"comment_status":"closed","ping_status":"closed","template":"","meta":{"ngg_post_thumbnail":0,"generate_page_header":"","footnotes":""},"class_list":["post-2279","page","type-page","status-publish"],"yoast_head":"<!-- This site is optimized with the Yoast SEO plugin v27.5 - https:\/\/yoast.com\/product\/yoast-seo-wordpress\/ -->\n<title>F\u00f6rderberatung e-con I Die Partner f\u00fcr Energieeffizienz, Planung und Erneuerbare Energien<\/title>\n<meta name=\"description\" content=\"Unsere Energieexperten beraten optimal und unterst\u00fctzen bei der Beantragung von F\u00f6rdermitteln bei KfW und BAFA.\" \/>\n<meta name=\"robots\" content=\"index, follow, max-snippet:-1, max-image-preview:large, max-video-preview:-1\" \/>\n<link rel=\"canonical\" href=\"https:\/\/www.e-con.de\/wp-de\/foerderberatung\/\" \/>\n<meta property=\"og:locale\" content=\"de_DE\" \/>\n<meta property=\"og:type\" content=\"article\" \/>\n<meta property=\"og:title\" content=\"F\u00f6rderberatung e-con I Die Partner f\u00fcr Energieeffizienz, Planung und Erneuerbare Energien\" \/>\n<meta property=\"og:description\" content=\"Unsere Energieexperten beraten optimal und unterst\u00fctzen bei der Beantragung von F\u00f6rdermitteln bei KfW und BAFA.\" \/>\n<meta property=\"og:url\" content=\"https:\/\/www.e-con.de\/wp-de\/foerderberatung\/\" \/>\n<meta property=\"og:site_name\" content=\"e-con I Die Partner f\u00fcr Energieeffizienz, Planung und Erneuerbare Energien\" \/>\n<meta property=\"article:publisher\" content=\"https:\/\/www.facebook.com\/Matthias-Sch%c3%b6nhardt-1114936911891993\/\" \/>\n<meta property=\"article:modified_time\" content=\"2021-11-01T19:07:05+00:00\" \/>\n<meta property=\"og:image\" content=\"https:\/\/www.e-con.de\/wp-de\/wp-content\/uploads\/2017\/09\/Shapeimage-Foerderung-1024x226.jpeg\" \/>\n<meta name=\"twitter:card\" content=\"summary_large_image\" \/>\n<meta name=\"twitter:label1\" content=\"Gesch\u00e4tzte Lesezeit\" \/>\n\t<meta name=\"twitter:data1\" content=\"2\u00a0Minuten\" \/>\n<script type=\"application\/ld+json\" class=\"yoast-schema-graph\">{\"@context\":\"https:\\\/\\\/schema.org\",\"@graph\":[{\"@type\":\"WebPage\",\"@id\":\"https:\\\/\\\/www.e-con.de\\\/wp-de\\\/foerderberatung\\\/\",\"url\":\"https:\\\/\\\/www.e-con.de\\\/wp-de\\\/foerderberatung\\\/\",\"name\":\"F\u00f6rderberatung e-con I Die Partner f\u00fcr Energieeffizienz, Planung und Erneuerbare Energien\",\"isPartOf\":{\"@id\":\"https:\\\/\\\/www.e-con.de\\\/wp-de\\\/#website\"},\"primaryImageOfPage\":{\"@id\":\"https:\\\/\\\/www.e-con.de\\\/wp-de\\\/foerderberatung\\\/#primaryimage\"},\"image\":{\"@id\":\"https:\\\/\\\/www.e-con.de\\\/wp-de\\\/foerderberatung\\\/#primaryimage\"},\"thumbnailUrl\":\"https:\\\/\\\/www.e-con.de\\\/wp-de\\\/wp-content\\\/uploads\\\/2017\\\/09\\\/Shapeimage-Foerderung-1024x226.jpeg\",\"datePublished\":\"2017-09-08T15:26:33+00:00\",\"dateModified\":\"2021-11-01T19:07:05+00:00\",\"description\":\"Unsere Energieexperten beraten optimal und unterst\u00fctzen bei der Beantragung von F\u00f6rdermitteln bei KfW und BAFA.\",\"breadcrumb\":{\"@id\":\"https:\\\/\\\/www.e-con.de\\\/wp-de\\\/foerderberatung\\\/#breadcrumb\"},\"inLanguage\":\"de\",\"potentialAction\":[{\"@type\":\"ReadAction\",\"target\":[\"https:\\\/\\\/www.e-con.de\\\/wp-de\\\/foerderberatung\\\/\"]}]},{\"@type\":\"ImageObject\",\"inLanguage\":\"de\",\"@id\":\"https:\\\/\\\/www.e-con.de\\\/wp-de\\\/foerderberatung\\\/#primaryimage\",\"url\":\"https:\\\/\\\/www.e-con.de\\\/wp-de\\\/wp-content\\\/uploads\\\/2017\\\/09\\\/Shapeimage-Foerderung.jpeg\",\"contentUrl\":\"https:\\\/\\\/www.e-con.de\\\/wp-de\\\/wp-content\\\/uploads\\\/2017\\\/09\\\/Shapeimage-Foerderung.jpeg\",\"width\":2267,\"height\":501,\"caption\":\"F\u00f6rderberatung I Beantragung I Abrechnung\"},{\"@type\":\"BreadcrumbList\",\"@id\":\"https:\\\/\\\/www.e-con.de\\\/wp-de\\\/foerderberatung\\\/#breadcrumb\",\"itemListElement\":[{\"@type\":\"ListItem\",\"position\":1,\"name\":\"Startseite\",\"item\":\"https:\\\/\\\/www.e-con.de\\\/wp-de\\\/\"},{\"@type\":\"ListItem\",\"position\":2,\"name\":\"F\u00f6rderberatung\"}]},{\"@type\":\"WebSite\",\"@id\":\"https:\\\/\\\/www.e-con.de\\\/wp-de\\\/#website\",\"url\":\"https:\\\/\\\/www.e-con.de\\\/wp-de\\\/\",\"name\":\"e-con I Die Partner f\u00fcr Energieeffizienz, Planung und Erneuerbare Energien\",\"description\":\"Die Partner f\u00fcr Energieeffizienz, Planung und Erneuerbare Energien\",\"publisher\":{\"@id\":\"https:\\\/\\\/www.e-con.de\\\/wp-de\\\/#organization\"},\"potentialAction\":[{\"@type\":\"SearchAction\",\"target\":{\"@type\":\"EntryPoint\",\"urlTemplate\":\"https:\\\/\\\/www.e-con.de\\\/wp-de\\\/?s={search_term_string}\"},\"query-input\":{\"@type\":\"PropertyValueSpecification\",\"valueRequired\":true,\"valueName\":\"search_term_string\"}}],\"inLanguage\":\"de\"},{\"@type\":\"Organization\",\"@id\":\"https:\\\/\\\/www.e-con.de\\\/wp-de\\\/#organization\",\"name\":\"e-con I Die Partner f\u00fcr Energieeffizienz, Planung und Erneuerbare Energien\",\"url\":\"https:\\\/\\\/www.e-con.de\\\/wp-de\\\/\",\"logo\":{\"@type\":\"ImageObject\",\"inLanguage\":\"de\",\"@id\":\"https:\\\/\\\/www.e-con.de\\\/wp-de\\\/#\\\/schema\\\/logo\\\/image\\\/\",\"url\":\"https:\\\/\\\/www.e-con.de\\\/wp-de\\\/wp-content\\\/uploads\\\/2016\\\/04\\\/LOGO-CAD-15102015-mit-Slogan-e1460284870722.png\",\"contentUrl\":\"https:\\\/\\\/www.e-con.de\\\/wp-de\\\/wp-content\\\/uploads\\\/2016\\\/04\\\/LOGO-CAD-15102015-mit-Slogan-e1460284870722.png\",\"width\":350,\"height\":101,\"caption\":\"e-con I Die Partner f\u00fcr Energieeffizienz, Planung und Erneuerbare Energien\"},\"image\":{\"@id\":\"https:\\\/\\\/www.e-con.de\\\/wp-de\\\/#\\\/schema\\\/logo\\\/image\\\/\"},\"sameAs\":[\"https:\\\/\\\/www.facebook.com\\\/Matthias-Sch\u00f6nhardt-1114936911891993\\\/\"]}]}<\/script>\n<!-- \/ Yoast SEO plugin. -->","yoast_head_json":{"title":"F\u00f6rderberatung e-con I Die Partner f\u00fcr Energieeffizienz, Planung und Erneuerbare Energien","description":"Unsere Energieexperten beraten optimal und unterst\u00fctzen bei der Beantragung von F\u00f6rdermitteln bei KfW und BAFA.","robots":{"index":"index","follow":"follow","max-snippet":"max-snippet:-1","max-image-preview":"max-image-preview:large","max-video-preview":"max-video-preview:-1"},"canonical":"https:\/\/www.e-con.de\/wp-de\/foerderberatung\/","og_locale":"de_DE","og_type":"article","og_title":"F\u00f6rderberatung e-con I Die Partner f\u00fcr Energieeffizienz, Planung und Erneuerbare Energien","og_description":"Unsere Energieexperten beraten optimal und unterst\u00fctzen bei der Beantragung von F\u00f6rdermitteln bei KfW und BAFA.","og_url":"https:\/\/www.e-con.de\/wp-de\/foerderberatung\/","og_site_name":"e-con I Die Partner f\u00fcr Energieeffizienz, Planung und Erneuerbare Energien","article_publisher":"https:\/\/www.facebook.com\/Matthias-Sch%c3%b6nhardt-1114936911891993\/","article_modified_time":"2021-11-01T19:07:05+00:00","og_image":[{"url":"https:\/\/www.e-con.de\/wp-de\/wp-content\/uploads\/2017\/09\/Shapeimage-Foerderung-1024x226.jpeg","type":"","width":"","height":""}],"twitter_card":"summary_large_image","twitter_misc":{"Gesch\u00e4tzte Lesezeit":"2\u00a0Minuten"},"schema":{"@context":"https:\/\/schema.org","@graph":[{"@type":"WebPage","@id":"https:\/\/www.e-con.de\/wp-de\/foerderberatung\/","url":"https:\/\/www.e-con.de\/wp-de\/foerderberatung\/","name":"F\u00f6rderberatung e-con I Die Partner f\u00fcr Energieeffizienz, Planung und Erneuerbare Energien","isPartOf":{"@id":"https:\/\/www.e-con.de\/wp-de\/#website"},"primaryImageOfPage":{"@id":"https:\/\/www.e-con.de\/wp-de\/foerderberatung\/#primaryimage"},"image":{"@id":"https:\/\/www.e-con.de\/wp-de\/foerderberatung\/#primaryimage"},"thumbnailUrl":"https:\/\/www.e-con.de\/wp-de\/wp-content\/uploads\/2017\/09\/Shapeimage-Foerderung-1024x226.jpeg","datePublished":"2017-09-08T15:26:33+00:00","dateModified":"2021-11-01T19:07:05+00:00","description":"Unsere Energieexperten beraten optimal und unterst\u00fctzen bei der Beantragung von F\u00f6rdermitteln bei KfW und BAFA.","breadcrumb":{"@id":"https:\/\/www.e-con.de\/wp-de\/foerderberatung\/#breadcrumb"},"inLanguage":"de","potentialAction":[{"@type":"ReadAction","target":["https:\/\/www.e-con.de\/wp-de\/foerderberatung\/"]}]},{"@type":"ImageObject","inLanguage":"de","@id":"https:\/\/www.e-con.de\/wp-de\/foerderberatung\/#primaryimage","url":"https:\/\/www.e-con.de\/wp-de\/wp-content\/uploads\/2017\/09\/Shapeimage-Foerderung.jpeg","contentUrl":"https:\/\/www.e-con.de\/wp-de\/wp-content\/uploads\/2017\/09\/Shapeimage-Foerderung.jpeg","width":2267,"height":501,"caption":"F\u00f6rderberatung I Beantragung I Abrechnung"},{"@type":"BreadcrumbList","@id":"https:\/\/www.e-con.de\/wp-de\/foerderberatung\/#breadcrumb","itemListElement":[{"@type":"ListItem","position":1,"name":"Startseite","item":"https:\/\/www.e-con.de\/wp-de\/"},{"@type":"ListItem","position":2,"name":"F\u00f6rderberatung"}]},{"@type":"WebSite","@id":"https:\/\/www.e-con.de\/wp-de\/#website","url":"https:\/\/www.e-con.de\/wp-de\/","name":"e-con I Die Partner f\u00fcr Energieeffizienz, Planung und Erneuerbare Energien","description":"Die Partner f\u00fcr Energieeffizienz, Planung und Erneuerbare Energien","publisher":{"@id":"https:\/\/www.e-con.de\/wp-de\/#organization"},"potentialAction":[{"@type":"SearchAction","target":{"@type":"EntryPoint","urlTemplate":"https:\/\/www.e-con.de\/wp-de\/?s={search_term_string}"},"query-input":{"@type":"PropertyValueSpecification","valueRequired":true,"valueName":"search_term_string"}}],"inLanguage":"de"},{"@type":"Organization","@id":"https:\/\/www.e-con.de\/wp-de\/#organization","name":"e-con I Die Partner f\u00fcr Energieeffizienz, Planung und Erneuerbare Energien","url":"https:\/\/www.e-con.de\/wp-de\/","logo":{"@type":"ImageObject","inLanguage":"de","@id":"https:\/\/www.e-con.de\/wp-de\/#\/schema\/logo\/image\/","url":"https:\/\/www.e-con.de\/wp-de\/wp-content\/uploads\/2016\/04\/LOGO-CAD-15102015-mit-Slogan-e1460284870722.png","contentUrl":"https:\/\/www.e-con.de\/wp-de\/wp-content\/uploads\/2016\/04\/LOGO-CAD-15102015-mit-Slogan-e1460284870722.png","width":350,"height":101,"caption":"e-con I Die Partner f\u00fcr Energieeffizienz, Planung und Erneuerbare Energien"},"image":{"@id":"https:\/\/www.e-con.de\/wp-de\/#\/schema\/logo\/image\/"},"sameAs":["https:\/\/www.facebook.com\/Matthias-Sch\u00f6nhardt-1114936911891993\/"]}]}},"_links":{"self":[{"href":"https:\/\/www.e-con.de\/wp-de\/wp-json\/wp\/v2\/pages\/2279","targetHints":{"allow":["GET"]}}],"collection":[{"href":"https:\/\/www.e-con.de\/wp-de\/wp-json\/wp\/v2\/pages"}],"about":[{"href":"https:\/\/www.e-con.de\/wp-de\/wp-json\/wp\/v2\/types\/page"}],"author":[{"embeddable":true,"href":"https:\/\/www.e-con.de\/wp-de\/wp-json\/wp\/v2\/users\/1"}],"replies":[{"embeddable":true,"href":"https:\/\/www.e-con.de\/wp-de\/wp-json\/wp\/v2\/comments?post=2279"}],"version-history":[{"count":18,"href":"https:\/\/www.e-con.de\/wp-de\/wp-json\/wp\/v2\/pages\/2279\/revisions"}],"predecessor-version":[{"id":10996,"href":"https:\/\/www.e-con.de\/wp-de\/wp-json\/wp\/v2\/pages\/2279\/revisions\/10996"}],"wp:attachment":[{"href":"https:\/\/www.e-con.de\/wp-de\/wp-json\/wp\/v2\/media?parent=2279"}],"curies":[{"name":"wp","href":"https:\/\/api.w.org\/{rel}","templated":true}]}}