{"id":2244,"date":"2017-08-11T12:34:26","date_gmt":"2017-08-11T10:34:26","guid":{"rendered":"http:\/\/www.e-c-o-n.de\/wp-de\/?page_id=2244"},"modified":"2021-10-31T13:33:01","modified_gmt":"2021-10-31T12:33:01","slug":"kundendaten","status":"publish","type":"page","link":"https:\/\/www.e-con.de\/wp-de\/foerderberatung\/kundendaten\/","title":{"rendered":"Projekt- und Kundendaten f\u00fcr KfW und BAFA"},"content":{"rendered":"<p>Der Datenschutz ist uns wichtig. Beachten Sie unsere <a href=\"https:\/\/www.e-c-o-n.de\/wp-de\/datenschutzbelehrung\/\" target=\"_blank\" rel=\"noopener\">Datenschutzbelehrung<\/a>.<\/p>\n\n\n<iframe loading=\"lazy\" src=\"https:\/\/www.google.com\/maps\/d\/embed?mid=1MXTa7B1Tfk21QxbsIKhgL7Vylhm4mNVv\" width=\"1024\" height=\"300\"><\/iframe>\n\n\n\n<div class=\"wp-block-contact-form-7-contact-form-selector\">\n<div class=\"wpcf7 no-js\" id=\"wpcf7-f2243-o1\" lang=\"de-DE\" dir=\"ltr\" data-wpcf7-id=\"2243\">\n<div class=\"screen-reader-response\"><p role=\"status\" aria-live=\"polite\" aria-atomic=\"true\"><\/p> <ul><\/ul><\/div>\n<form action=\"\/wp-de\/wp-json\/wp\/v2\/pages\/2244#wpcf7-f2243-o1\" method=\"post\" class=\"wpcf7-form init\" aria-label=\"Kontaktformular\" enctype=\"multipart\/form-data\" novalidate=\"novalidate\" data-status=\"init\">\n<fieldset class=\"hidden-fields-container\"><input type=\"hidden\" name=\"_wpcf7\" value=\"2243\" \/><input type=\"hidden\" name=\"_wpcf7_version\" value=\"6.1.5\" \/><input type=\"hidden\" name=\"_wpcf7_locale\" value=\"de_DE\" \/><input type=\"hidden\" name=\"_wpcf7_unit_tag\" value=\"wpcf7-f2243-o1\" \/><input type=\"hidden\" name=\"_wpcf7_container_post\" value=\"0\" \/><input type=\"hidden\" name=\"_wpcf7_posted_data_hash\" value=\"\" \/>\n<\/fieldset>\n<p>.<br \/>\nNach Eingabe Ihrer Daten erhalten Sie ein Angebot f\u00fcr unsere Beratungsleistung. Erst mit Annahme des Angebotes startet unsere Beratung.\n<\/p>\n<p><label> Thema<br \/>\n<span class=\"wpcf7-form-control-wrap\" data-name=\"your-subject\"><input size=\"100\" maxlength=\"400\" class=\"wpcf7-form-control wpcf7-text\" aria-invalid=\"false\" placeholder=\"Sanierung \/ Umbau \/ Erweiterung\" value=\"\" type=\"text\" name=\"your-subject\" \/><\/span> <\/label>\n<\/p>\n<p><label> Kurze Vorhabensbeschreibung (Pflichtfeld)<br \/>\n<span class=\"wpcf7-form-control-wrap\" data-name=\"your-message\"><textarea cols=\"40\" rows=\"10\" maxlength=\"2000\" class=\"wpcf7-form-control wpcf7-textarea\" aria-invalid=\"false\" placeholder=\"Einzelma\u00dfnahmen Austausch Fenster, Austausch Heizung. Geplante Investition ca. 20.000 Euro\" name=\"your-message\"><\/textarea><\/span> <\/label>\n<\/p>\n<p><label> Anzahl der Wohneinheiten bei Wohngeb\u00e4uden\/ wohn\u00e4hnliche Nutzung (Arztpraxen, Freiberufler, ...) - Bei mehreren WE hintereinander eingaben!<br \/>\n<span class=\"wpcf7-form-control-wrap\" data-name=\"wohneinheiten\"><textarea cols=\"40\" rows=\"10\" maxlength=\"2000\" class=\"wpcf7-form-control wpcf7-textarea\" aria-invalid=\"false\" placeholder=\"WE 1 mit ca. 80qm, WE 2 mit ca. 100qm, ...\" name=\"wohneinheiten\"><\/textarea><\/span> <\/label>\n<\/p>\n<p><label> Nutzfl\u00e4che bei Nichtwohngeb\u00e4ude<br \/>\n<span class=\"wpcf7-form-control-wrap\" data-name=\"nutzflaeche\"><input size=\"100\" maxlength=\"400\" class=\"wpcf7-form-control wpcf7-text\" aria-invalid=\"false\" placeholder=\"800qm\" value=\"\" type=\"text\" name=\"nutzflaeche\" \/><\/span> <\/label>\n<\/p>\n<p>___________________________________________________________________________________\n<\/p>\n<p><label> Ihr Vorname und Name (Pflichtfeld)<br \/>\n<span class=\"wpcf7-form-control-wrap\" data-name=\"your-name\"><input size=\"100\" maxlength=\"400\" class=\"wpcf7-form-control wpcf7-text wpcf7-validates-as-required\" aria-required=\"true\" aria-invalid=\"false\" value=\"\" type=\"text\" name=\"your-name\" \/><\/span> <\/label>\n<\/p>\n<p><label> Stra\u00dfe vom Wohnort (Pflichtfeld)<br \/>\n<span class=\"wpcf7-form-control-wrap\" data-name=\"Strasse\"><input size=\"100\" maxlength=\"400\" class=\"wpcf7-form-control wpcf7-text wpcf7-validates-as-required\" aria-required=\"true\" aria-invalid=\"false\" value=\"\" type=\"text\" name=\"Strasse\" \/><\/span> <\/label>\n<\/p>\n<p><label> Postleitzahl vom Wohnort (Pflichtfeld)<br \/>\n<span class=\"wpcf7-form-control-wrap\" data-name=\"plz\"><input size=\"100\" maxlength=\"400\" class=\"wpcf7-form-control wpcf7-text wpcf7-validates-as-required\" aria-required=\"true\" aria-invalid=\"false\" value=\"\" type=\"text\" name=\"plz\" \/><\/span> <\/label>\n<\/p>\n<p><label> Wohnort (Pflichtfeld)<br \/>\n<span class=\"wpcf7-form-control-wrap\" data-name=\"wohnort\"><input size=\"100\" maxlength=\"400\" class=\"wpcf7-form-control wpcf7-text wpcf7-validates-as-required\" aria-required=\"true\" aria-invalid=\"false\" value=\"\" type=\"text\" name=\"wohnort\" \/><\/span> <\/label>\n<\/p>\n<p><label> Baujahr (Pflichtfeld), z.B. aus Einheitswertbescheid des Finanzamtes, Datum des letzten Bauantrags, Kaufvertrag, Sonstige Grundlage<br \/>\n<span class=\"wpcf7-form-control-wrap\" data-name=\"baujahr\"><input size=\"100\" maxlength=\"400\" class=\"wpcf7-form-control wpcf7-text wpcf7-validates-as-required\" aria-required=\"true\" aria-invalid=\"false\" placeholder=\"31.01.1990\" value=\"\" type=\"text\" name=\"baujahr\" \/><\/span> <\/label>\n<\/p>\n<p><label> Ihre E-Mail-Adresse (Pflichtfeld)<br \/>\n<span class=\"wpcf7-form-control-wrap\" data-name=\"your-email\"><input size=\"40\" maxlength=\"400\" class=\"wpcf7-form-control wpcf7-email wpcf7-validates-as-required wpcf7-text wpcf7-validates-as-email\" aria-required=\"true\" aria-invalid=\"false\" placeholder=\"info@e-con.de\" value=\"\" type=\"email\" name=\"your-email\" \/><\/span> <\/label>\n<\/p>\n<p><label> Ihre Telefonnummer (Pflichtfeld)<br \/>\n<span class=\"wpcf7-form-control-wrap\" data-name=\"tel\"><input size=\"100\" maxlength=\"400\" class=\"wpcf7-form-control wpcf7-tel wpcf7-validates-as-required wpcf7-text wpcf7-validates-as-tel\" aria-required=\"true\" aria-invalid=\"false\" value=\"\" type=\"tel\" name=\"tel\" \/><\/span> <\/label>\n<\/p>\n<p><input class=\"wpcf7-form-control wpcf7-submit has-spinner\" type=\"submit\" value=\"Senden, falls keine weiteren Angaben gew\u00fcnscht\" \/>\n<\/p>\n<p>___________________________________________________________________________________\n<\/p>\n<p>Wenn Vorhabenstandort abweichend vom Wohnstandort, dann Eingabe hier erforderlich.<br \/>\n___________________________________________________________________________________\n<\/p>\n<p><label> Stra\u00dfe vom Vorhabenstandort<br \/>\n<span class=\"wpcf7-form-control-wrap\" data-name=\"strasse_V\"><input size=\"100\" maxlength=\"400\" class=\"wpcf7-form-control wpcf7-text\" aria-invalid=\"false\" value=\"\" type=\"text\" name=\"strasse_V\" \/><\/span> <\/label>\n<\/p>\n<p><label> Postleitzahl vom Vorhabenstandort<br \/>\n<span class=\"wpcf7-form-control-wrap\" data-name=\"plz_V\"><input size=\"100\" maxlength=\"400\" class=\"wpcf7-form-control wpcf7-text\" aria-invalid=\"false\" value=\"\" type=\"text\" name=\"plz_V\" \/><\/span> <\/label>\n<\/p>\n<p><label> Ort des Vorhaben<br \/>\n<span class=\"wpcf7-form-control-wrap\" data-name=\"vorhabenort\"><input size=\"100\" maxlength=\"400\" class=\"wpcf7-form-control wpcf7-text\" aria-invalid=\"false\" value=\"\" type=\"text\" name=\"vorhabenort\" \/><\/span> <\/label>\n<\/p>\n<p><label> Vorname und Name, falls abweichend<br \/>\n<span class=\"wpcf7-form-control-wrap\" data-name=\"vorhaben-your-name\"><input size=\"100\" maxlength=\"400\" class=\"wpcf7-form-control wpcf7-text\" aria-invalid=\"false\" value=\"\" type=\"text\" name=\"vorhaben-your-name\" \/><\/span> <\/label>\n<\/p>\n<p>___________________________________________________________________________________\n<\/p>\n<p>Per Vollmacht \u00fcbernehmen wir die Antragstellung f\u00fcr Sie, folgende Daten werden f\u00fcr (nat\u00fcrliche) Personen oder Vertreter von Organisationen wichtig. Vollmacht Formulardownload am Seitenende.<br \/>\n___________________________________________________________________________________\n<\/p>\n<p><label> Ihr Geburtsdatum (freiwillig)<br \/>\n<span class=\"wpcf7-form-control-wrap\" data-name=\"datum\"><input size=\"40\" maxlength=\"400\" class=\"wpcf7-form-control wpcf7-text\" aria-invalid=\"false\" value=\"\" type=\"text\" name=\"datum\" \/><\/span> <\/label>\n<\/p>\n<p><label> Geburtsort (freiwillig)<br \/>\n<span class=\"wpcf7-form-control-wrap\" data-name=\"geburtsort\"><input size=\"100\" maxlength=\"400\" class=\"wpcf7-form-control wpcf7-text\" aria-invalid=\"false\" value=\"\" type=\"text\" name=\"geburtsort\" \/><\/span> <\/label>\n<\/p>\n<p><label> Staatsangeh\u00f6rigkeit (freiwillig)<br \/>\n<span class=\"wpcf7-form-control-wrap\" data-name=\"nationalitaet\"><input size=\"100\" maxlength=\"400\" class=\"wpcf7-form-control wpcf7-text\" aria-invalid=\"false\" value=\"\" type=\"text\" name=\"nationalitaet\" \/><\/span> <\/label>\n<\/p>\n<p><label> Kontoverbindung IBAN - F\u00fcr Auszahlung final erforderlich (freiwillig)<br \/>\n<span class=\"wpcf7-form-control-wrap\" data-name=\"iban\"><input size=\"100\" maxlength=\"400\" class=\"wpcf7-form-control wpcf7-text\" aria-invalid=\"false\" value=\"\" type=\"text\" name=\"iban\" \/><\/span> <\/label>\n<\/p>\n<p><label> Kontoverbindung BIC - F\u00fcr Auszahlung final erforderlich (freiwillig)<br \/>\n<span class=\"wpcf7-form-control-wrap\" data-name=\"bic\"><input size=\"100\" maxlength=\"400\" class=\"wpcf7-form-control wpcf7-text\" aria-invalid=\"false\" value=\"\" type=\"text\" name=\"bic\" \/><\/span> <\/label>\n<\/p>\n<p><label> Steueridentifikationsnummer - F\u00fcr Antragstellung in Vollmacht erforderlich (freiwillig)<br \/>\n<span class=\"wpcf7-form-control-wrap\" data-name=\"sid\"><input size=\"100\" maxlength=\"400\" class=\"wpcf7-form-control wpcf7-text\" aria-invalid=\"false\" value=\"\" type=\"text\" name=\"sid\" \/><\/span> <\/label>\n<\/p>\n<p>___________________________________________________________________________________\n<\/p>\n<p>Der Antragsteller ist eine Organisation (Unternehmen, Kirche, Verein, freiberufliches Unternehmen, GbR, ...)<br \/>\n___________________________________________________________________________________\n<\/p>\n<p><label> Vollst\u00e4ndige Bezeichnung der Organisation (freiwillig)<br \/>\n<span class=\"wpcf7-form-control-wrap\" data-name=\"orgname\"><input size=\"40\" maxlength=\"400\" class=\"wpcf7-form-control wpcf7-text\" aria-invalid=\"false\" value=\"\" type=\"text\" name=\"orgname\" \/><\/span> <\/label>\n<\/p>\n<p><label> Gr\u00fcndungsdatum der Organisation (freiwillig)<br \/>\n<span class=\"wpcf7-form-control-wrap\" data-name=\"orgdatum\"><input size=\"40\" maxlength=\"400\" class=\"wpcf7-form-control wpcf7-text\" aria-invalid=\"false\" value=\"\" type=\"text\" name=\"orgdatum\" \/><\/span> <\/label>\n<\/p>\n<p>___________________________________________________________________________________\n<\/p>\n<p>Anlagen zur Anfrage (frewillig)\n<\/p>\n<p><label> Anhang 1 (Angebot, Bilder - anf\u00fcgen I Maximale Dateigr\u00f6\u00dfe 8 MB, Nur PDF und JPG Dateien)<br \/>\n<span class=\"wpcf7-form-control-wrap\" data-name=\"datei\"><input size=\"40\" class=\"wpcf7-form-control wpcf7-file\" accept=\".pdf,.jpg\" aria-invalid=\"false\" type=\"file\" name=\"datei\" \/><\/span> <\/label>\n<\/p>\n<p><label> Anhang 2 (Angebot, Bilder - anf\u00fcgen I Maximale Dateigr\u00f6\u00dfe 8 MB, Nur PDF und JPG Dateien)<br \/>\n<span class=\"wpcf7-form-control-wrap\" data-name=\"datei2\"><input size=\"40\" class=\"wpcf7-form-control wpcf7-file\" accept=\".pdf,.jpg\" aria-invalid=\"false\" type=\"file\" name=\"datei2\" \/><\/span> <\/label>\n<\/p>\n<p><label> Anhang 3 (Angebot, Bilder - anf\u00fcgen I Maximale Dateigr\u00f6\u00dfe 8 MB, Nur PDF und JPG Dateien)<br \/>\n<span class=\"wpcf7-form-control-wrap\" data-name=\"datei3\"><input size=\"40\" class=\"wpcf7-form-control wpcf7-file\" accept=\".pdf,.jpg\" aria-invalid=\"false\" type=\"file\" name=\"datei3\" \/><\/span> <\/label>\n<\/p>\n<p>___________________________________________________________________________________\n<\/p>\n<p><span id=\"wpcf7-69f18ac248744-wrapper\" class=\"wpcf7-form-control-wrap honeypot-304-wrap\" style=\"display:none !important; visibility:hidden !important;\"><label for=\"wpcf7-69f18ac248744-field\" class=\"hp-message\">Bitte lasse dieses Feld leer.<\/label><input id=\"wpcf7-69f18ac248744-field\"  class=\"wpcf7-form-control wpcf7-text\" type=\"text\" name=\"honeypot-304\" value=\"\" size=\"40\" tabindex=\"-1\" autocomplete=\"new-password\" \/><\/span>\n<\/p>\n<p><input class=\"wpcf7-form-control wpcf7-submit has-spinner\" type=\"submit\" value=\"Senden\" \/>\n<\/p><input type=\"hidden\" id=\"ct_checkjs_cf7_66f041e16a60928b05a7e228a89c3799\" name=\"ct_checkjs_cf7\" value=\"0\" \/><script >setTimeout(function(){var ct_input_name = \"ct_checkjs_cf7_66f041e16a60928b05a7e228a89c3799\";if (document.getElementById(ct_input_name) !== null) {var ct_input_value = document.getElementById(ct_input_name).value;document.getElementById(ct_input_name).value = document.getElementById(ct_input_name).value.replace(ct_input_value, '2058158913');}}, 1000);<\/script><label id=\"apbct_label_id_87004\" class=\"apbct_special_field\"><input\n                    class=\"apbct_special_field apbct__email_id__wp_contact_form_7\"\n                    name=\"apbct_email_id__wp_contact_form_7\"\n                    type=\"text\" size=\"30\" maxlength=\"200\" autocomplete=\"off\"\n                    value=\"\"\n                \/><\/label><div class=\"wpcf7-response-output\" aria-hidden=\"true\"><\/div>\n<\/form>\n<\/div>\n<\/div>\n","protected":false},"excerpt":{"rendered":"<p>Der Datenschutz ist uns wichtig. Beachten Sie unsere Datenschutzbelehrung.<\/p>\n","protected":false},"author":1,"featured_media":0,"parent":2279,"menu_order":0,"comment_status":"closed","ping_status":"closed","template":"","meta":{"ngg_post_thumbnail":0,"generate_page_header":"","footnotes":""},"class_list":["post-2244","page","type-page","status-publish"],"yoast_head":"<!-- This site is optimized with the Yoast SEO plugin v27.5 - https:\/\/yoast.com\/product\/yoast-seo-wordpress\/ -->\n<title>Projekt- und Kundendaten f\u00fcr KfW und BAFA - e-con I Die Partner f\u00fcr Energieeffizienz, Planung und Erneuerbare Energien e-con<\/title>\n<meta name=\"description\" content=\"Formulareingabe f\u00fcr die Projektdatenerfassung, um die Bearbeitung des KfW, BAFA oder anderweitigen F\u00f6rderantr\u00e4gen reibungslos zu erm\u00f6glichen.\" \/>\n<meta name=\"robots\" content=\"index, follow, max-snippet:-1, max-image-preview:large, max-video-preview:-1\" \/>\n<link rel=\"canonical\" href=\"https:\/\/www.e-con.de\/wp-de\/foerderberatung\/kundendaten\/\" \/>\n<meta property=\"og:locale\" content=\"de_DE\" \/>\n<meta property=\"og:type\" content=\"article\" \/>\n<meta property=\"og:title\" content=\"Projekt- und Kundendaten f\u00fcr KfW und BAFA - e-con I Die Partner f\u00fcr Energieeffizienz, Planung und Erneuerbare Energien e-con\" \/>\n<meta property=\"og:description\" content=\"Formulareingabe f\u00fcr die Projektdatenerfassung, um die Bearbeitung des KfW, BAFA oder anderweitigen F\u00f6rderantr\u00e4gen reibungslos zu erm\u00f6glichen.\" \/>\n<meta property=\"og:url\" content=\"https:\/\/www.e-con.de\/wp-de\/foerderberatung\/kundendaten\/\" \/>\n<meta property=\"og:site_name\" content=\"e-con I Die Partner f\u00fcr Energieeffizienz, Planung und Erneuerbare Energien\" \/>\n<meta property=\"article:publisher\" content=\"https:\/\/www.facebook.com\/Matthias-Sch%c3%b6nhardt-1114936911891993\/\" \/>\n<meta property=\"article:modified_time\" content=\"2021-10-31T12:33:01+00:00\" \/>\n<meta name=\"twitter:card\" content=\"summary_large_image\" \/>\n<meta name=\"twitter:label1\" content=\"Gesch\u00e4tzte Lesezeit\" \/>\n\t<meta name=\"twitter:data1\" content=\"1\u00a0Minute\" \/>\n<script type=\"application\/ld+json\" class=\"yoast-schema-graph\">{\"@context\":\"https:\\\/\\\/schema.org\",\"@graph\":[{\"@type\":\"WebPage\",\"@id\":\"https:\\\/\\\/www.e-con.de\\\/wp-de\\\/foerderberatung\\\/kundendaten\\\/\",\"url\":\"https:\\\/\\\/www.e-con.de\\\/wp-de\\\/foerderberatung\\\/kundendaten\\\/\",\"name\":\"Projekt- und Kundendaten f\u00fcr KfW und BAFA - e-con I Die Partner f\u00fcr Energieeffizienz, Planung und Erneuerbare Energien e-con\",\"isPartOf\":{\"@id\":\"https:\\\/\\\/www.e-con.de\\\/wp-de\\\/#website\"},\"datePublished\":\"2017-08-11T10:34:26+00:00\",\"dateModified\":\"2021-10-31T12:33:01+00:00\",\"description\":\"Formulareingabe f\u00fcr die Projektdatenerfassung, um die Bearbeitung des KfW, BAFA oder anderweitigen F\u00f6rderantr\u00e4gen reibungslos zu erm\u00f6glichen.\",\"breadcrumb\":{\"@id\":\"https:\\\/\\\/www.e-con.de\\\/wp-de\\\/foerderberatung\\\/kundendaten\\\/#breadcrumb\"},\"inLanguage\":\"de\",\"potentialAction\":[{\"@type\":\"ReadAction\",\"target\":[\"https:\\\/\\\/www.e-con.de\\\/wp-de\\\/foerderberatung\\\/kundendaten\\\/\"]}]},{\"@type\":\"BreadcrumbList\",\"@id\":\"https:\\\/\\\/www.e-con.de\\\/wp-de\\\/foerderberatung\\\/kundendaten\\\/#breadcrumb\",\"itemListElement\":[{\"@type\":\"ListItem\",\"position\":1,\"name\":\"Startseite\",\"item\":\"https:\\\/\\\/www.e-con.de\\\/wp-de\\\/\"},{\"@type\":\"ListItem\",\"position\":2,\"name\":\"F\u00f6rderberatung\",\"item\":\"https:\\\/\\\/www.e-con.de\\\/wp-de\\\/foerderberatung\\\/\"},{\"@type\":\"ListItem\",\"position\":3,\"name\":\"Projekt- und Kundendaten f\u00fcr KfW und BAFA\"}]},{\"@type\":\"WebSite\",\"@id\":\"https:\\\/\\\/www.e-con.de\\\/wp-de\\\/#website\",\"url\":\"https:\\\/\\\/www.e-con.de\\\/wp-de\\\/\",\"name\":\"e-con I Die Partner f\u00fcr Energieeffizienz, Planung und Erneuerbare Energien\",\"description\":\"Die Partner f\u00fcr Energieeffizienz, Planung und Erneuerbare Energien\",\"publisher\":{\"@id\":\"https:\\\/\\\/www.e-con.de\\\/wp-de\\\/#organization\"},\"potentialAction\":[{\"@type\":\"SearchAction\",\"target\":{\"@type\":\"EntryPoint\",\"urlTemplate\":\"https:\\\/\\\/www.e-con.de\\\/wp-de\\\/?s={search_term_string}\"},\"query-input\":{\"@type\":\"PropertyValueSpecification\",\"valueRequired\":true,\"valueName\":\"search_term_string\"}}],\"inLanguage\":\"de\"},{\"@type\":\"Organization\",\"@id\":\"https:\\\/\\\/www.e-con.de\\\/wp-de\\\/#organization\",\"name\":\"e-con I Die Partner f\u00fcr Energieeffizienz, Planung und Erneuerbare Energien\",\"url\":\"https:\\\/\\\/www.e-con.de\\\/wp-de\\\/\",\"logo\":{\"@type\":\"ImageObject\",\"inLanguage\":\"de\",\"@id\":\"https:\\\/\\\/www.e-con.de\\\/wp-de\\\/#\\\/schema\\\/logo\\\/image\\\/\",\"url\":\"https:\\\/\\\/www.e-con.de\\\/wp-de\\\/wp-content\\\/uploads\\\/2016\\\/04\\\/LOGO-CAD-15102015-mit-Slogan-e1460284870722.png\",\"contentUrl\":\"https:\\\/\\\/www.e-con.de\\\/wp-de\\\/wp-content\\\/uploads\\\/2016\\\/04\\\/LOGO-CAD-15102015-mit-Slogan-e1460284870722.png\",\"width\":350,\"height\":101,\"caption\":\"e-con I Die Partner f\u00fcr Energieeffizienz, Planung und Erneuerbare Energien\"},\"image\":{\"@id\":\"https:\\\/\\\/www.e-con.de\\\/wp-de\\\/#\\\/schema\\\/logo\\\/image\\\/\"},\"sameAs\":[\"https:\\\/\\\/www.facebook.com\\\/Matthias-Sch\u00f6nhardt-1114936911891993\\\/\"]}]}<\/script>\n<!-- \/ Yoast SEO plugin. -->","yoast_head_json":{"title":"Projekt- und Kundendaten f\u00fcr KfW und BAFA - e-con I Die Partner f\u00fcr Energieeffizienz, Planung und Erneuerbare Energien e-con","description":"Formulareingabe f\u00fcr die Projektdatenerfassung, um die Bearbeitung des KfW, BAFA oder anderweitigen F\u00f6rderantr\u00e4gen reibungslos zu erm\u00f6glichen.","robots":{"index":"index","follow":"follow","max-snippet":"max-snippet:-1","max-image-preview":"max-image-preview:large","max-video-preview":"max-video-preview:-1"},"canonical":"https:\/\/www.e-con.de\/wp-de\/foerderberatung\/kundendaten\/","og_locale":"de_DE","og_type":"article","og_title":"Projekt- und Kundendaten f\u00fcr KfW und BAFA - e-con I Die Partner f\u00fcr Energieeffizienz, Planung und Erneuerbare Energien e-con","og_description":"Formulareingabe f\u00fcr die Projektdatenerfassung, um die Bearbeitung des KfW, BAFA oder anderweitigen F\u00f6rderantr\u00e4gen reibungslos zu erm\u00f6glichen.","og_url":"https:\/\/www.e-con.de\/wp-de\/foerderberatung\/kundendaten\/","og_site_name":"e-con I Die Partner f\u00fcr Energieeffizienz, Planung und Erneuerbare Energien","article_publisher":"https:\/\/www.facebook.com\/Matthias-Sch%c3%b6nhardt-1114936911891993\/","article_modified_time":"2021-10-31T12:33:01+00:00","twitter_card":"summary_large_image","twitter_misc":{"Gesch\u00e4tzte Lesezeit":"1\u00a0Minute"},"schema":{"@context":"https:\/\/schema.org","@graph":[{"@type":"WebPage","@id":"https:\/\/www.e-con.de\/wp-de\/foerderberatung\/kundendaten\/","url":"https:\/\/www.e-con.de\/wp-de\/foerderberatung\/kundendaten\/","name":"Projekt- und Kundendaten f\u00fcr KfW und BAFA - e-con I Die Partner f\u00fcr Energieeffizienz, Planung und Erneuerbare Energien e-con","isPartOf":{"@id":"https:\/\/www.e-con.de\/wp-de\/#website"},"datePublished":"2017-08-11T10:34:26+00:00","dateModified":"2021-10-31T12:33:01+00:00","description":"Formulareingabe f\u00fcr die Projektdatenerfassung, um die Bearbeitung des KfW, BAFA oder anderweitigen F\u00f6rderantr\u00e4gen reibungslos zu erm\u00f6glichen.","breadcrumb":{"@id":"https:\/\/www.e-con.de\/wp-de\/foerderberatung\/kundendaten\/#breadcrumb"},"inLanguage":"de","potentialAction":[{"@type":"ReadAction","target":["https:\/\/www.e-con.de\/wp-de\/foerderberatung\/kundendaten\/"]}]},{"@type":"BreadcrumbList","@id":"https:\/\/www.e-con.de\/wp-de\/foerderberatung\/kundendaten\/#breadcrumb","itemListElement":[{"@type":"ListItem","position":1,"name":"Startseite","item":"https:\/\/www.e-con.de\/wp-de\/"},{"@type":"ListItem","position":2,"name":"F\u00f6rderberatung","item":"https:\/\/www.e-con.de\/wp-de\/foerderberatung\/"},{"@type":"ListItem","position":3,"name":"Projekt- und Kundendaten f\u00fcr KfW und BAFA"}]},{"@type":"WebSite","@id":"https:\/\/www.e-con.de\/wp-de\/#website","url":"https:\/\/www.e-con.de\/wp-de\/","name":"e-con I Die Partner f\u00fcr Energieeffizienz, Planung und Erneuerbare Energien","description":"Die Partner f\u00fcr Energieeffizienz, Planung und Erneuerbare Energien","publisher":{"@id":"https:\/\/www.e-con.de\/wp-de\/#organization"},"potentialAction":[{"@type":"SearchAction","target":{"@type":"EntryPoint","urlTemplate":"https:\/\/www.e-con.de\/wp-de\/?s={search_term_string}"},"query-input":{"@type":"PropertyValueSpecification","valueRequired":true,"valueName":"search_term_string"}}],"inLanguage":"de"},{"@type":"Organization","@id":"https:\/\/www.e-con.de\/wp-de\/#organization","name":"e-con I Die Partner f\u00fcr Energieeffizienz, Planung und Erneuerbare Energien","url":"https:\/\/www.e-con.de\/wp-de\/","logo":{"@type":"ImageObject","inLanguage":"de","@id":"https:\/\/www.e-con.de\/wp-de\/#\/schema\/logo\/image\/","url":"https:\/\/www.e-con.de\/wp-de\/wp-content\/uploads\/2016\/04\/LOGO-CAD-15102015-mit-Slogan-e1460284870722.png","contentUrl":"https:\/\/www.e-con.de\/wp-de\/wp-content\/uploads\/2016\/04\/LOGO-CAD-15102015-mit-Slogan-e1460284870722.png","width":350,"height":101,"caption":"e-con I Die Partner f\u00fcr Energieeffizienz, Planung und Erneuerbare Energien"},"image":{"@id":"https:\/\/www.e-con.de\/wp-de\/#\/schema\/logo\/image\/"},"sameAs":["https:\/\/www.facebook.com\/Matthias-Sch\u00f6nhardt-1114936911891993\/"]}]}},"_links":{"self":[{"href":"https:\/\/www.e-con.de\/wp-de\/wp-json\/wp\/v2\/pages\/2244","targetHints":{"allow":["GET"]}}],"collection":[{"href":"https:\/\/www.e-con.de\/wp-de\/wp-json\/wp\/v2\/pages"}],"about":[{"href":"https:\/\/www.e-con.de\/wp-de\/wp-json\/wp\/v2\/types\/page"}],"author":[{"embeddable":true,"href":"https:\/\/www.e-con.de\/wp-de\/wp-json\/wp\/v2\/users\/1"}],"replies":[{"embeddable":true,"href":"https:\/\/www.e-con.de\/wp-de\/wp-json\/wp\/v2\/comments?post=2244"}],"version-history":[{"count":10,"href":"https:\/\/www.e-con.de\/wp-de\/wp-json\/wp\/v2\/pages\/2244\/revisions"}],"predecessor-version":[{"id":10921,"href":"https:\/\/www.e-con.de\/wp-de\/wp-json\/wp\/v2\/pages\/2244\/revisions\/10921"}],"up":[{"embeddable":true,"href":"https:\/\/www.e-con.de\/wp-de\/wp-json\/wp\/v2\/pages\/2279"}],"wp:attachment":[{"href":"https:\/\/www.e-con.de\/wp-de\/wp-json\/wp\/v2\/media?parent=2244"}],"curies":[{"name":"wp","href":"https:\/\/api.w.org\/{rel}","templated":true}]}}