{"id":2034,"date":"2017-03-23T08:18:58","date_gmt":"2017-03-23T07:18:58","guid":{"rendered":"http:\/\/www.e-c-o-n.de\/wp-de\/?page_id=2034"},"modified":"2018-01-12T08:56:22","modified_gmt":"2018-01-12T07:56:22","slug":"agb","status":"publish","type":"page","link":"https:\/\/www.e-con.de\/wp-de\/agb\/","title":{"rendered":"AGB e-con GmbH"},"content":{"rendered":"<pre>Erzeugnisse und Leistungen der Elektroindustrie&nbsp;<\/pre>\n<h3><a href=\"https:\/\/www.e-c-o-n.de\/wp-de\/wp-content\/uploads\/2016\/06\/AGB-E-I-e-con-GmbH-I-20171215.pdf\" target=\"_blank\" rel=\"noopener\">Allgemeine Gesch\u00e4ftsbedingungen (AGB-E)<\/a><\/h3>\n<p>Unseren Angeboten und Lieferungen liegen die bran\u00adchen\u00adbekannten, vom Zentralverband Elektrotechnik- und Elektroindustrie (ZVEI) e.V., Lyoner Stra\u00dfe 9, 60528 Frankfurt a.M., <a href=\"http:\/\/www.zvei.org\/\">www.zvei.org<\/a> herausgegebenen \u201eAllgemeinen Lieferbedingungen f\u00fcr Erzeugnisse und Leistungen der Elektroin\u00addustrie\u201d in ihrer jeweils aktuellen Fassung, \u2013 nachstehend als \u201eGL\u201d bezeichnet \u2013 zugrunde&#8230;.<\/p>\n<p>Die AGB-E gelten insbesondere f\u00fcr Beleuchtungsprodukte und elektronische Komponenten.<\/p>\n<pre>F\u00fcr alle dar\u00fcberhinaus gehenden Erzeugnisse und Leistungen<\/pre>\n<h3><a href=\"https:\/\/www.e-c-o-n.de\/wp-de\/wp-content\/uploads\/2016\/06\/AGB-S-I-e-con-GmbH-I-20171215.pdf\" target=\"_blank\" rel=\"noopener\">Allgemeine Gesch\u00e4ftsbedingungen (AGB-S)<\/a><\/h3>\n<p>Die Standard-Gesch\u00e4ftsbedingungen gelten f\u00fcr alle Vertr\u00e4ge, Lieferungen und sonstige Leistungen zwischen uns und anderen Unternehmern. Davon ausgenommen sind Vertr\u00e4ge, Lieferungen und sonstige Leistungen in Verbindung mit Elektro- und Elektronikartikel, die unseren AGB-E unterliegen (Allgemeinen Lieferbedingungen f\u00fcr Erzeugnisse und Leistungen der Elektroin\u00addustrie)<\/p>\n<p>Die Standard-Gesch\u00e4ftsbedingungen gelten auch f\u00fcr k\u00fcnftige Gesch\u00e4fte, selbst wenn nicht erneut Bezug auf sie genommen wird.<\/p>\n<pre>(erweiterte) Garantiebedingungen f\u00fcr LED Au\u00dfenleuchten<\/pre>\n<p>F\u00fcr LED Au\u00dfenleuchten k\u00f6nnen wir eine erweiterte Garantie gew\u00e4hren. Die <a href=\"https:\/\/www.e-c-o-n.de\/wp-de\/wp-content\/uploads\/2017\/03\/Garantiebedingungen-f\u00fcr-LED-Au\u00dfenleuchten-20171215.pdf\" target=\"_blank\" rel=\"noopener\">Garantiebedingungen<\/a> sind objektbezogen und bed\u00fcrfen einer schriftlichen Zustimmung der e-con GmbH. Diese k\u00f6nnen \u00fcber den Link eingesehen werden.<\/p>\n<p>&nbsp;<\/p>\n<p><strong>Die Gesch\u00e4ftsbedingungen f\u00fcr den Online Shop&nbsp;der e-con GmbH sind davon abweichend.<\/strong><\/p>\n<p>.<\/p>\n","protected":false},"excerpt":{"rendered":"<p>Erzeugnisse und Leistungen der Elektroindustrie&nbsp; Allgemeine Gesch\u00e4ftsbedingungen (AGB-E) Unseren Angeboten und Lieferungen liegen die bran\u00adchen\u00adbekannten, vom Zentralverband Elektrotechnik- und Elektroindustrie (ZVEI) e.V., Lyoner Stra\u00dfe 9, 60528 Frankfurt a.M., www.zvei.org herausgegebenen \u201eAllgemeinen Lieferbedingungen f\u00fcr Erzeugnisse und Leistungen der Elektroin\u00addustrie\u201d in ihrer jeweils aktuellen Fassung, \u2013 nachstehend als \u201eGL\u201d bezeichnet \u2013 zugrunde&#8230;. Die AGB-E gelten insbesondere f\u00fcr &#8230; <a title=\"AGB e-con GmbH\" class=\"read-more\" href=\"https:\/\/www.e-con.de\/wp-de\/agb\/\" aria-label=\"Mehr Informationen \u00fcber AGB e-con GmbH\">Weiterlesen &#8230;<\/a><\/p>\n","protected":false},"author":1,"featured_media":0,"parent":0,"menu_order":0,"comment_status":"closed","ping_status":"closed","template":"","meta":{"ngg_post_thumbnail":0,"generate_page_header":"","footnotes":""},"class_list":["post-2034","page","type-page","status-publish"],"yoast_head":"<!-- This site is optimized with the Yoast SEO plugin v27.4 - https:\/\/yoast.com\/product\/yoast-seo-wordpress\/ -->\n<title>AGB e-con GmbH - e-con I Die Partner f\u00fcr Energieeffizienz, Planung und Erneuerbare Energien<\/title>\n<meta name=\"robots\" content=\"index, follow, max-snippet:-1, max-image-preview:large, max-video-preview:-1\" \/>\n<link rel=\"canonical\" href=\"https:\/\/www.e-con.de\/wp-de\/agb\/\" \/>\n<meta property=\"og:locale\" content=\"de_DE\" \/>\n<meta property=\"og:type\" content=\"article\" \/>\n<meta property=\"og:title\" content=\"AGB e-con GmbH - e-con I Die Partner f\u00fcr Energieeffizienz, Planung und Erneuerbare Energien\" \/>\n<meta property=\"og:description\" content=\"Erzeugnisse und Leistungen der Elektroindustrie&nbsp; Allgemeine Gesch\u00e4ftsbedingungen (AGB-E) Unseren Angeboten und Lieferungen liegen die bran\u00adchen\u00adbekannten, vom Zentralverband Elektrotechnik- und Elektroindustrie (ZVEI) e.V., Lyoner Stra\u00dfe 9, 60528 Frankfurt a.M., www.zvei.org herausgegebenen \u201eAllgemeinen Lieferbedingungen f\u00fcr Erzeugnisse und Leistungen der Elektroin\u00addustrie\u201d in ihrer jeweils aktuellen Fassung, \u2013 nachstehend als \u201eGL\u201d bezeichnet \u2013 zugrunde&#8230;. Die AGB-E gelten insbesondere f\u00fcr ... Weiterlesen ...\" \/>\n<meta property=\"og:url\" content=\"https:\/\/www.e-con.de\/wp-de\/agb\/\" \/>\n<meta property=\"og:site_name\" content=\"e-con I Die Partner f\u00fcr Energieeffizienz, Planung und Erneuerbare Energien\" \/>\n<meta property=\"article:publisher\" content=\"https:\/\/www.facebook.com\/Matthias-Sch%c3%b6nhardt-1114936911891993\/\" \/>\n<meta property=\"article:modified_time\" content=\"2018-01-12T07:56:22+00:00\" \/>\n<meta name=\"twitter:card\" content=\"summary_large_image\" \/>\n<meta name=\"twitter:label1\" content=\"Gesch\u00e4tzte Lesezeit\" \/>\n\t<meta name=\"twitter:data1\" content=\"1\u00a0Minute\" \/>\n<script type=\"application\/ld+json\" class=\"yoast-schema-graph\">{\"@context\":\"https:\\\/\\\/schema.org\",\"@graph\":[{\"@type\":\"WebPage\",\"@id\":\"https:\\\/\\\/www.e-con.de\\\/wp-de\\\/agb\\\/\",\"url\":\"https:\\\/\\\/www.e-con.de\\\/wp-de\\\/agb\\\/\",\"name\":\"AGB e-con GmbH - e-con I Die Partner f\u00fcr Energieeffizienz, Planung und Erneuerbare Energien\",\"isPartOf\":{\"@id\":\"https:\\\/\\\/www.e-con.de\\\/wp-de\\\/#website\"},\"datePublished\":\"2017-03-23T07:18:58+00:00\",\"dateModified\":\"2018-01-12T07:56:22+00:00\",\"breadcrumb\":{\"@id\":\"https:\\\/\\\/www.e-con.de\\\/wp-de\\\/agb\\\/#breadcrumb\"},\"inLanguage\":\"de\",\"potentialAction\":[{\"@type\":\"ReadAction\",\"target\":[\"https:\\\/\\\/www.e-con.de\\\/wp-de\\\/agb\\\/\"]}]},{\"@type\":\"BreadcrumbList\",\"@id\":\"https:\\\/\\\/www.e-con.de\\\/wp-de\\\/agb\\\/#breadcrumb\",\"itemListElement\":[{\"@type\":\"ListItem\",\"position\":1,\"name\":\"Startseite\",\"item\":\"https:\\\/\\\/www.e-con.de\\\/wp-de\\\/\"},{\"@type\":\"ListItem\",\"position\":2,\"name\":\"AGB e-con GmbH\"}]},{\"@type\":\"WebSite\",\"@id\":\"https:\\\/\\\/www.e-con.de\\\/wp-de\\\/#website\",\"url\":\"https:\\\/\\\/www.e-con.de\\\/wp-de\\\/\",\"name\":\"e-con I Die Partner f\u00fcr Energieeffizienz, Planung und Erneuerbare Energien\",\"description\":\"Die Partner f\u00fcr Energieeffizienz, Planung und Erneuerbare Energien\",\"publisher\":{\"@id\":\"https:\\\/\\\/www.e-con.de\\\/wp-de\\\/#organization\"},\"potentialAction\":[{\"@type\":\"SearchAction\",\"target\":{\"@type\":\"EntryPoint\",\"urlTemplate\":\"https:\\\/\\\/www.e-con.de\\\/wp-de\\\/?s={search_term_string}\"},\"query-input\":{\"@type\":\"PropertyValueSpecification\",\"valueRequired\":true,\"valueName\":\"search_term_string\"}}],\"inLanguage\":\"de\"},{\"@type\":\"Organization\",\"@id\":\"https:\\\/\\\/www.e-con.de\\\/wp-de\\\/#organization\",\"name\":\"e-con I Die Partner f\u00fcr Energieeffizienz, Planung und Erneuerbare Energien\",\"url\":\"https:\\\/\\\/www.e-con.de\\\/wp-de\\\/\",\"logo\":{\"@type\":\"ImageObject\",\"inLanguage\":\"de\",\"@id\":\"https:\\\/\\\/www.e-con.de\\\/wp-de\\\/#\\\/schema\\\/logo\\\/image\\\/\",\"url\":\"https:\\\/\\\/www.e-con.de\\\/wp-de\\\/wp-content\\\/uploads\\\/2016\\\/04\\\/LOGO-CAD-15102015-mit-Slogan-e1460284870722.png\",\"contentUrl\":\"https:\\\/\\\/www.e-con.de\\\/wp-de\\\/wp-content\\\/uploads\\\/2016\\\/04\\\/LOGO-CAD-15102015-mit-Slogan-e1460284870722.png\",\"width\":350,\"height\":101,\"caption\":\"e-con I Die Partner f\u00fcr Energieeffizienz, Planung und Erneuerbare Energien\"},\"image\":{\"@id\":\"https:\\\/\\\/www.e-con.de\\\/wp-de\\\/#\\\/schema\\\/logo\\\/image\\\/\"},\"sameAs\":[\"https:\\\/\\\/www.facebook.com\\\/Matthias-Sch\u00f6nhardt-1114936911891993\\\/\"]}]}<\/script>\n<!-- \/ Yoast SEO plugin. -->","yoast_head_json":{"title":"AGB e-con GmbH - e-con I Die Partner f\u00fcr Energieeffizienz, Planung und Erneuerbare Energien","robots":{"index":"index","follow":"follow","max-snippet":"max-snippet:-1","max-image-preview":"max-image-preview:large","max-video-preview":"max-video-preview:-1"},"canonical":"https:\/\/www.e-con.de\/wp-de\/agb\/","og_locale":"de_DE","og_type":"article","og_title":"AGB e-con GmbH - e-con I Die Partner f\u00fcr Energieeffizienz, Planung und Erneuerbare Energien","og_description":"Erzeugnisse und Leistungen der Elektroindustrie&nbsp; Allgemeine Gesch\u00e4ftsbedingungen (AGB-E) Unseren Angeboten und Lieferungen liegen die bran\u00adchen\u00adbekannten, vom Zentralverband Elektrotechnik- und Elektroindustrie (ZVEI) e.V., Lyoner Stra\u00dfe 9, 60528 Frankfurt a.M., www.zvei.org herausgegebenen \u201eAllgemeinen Lieferbedingungen f\u00fcr Erzeugnisse und Leistungen der Elektroin\u00addustrie\u201d in ihrer jeweils aktuellen Fassung, \u2013 nachstehend als \u201eGL\u201d bezeichnet \u2013 zugrunde&#8230;. Die AGB-E gelten insbesondere f\u00fcr ... Weiterlesen ...","og_url":"https:\/\/www.e-con.de\/wp-de\/agb\/","og_site_name":"e-con I Die Partner f\u00fcr Energieeffizienz, Planung und Erneuerbare Energien","article_publisher":"https:\/\/www.facebook.com\/Matthias-Sch%c3%b6nhardt-1114936911891993\/","article_modified_time":"2018-01-12T07:56:22+00:00","twitter_card":"summary_large_image","twitter_misc":{"Gesch\u00e4tzte Lesezeit":"1\u00a0Minute"},"schema":{"@context":"https:\/\/schema.org","@graph":[{"@type":"WebPage","@id":"https:\/\/www.e-con.de\/wp-de\/agb\/","url":"https:\/\/www.e-con.de\/wp-de\/agb\/","name":"AGB e-con GmbH - e-con I Die Partner f\u00fcr Energieeffizienz, Planung und Erneuerbare Energien","isPartOf":{"@id":"https:\/\/www.e-con.de\/wp-de\/#website"},"datePublished":"2017-03-23T07:18:58+00:00","dateModified":"2018-01-12T07:56:22+00:00","breadcrumb":{"@id":"https:\/\/www.e-con.de\/wp-de\/agb\/#breadcrumb"},"inLanguage":"de","potentialAction":[{"@type":"ReadAction","target":["https:\/\/www.e-con.de\/wp-de\/agb\/"]}]},{"@type":"BreadcrumbList","@id":"https:\/\/www.e-con.de\/wp-de\/agb\/#breadcrumb","itemListElement":[{"@type":"ListItem","position":1,"name":"Startseite","item":"https:\/\/www.e-con.de\/wp-de\/"},{"@type":"ListItem","position":2,"name":"AGB e-con GmbH"}]},{"@type":"WebSite","@id":"https:\/\/www.e-con.de\/wp-de\/#website","url":"https:\/\/www.e-con.de\/wp-de\/","name":"e-con I Die Partner f\u00fcr Energieeffizienz, Planung und Erneuerbare Energien","description":"Die Partner f\u00fcr Energieeffizienz, Planung und Erneuerbare Energien","publisher":{"@id":"https:\/\/www.e-con.de\/wp-de\/#organization"},"potentialAction":[{"@type":"SearchAction","target":{"@type":"EntryPoint","urlTemplate":"https:\/\/www.e-con.de\/wp-de\/?s={search_term_string}"},"query-input":{"@type":"PropertyValueSpecification","valueRequired":true,"valueName":"search_term_string"}}],"inLanguage":"de"},{"@type":"Organization","@id":"https:\/\/www.e-con.de\/wp-de\/#organization","name":"e-con I Die Partner f\u00fcr Energieeffizienz, Planung und Erneuerbare Energien","url":"https:\/\/www.e-con.de\/wp-de\/","logo":{"@type":"ImageObject","inLanguage":"de","@id":"https:\/\/www.e-con.de\/wp-de\/#\/schema\/logo\/image\/","url":"https:\/\/www.e-con.de\/wp-de\/wp-content\/uploads\/2016\/04\/LOGO-CAD-15102015-mit-Slogan-e1460284870722.png","contentUrl":"https:\/\/www.e-con.de\/wp-de\/wp-content\/uploads\/2016\/04\/LOGO-CAD-15102015-mit-Slogan-e1460284870722.png","width":350,"height":101,"caption":"e-con I Die Partner f\u00fcr Energieeffizienz, Planung und Erneuerbare Energien"},"image":{"@id":"https:\/\/www.e-con.de\/wp-de\/#\/schema\/logo\/image\/"},"sameAs":["https:\/\/www.facebook.com\/Matthias-Sch\u00f6nhardt-1114936911891993\/"]}]}},"_links":{"self":[{"href":"https:\/\/www.e-con.de\/wp-de\/wp-json\/wp\/v2\/pages\/2034","targetHints":{"allow":["GET"]}}],"collection":[{"href":"https:\/\/www.e-con.de\/wp-de\/wp-json\/wp\/v2\/pages"}],"about":[{"href":"https:\/\/www.e-con.de\/wp-de\/wp-json\/wp\/v2\/types\/page"}],"author":[{"embeddable":true,"href":"https:\/\/www.e-con.de\/wp-de\/wp-json\/wp\/v2\/users\/1"}],"replies":[{"embeddable":true,"href":"https:\/\/www.e-con.de\/wp-de\/wp-json\/wp\/v2\/comments?post=2034"}],"version-history":[{"count":6,"href":"https:\/\/www.e-con.de\/wp-de\/wp-json\/wp\/v2\/pages\/2034\/revisions"}],"predecessor-version":[{"id":2487,"href":"https:\/\/www.e-con.de\/wp-de\/wp-json\/wp\/v2\/pages\/2034\/revisions\/2487"}],"wp:attachment":[{"href":"https:\/\/www.e-con.de\/wp-de\/wp-json\/wp\/v2\/media?parent=2034"}],"curies":[{"name":"wp","href":"https:\/\/api.w.org\/{rel}","templated":true}]}}