{"id":174,"date":"2016-04-23T16:49:02","date_gmt":"2016-04-23T14:49:02","guid":{"rendered":"http:\/\/www.e-c-o-n.de\/wp-de\/?page_id=174"},"modified":"2024-01-07T21:09:15","modified_gmt":"2024-01-07T20:09:15","slug":"erneuerbare-energie","status":"publish","type":"page","link":"https:\/\/www.e-con.de\/wp-de\/erneuerbare-energie\/","title":{"rendered":"Erneuerbare Energie"},"content":{"rendered":"\n<figure class=\"wp-block-image\"><img loading=\"lazy\" decoding=\"async\" width=\"950\" height=\"210\" src=\"https:\/\/www.e-c-o-n.de\/wp-de\/wp-content\/uploads\/2016\/04\/shapeimage_2.png\" alt=\"shapeimage_2\" class=\"wp-image-43\" srcset=\"https:\/\/www.e-con.de\/wp-de\/wp-content\/uploads\/2016\/04\/shapeimage_2.png 950w, https:\/\/www.e-con.de\/wp-de\/wp-content\/uploads\/2016\/04\/shapeimage_2-300x66.png 300w, https:\/\/www.e-con.de\/wp-de\/wp-content\/uploads\/2016\/04\/shapeimage_2-768x170.png 768w\" sizes=\"auto, (max-width: 950px) 100vw, 950px\" \/><\/figure>\n\n\n\n<p><a href=\"https:\/\/www.e-con.de\/wp-de\/quick-plan\/\"><strong>Quick-Plan<\/strong>&nbsp; &nbsp; &nbsp; &nbsp; &nbsp; &#8211; Planen Sie Ihre PV Anlage selbst. Wir unterbreiten Ihnen ein Angebot<\/a><\/p>\n\n\n\n<p><a href=\"https:\/\/www.e-con.de\/wp-de\/erneuerbare-energie\/strom-aus-licht-photovoltaik\/\"><strong>Strom aus Licht<\/strong>&nbsp; &#8211; Das Informationsportal rundum Solarenergie&nbsp;<\/a><\/p>\n\n\n\n<p><a href=\"https:\/\/www.e-con.de\/wp-de\/eco-solaranlage\/\"><strong>Eco-Solar<\/strong>&nbsp; &nbsp; &nbsp; &nbsp; &nbsp; &nbsp; &#8211; Errichten Sie Ihre Solaranlage. Nutzen Sie Solarstrom mit oder ohne&nbsp;Batteriel\u00f6sung<\/a><\/p>\n\n\n\n<p><a href=\"https:\/\/www.e-con.de\/wp-de\/eco-strom\/\"><strong>Eco-Strom<\/strong>&nbsp; &nbsp; &nbsp; &nbsp; &nbsp; &nbsp;&#8211; Beziehen Sie g\u00fcnstigen Solarstrom aus unserer Solaranlage<\/a><\/p>\n\n\n\n<p><a href=\"https:\/\/www.e-con.de\/wp-de\/eco-rent\/\"><strong>Eco-Rent<\/strong>&nbsp; &nbsp; &nbsp; &nbsp; &nbsp; &nbsp; &nbsp;&#8211; Mieten Sie eine Solaranlagen und nutzen Sie Solarstrom mit oder ohne Batteriel\u00f6sung &nbsp;<\/a><\/p>\n\n\n\n<pre class=\"wp-block-preformatted\">Nachhaltigkeit und Umweltverantwortung durch Solarstromanlagen<\/pre>\n\n\n\n<p class=\"paragraph_style_4\">F\u00fcr eine nachhaltige Energieversorgung ist der Weg ins solare Zeitalter ohne Alternative. Die Energie, die die Sonne t\u00e4glich zur Erde sendet \u00fcberschreitet den Bedarf um ein Vielfaches.\u00a0Als Besitzer, Solarstromnutzer oder Mieter von Photovoltaikanlagen tragen Sie dazu bei, eine sonnige Zukunft zu erm\u00f6glichen.<\/p>\n\n\n\n<p class=\"paragraph_style_4\">Die Bereitstellung von elektrischer Energie als h\u00f6chste Form der Prim\u00e4renergie erm\u00f6glicht neben der Direktnutzung auch die Erzeugung von W\u00e4rme und Warmwasser, zudem macht diese unabh\u00e4ngig von steigenden Nebenkosten.<\/p>\n\n\n\n<p class=\"paragraph_style_4\">Wir engagieren uns f\u00fcr Sie, um auf Ihre W\u00fcnsche einzugehen egal ob Sie Ihr Dach oder eine gro\u00dfe Freifl\u00e4che f\u00fcr eine Photovoltaikanlage verpachten oder vermieten, selbst eine Photovoltaikanlage bauen m\u00f6chten oder als Investor ein attraktives Projekt suchen. Die M\u00f6glichkeiten sind gro\u00df, die Vielfalt der Dienstleistungen gleicherma\u00dfen. Welche Vertr\u00e4ge sind notwendig? Wie f\u00fcgt sich die Energie aus Photovoltaik in Ihr Energiekonzept ein. Welche Erweiterungsm\u00f6glichkeiten gibt es? Wir beraten Sie umfassend und begleiten Sie von der ersten Idee bis zur betriebsbereiten Anlage<\/p>\n\n\n\n<p class=\"paragraph_style_4\">Am Beginn der Photovoltaikplanung steht die Suche nach einer geeigneten, verschattungsfreien Fl\u00e4che.\u00a0 Anschlie\u00dfend sind verschiedene Fragestellungen zu untersuchen. Kann die Konstruktion die Lasten aufnehmen? Ist das Verkleidung in absehbarer Zeit zu sanieren? Sind die Anforderungen an den Brandschutz eingehalten? Ist ein sinnvoller Netzeinspeisepunkt verf\u00fcgbar? Ist der Standort f\u00fcr Freilandanlagen verg\u00fctungsf\u00e4hig? Sind die Baugrundeigenschaften geeignet?\u00a0 Wir behalten immer den \u00dcberblick und w\u00e4hlen die Projekte so aus, dass f\u00fcr alle Beteiligten ein optimaler Nutzen entsteht.<\/p>\n\n\n\n<p class=\"paragraph_style_4\">Wir erstellen Anlagenkonzepte, k\u00fcmmern uns um die notwendigen Vertr\u00e4ge und Baugenehmigungen. Stehen bei Projekten unterschiedliche Standpunkte \u2013 beispielsweise von Wirtschaftsf\u00f6rderern und Natursch\u00fctzern \u2013 einander gegen\u00fcber, setzen wir uns f\u00fcr Kompromisse ein. Ma\u00dfgeschneidert auf die Gegebenheiten vor Ort werden Anzahl und Art der Module und die Montagesysteme festgelegt. Auch der exakte Ablauf der Installation wird ausgearbeitet. \u00dcber den gesamten Projektverlauf hinweg sind wir Ihr Ansprechpartner \u2013 bis die Solaranlage zuverl\u00e4ssig sauberen Strom produziert.<\/p>\n\n\n\n<p class=\"paragraph_style_4\">Wir optimieren die Wirtschaftlichkeit eines Projektes. Auf der Grundlage von Rahmenvertr\u00e4gen mit anerkannten Herstellern der PV Industrie garantieren wir modernste Technik zu g\u00fcnstigen Preisen. Bei Gro\u00dfanlagen unterst\u00fctzen wir Sie auch in allen Fragen der Finanzierung. Unsere Experten handeln mit den Banken optimale Kreditkonditionen aus. Von diesen Vorteilen profitieren Sie auch, wenn Sie als Projekteigent\u00fcmer e-con beauftragen, um f\u00fcr Sie eine Anlage schl\u00fcsselfertig zu bauen. Wenn gew\u00fcnscht, k\u00fcmmern wir uns hier ebenfalls um die Finanzierung des Projektes und die Suche nach privaten oder institutionellen Investoren.<\/p>\n\n\n\n<p><\/p>\n","protected":false},"excerpt":{"rendered":"<p>Quick-Plan&nbsp; &nbsp; &nbsp; &nbsp; &nbsp; &#8211; Planen Sie Ihre PV Anlage selbst. Wir unterbreiten Ihnen ein Angebot Strom aus Licht&nbsp; &#8211; Das Informationsportal rundum Solarenergie&nbsp; Eco-Solar&nbsp; &nbsp; &nbsp; &nbsp; &nbsp; &nbsp; &#8211; Errichten Sie Ihre Solaranlage. Nutzen Sie Solarstrom mit oder ohne&nbsp;Batteriel\u00f6sung Eco-Strom&nbsp; &nbsp; &nbsp; &nbsp; &nbsp; &nbsp;&#8211; Beziehen Sie g\u00fcnstigen Solarstrom aus unserer Solaranlage &#8230; <a title=\"Erneuerbare Energie\" class=\"read-more\" href=\"https:\/\/www.e-con.de\/wp-de\/erneuerbare-energie\/\" aria-label=\"Mehr Informationen \u00fcber Erneuerbare Energie\">Weiterlesen &#8230;<\/a><\/p>\n","protected":false},"author":1,"featured_media":0,"parent":0,"menu_order":10,"comment_status":"closed","ping_status":"closed","template":"","meta":{"ngg_post_thumbnail":0,"generate_page_header":"","footnotes":""},"class_list":["post-174","page","type-page","status-publish"],"yoast_head":"<!-- This site is optimized with the Yoast SEO plugin v27.5 - https:\/\/yoast.com\/product\/yoast-seo-wordpress\/ -->\n<title>Erneuerbare Energie - e-con I Die Partner f\u00fcr Energieeffizienz, Planung und Erneuerbare Energien<\/title>\n<meta name=\"robots\" content=\"index, follow, max-snippet:-1, max-image-preview:large, max-video-preview:-1\" \/>\n<link rel=\"canonical\" href=\"https:\/\/www.e-con.de\/wp-de\/erneuerbare-energie\/\" \/>\n<meta property=\"og:locale\" content=\"de_DE\" \/>\n<meta property=\"og:type\" content=\"article\" \/>\n<meta property=\"og:title\" content=\"Erneuerbare Energie - e-con I Die Partner f\u00fcr Energieeffizienz, Planung und Erneuerbare Energien\" \/>\n<meta property=\"og:description\" content=\"Quick-Plan&nbsp; &nbsp; &nbsp; &nbsp; &nbsp; &#8211; Planen Sie Ihre PV Anlage selbst. Wir unterbreiten Ihnen ein Angebot Strom aus Licht&nbsp; &#8211; Das Informationsportal rundum Solarenergie&nbsp; Eco-Solar&nbsp; &nbsp; &nbsp; &nbsp; &nbsp; &nbsp; &#8211; Errichten Sie Ihre Solaranlage. Nutzen Sie Solarstrom mit oder ohne&nbsp;Batteriel\u00f6sung Eco-Strom&nbsp; &nbsp; &nbsp; &nbsp; &nbsp; &nbsp;&#8211; Beziehen Sie g\u00fcnstigen Solarstrom aus unserer Solaranlage ... Weiterlesen ...\" \/>\n<meta property=\"og:url\" content=\"https:\/\/www.e-con.de\/wp-de\/erneuerbare-energie\/\" \/>\n<meta property=\"og:site_name\" content=\"e-con I Die Partner f\u00fcr Energieeffizienz, Planung und Erneuerbare Energien\" \/>\n<meta property=\"article:publisher\" content=\"https:\/\/www.facebook.com\/Matthias-Sch%c3%b6nhardt-1114936911891993\/\" \/>\n<meta property=\"article:modified_time\" content=\"2024-01-07T20:09:15+00:00\" \/>\n<meta property=\"og:image\" content=\"https:\/\/www.e-c-o-n.de\/wp-de\/wp-content\/uploads\/2016\/04\/shapeimage_2.png\" \/>\n<meta name=\"twitter:card\" content=\"summary_large_image\" \/>\n<meta name=\"twitter:label1\" content=\"Gesch\u00e4tzte Lesezeit\" \/>\n\t<meta name=\"twitter:data1\" content=\"3\u00a0Minuten\" \/>\n<script type=\"application\/ld+json\" class=\"yoast-schema-graph\">{\"@context\":\"https:\\\/\\\/schema.org\",\"@graph\":[{\"@type\":\"WebPage\",\"@id\":\"https:\\\/\\\/www.e-con.de\\\/wp-de\\\/erneuerbare-energie\\\/\",\"url\":\"https:\\\/\\\/www.e-con.de\\\/wp-de\\\/erneuerbare-energie\\\/\",\"name\":\"Erneuerbare Energie - e-con I Die Partner f\u00fcr Energieeffizienz, Planung und Erneuerbare Energien\",\"isPartOf\":{\"@id\":\"https:\\\/\\\/www.e-con.de\\\/wp-de\\\/#website\"},\"primaryImageOfPage\":{\"@id\":\"https:\\\/\\\/www.e-con.de\\\/wp-de\\\/erneuerbare-energie\\\/#primaryimage\"},\"image\":{\"@id\":\"https:\\\/\\\/www.e-con.de\\\/wp-de\\\/erneuerbare-energie\\\/#primaryimage\"},\"thumbnailUrl\":\"https:\\\/\\\/www.e-c-o-n.de\\\/wp-de\\\/wp-content\\\/uploads\\\/2016\\\/04\\\/shapeimage_2.png\",\"datePublished\":\"2016-04-23T14:49:02+00:00\",\"dateModified\":\"2024-01-07T20:09:15+00:00\",\"breadcrumb\":{\"@id\":\"https:\\\/\\\/www.e-con.de\\\/wp-de\\\/erneuerbare-energie\\\/#breadcrumb\"},\"inLanguage\":\"de\",\"potentialAction\":[{\"@type\":\"ReadAction\",\"target\":[\"https:\\\/\\\/www.e-con.de\\\/wp-de\\\/erneuerbare-energie\\\/\"]}]},{\"@type\":\"ImageObject\",\"inLanguage\":\"de\",\"@id\":\"https:\\\/\\\/www.e-con.de\\\/wp-de\\\/erneuerbare-energie\\\/#primaryimage\",\"url\":\"https:\\\/\\\/www.e-c-o-n.de\\\/wp-de\\\/wp-content\\\/uploads\\\/2016\\\/04\\\/shapeimage_2.png\",\"contentUrl\":\"https:\\\/\\\/www.e-c-o-n.de\\\/wp-de\\\/wp-content\\\/uploads\\\/2016\\\/04\\\/shapeimage_2.png\"},{\"@type\":\"BreadcrumbList\",\"@id\":\"https:\\\/\\\/www.e-con.de\\\/wp-de\\\/erneuerbare-energie\\\/#breadcrumb\",\"itemListElement\":[{\"@type\":\"ListItem\",\"position\":1,\"name\":\"Startseite\",\"item\":\"https:\\\/\\\/www.e-con.de\\\/wp-de\\\/\"},{\"@type\":\"ListItem\",\"position\":2,\"name\":\"Erneuerbare Energie\"}]},{\"@type\":\"WebSite\",\"@id\":\"https:\\\/\\\/www.e-con.de\\\/wp-de\\\/#website\",\"url\":\"https:\\\/\\\/www.e-con.de\\\/wp-de\\\/\",\"name\":\"e-con I Die Partner f\u00fcr Energieeffizienz, Planung und Erneuerbare Energien\",\"description\":\"Die Partner f\u00fcr Energieeffizienz, Planung und Erneuerbare Energien\",\"publisher\":{\"@id\":\"https:\\\/\\\/www.e-con.de\\\/wp-de\\\/#organization\"},\"potentialAction\":[{\"@type\":\"SearchAction\",\"target\":{\"@type\":\"EntryPoint\",\"urlTemplate\":\"https:\\\/\\\/www.e-con.de\\\/wp-de\\\/?s={search_term_string}\"},\"query-input\":{\"@type\":\"PropertyValueSpecification\",\"valueRequired\":true,\"valueName\":\"search_term_string\"}}],\"inLanguage\":\"de\"},{\"@type\":\"Organization\",\"@id\":\"https:\\\/\\\/www.e-con.de\\\/wp-de\\\/#organization\",\"name\":\"e-con I Die Partner f\u00fcr Energieeffizienz, Planung und Erneuerbare Energien\",\"url\":\"https:\\\/\\\/www.e-con.de\\\/wp-de\\\/\",\"logo\":{\"@type\":\"ImageObject\",\"inLanguage\":\"de\",\"@id\":\"https:\\\/\\\/www.e-con.de\\\/wp-de\\\/#\\\/schema\\\/logo\\\/image\\\/\",\"url\":\"https:\\\/\\\/www.e-con.de\\\/wp-de\\\/wp-content\\\/uploads\\\/2016\\\/04\\\/LOGO-CAD-15102015-mit-Slogan-e1460284870722.png\",\"contentUrl\":\"https:\\\/\\\/www.e-con.de\\\/wp-de\\\/wp-content\\\/uploads\\\/2016\\\/04\\\/LOGO-CAD-15102015-mit-Slogan-e1460284870722.png\",\"width\":350,\"height\":101,\"caption\":\"e-con I Die Partner f\u00fcr Energieeffizienz, Planung und Erneuerbare Energien\"},\"image\":{\"@id\":\"https:\\\/\\\/www.e-con.de\\\/wp-de\\\/#\\\/schema\\\/logo\\\/image\\\/\"},\"sameAs\":[\"https:\\\/\\\/www.facebook.com\\\/Matthias-Sch\u00f6nhardt-1114936911891993\\\/\"]}]}<\/script>\n<!-- \/ Yoast SEO plugin. -->","yoast_head_json":{"title":"Erneuerbare Energie - e-con I Die Partner f\u00fcr Energieeffizienz, Planung und Erneuerbare Energien","robots":{"index":"index","follow":"follow","max-snippet":"max-snippet:-1","max-image-preview":"max-image-preview:large","max-video-preview":"max-video-preview:-1"},"canonical":"https:\/\/www.e-con.de\/wp-de\/erneuerbare-energie\/","og_locale":"de_DE","og_type":"article","og_title":"Erneuerbare Energie - e-con I Die Partner f\u00fcr Energieeffizienz, Planung und Erneuerbare Energien","og_description":"Quick-Plan&nbsp; &nbsp; &nbsp; &nbsp; &nbsp; &#8211; Planen Sie Ihre PV Anlage selbst. Wir unterbreiten Ihnen ein Angebot Strom aus Licht&nbsp; &#8211; Das Informationsportal rundum Solarenergie&nbsp; Eco-Solar&nbsp; &nbsp; &nbsp; &nbsp; &nbsp; &nbsp; &#8211; Errichten Sie Ihre Solaranlage. Nutzen Sie Solarstrom mit oder ohne&nbsp;Batteriel\u00f6sung Eco-Strom&nbsp; &nbsp; &nbsp; &nbsp; &nbsp; &nbsp;&#8211; Beziehen Sie g\u00fcnstigen Solarstrom aus unserer Solaranlage ... Weiterlesen ...","og_url":"https:\/\/www.e-con.de\/wp-de\/erneuerbare-energie\/","og_site_name":"e-con I Die Partner f\u00fcr Energieeffizienz, Planung und Erneuerbare Energien","article_publisher":"https:\/\/www.facebook.com\/Matthias-Sch%c3%b6nhardt-1114936911891993\/","article_modified_time":"2024-01-07T20:09:15+00:00","og_image":[{"url":"https:\/\/www.e-c-o-n.de\/wp-de\/wp-content\/uploads\/2016\/04\/shapeimage_2.png","type":"","width":"","height":""}],"twitter_card":"summary_large_image","twitter_misc":{"Gesch\u00e4tzte Lesezeit":"3\u00a0Minuten"},"schema":{"@context":"https:\/\/schema.org","@graph":[{"@type":"WebPage","@id":"https:\/\/www.e-con.de\/wp-de\/erneuerbare-energie\/","url":"https:\/\/www.e-con.de\/wp-de\/erneuerbare-energie\/","name":"Erneuerbare Energie - e-con I Die Partner f\u00fcr Energieeffizienz, Planung und Erneuerbare Energien","isPartOf":{"@id":"https:\/\/www.e-con.de\/wp-de\/#website"},"primaryImageOfPage":{"@id":"https:\/\/www.e-con.de\/wp-de\/erneuerbare-energie\/#primaryimage"},"image":{"@id":"https:\/\/www.e-con.de\/wp-de\/erneuerbare-energie\/#primaryimage"},"thumbnailUrl":"https:\/\/www.e-c-o-n.de\/wp-de\/wp-content\/uploads\/2016\/04\/shapeimage_2.png","datePublished":"2016-04-23T14:49:02+00:00","dateModified":"2024-01-07T20:09:15+00:00","breadcrumb":{"@id":"https:\/\/www.e-con.de\/wp-de\/erneuerbare-energie\/#breadcrumb"},"inLanguage":"de","potentialAction":[{"@type":"ReadAction","target":["https:\/\/www.e-con.de\/wp-de\/erneuerbare-energie\/"]}]},{"@type":"ImageObject","inLanguage":"de","@id":"https:\/\/www.e-con.de\/wp-de\/erneuerbare-energie\/#primaryimage","url":"https:\/\/www.e-c-o-n.de\/wp-de\/wp-content\/uploads\/2016\/04\/shapeimage_2.png","contentUrl":"https:\/\/www.e-c-o-n.de\/wp-de\/wp-content\/uploads\/2016\/04\/shapeimage_2.png"},{"@type":"BreadcrumbList","@id":"https:\/\/www.e-con.de\/wp-de\/erneuerbare-energie\/#breadcrumb","itemListElement":[{"@type":"ListItem","position":1,"name":"Startseite","item":"https:\/\/www.e-con.de\/wp-de\/"},{"@type":"ListItem","position":2,"name":"Erneuerbare Energie"}]},{"@type":"WebSite","@id":"https:\/\/www.e-con.de\/wp-de\/#website","url":"https:\/\/www.e-con.de\/wp-de\/","name":"e-con I Die Partner f\u00fcr Energieeffizienz, Planung und Erneuerbare Energien","description":"Die Partner f\u00fcr Energieeffizienz, Planung und Erneuerbare Energien","publisher":{"@id":"https:\/\/www.e-con.de\/wp-de\/#organization"},"potentialAction":[{"@type":"SearchAction","target":{"@type":"EntryPoint","urlTemplate":"https:\/\/www.e-con.de\/wp-de\/?s={search_term_string}"},"query-input":{"@type":"PropertyValueSpecification","valueRequired":true,"valueName":"search_term_string"}}],"inLanguage":"de"},{"@type":"Organization","@id":"https:\/\/www.e-con.de\/wp-de\/#organization","name":"e-con I Die Partner f\u00fcr Energieeffizienz, Planung und Erneuerbare Energien","url":"https:\/\/www.e-con.de\/wp-de\/","logo":{"@type":"ImageObject","inLanguage":"de","@id":"https:\/\/www.e-con.de\/wp-de\/#\/schema\/logo\/image\/","url":"https:\/\/www.e-con.de\/wp-de\/wp-content\/uploads\/2016\/04\/LOGO-CAD-15102015-mit-Slogan-e1460284870722.png","contentUrl":"https:\/\/www.e-con.de\/wp-de\/wp-content\/uploads\/2016\/04\/LOGO-CAD-15102015-mit-Slogan-e1460284870722.png","width":350,"height":101,"caption":"e-con I Die Partner f\u00fcr Energieeffizienz, Planung und Erneuerbare Energien"},"image":{"@id":"https:\/\/www.e-con.de\/wp-de\/#\/schema\/logo\/image\/"},"sameAs":["https:\/\/www.facebook.com\/Matthias-Sch\u00f6nhardt-1114936911891993\/"]}]}},"_links":{"self":[{"href":"https:\/\/www.e-con.de\/wp-de\/wp-json\/wp\/v2\/pages\/174","targetHints":{"allow":["GET"]}}],"collection":[{"href":"https:\/\/www.e-con.de\/wp-de\/wp-json\/wp\/v2\/pages"}],"about":[{"href":"https:\/\/www.e-con.de\/wp-de\/wp-json\/wp\/v2\/types\/page"}],"author":[{"embeddable":true,"href":"https:\/\/www.e-con.de\/wp-de\/wp-json\/wp\/v2\/users\/1"}],"replies":[{"embeddable":true,"href":"https:\/\/www.e-con.de\/wp-de\/wp-json\/wp\/v2\/comments?post=174"}],"version-history":[{"count":21,"href":"https:\/\/www.e-con.de\/wp-de\/wp-json\/wp\/v2\/pages\/174\/revisions"}],"predecessor-version":[{"id":11014,"href":"https:\/\/www.e-con.de\/wp-de\/wp-json\/wp\/v2\/pages\/174\/revisions\/11014"}],"wp:attachment":[{"href":"https:\/\/www.e-con.de\/wp-de\/wp-json\/wp\/v2\/media?parent=174"}],"curies":[{"name":"wp","href":"https:\/\/api.w.org\/{rel}","templated":true}]}}