{"id":131,"date":"2016-04-18T21:05:29","date_gmt":"2016-04-18T19:05:29","guid":{"rendered":"http:\/\/www.e-c-o-n.de\/wp-de\/?page_id=131"},"modified":"2018-01-12T09:01:14","modified_gmt":"2018-01-12T08:01:14","slug":"licht","status":"publish","type":"page","link":"https:\/\/www.e-con.de\/wp-de\/licht\/","title":{"rendered":"Lichtberatung &#8211; Lichtplanung &#8211; Lichtprodukte"},"content":{"rendered":"<p><img loading=\"lazy\" decoding=\"async\" class=\"alignnone size-full wp-image-1096\" src=\"https:\/\/www.e-c-o-n.de\/wp-de\/wp-content\/uploads\/2016\/08\/Strassenlicht_01.jpg\" alt=\"Strassenlicht_01\" width=\"2539\" height=\"527\" srcset=\"https:\/\/www.e-con.de\/wp-de\/wp-content\/uploads\/2016\/08\/Strassenlicht_01.jpg 2539w, https:\/\/www.e-con.de\/wp-de\/wp-content\/uploads\/2016\/08\/Strassenlicht_01-300x62.jpg 300w, https:\/\/www.e-con.de\/wp-de\/wp-content\/uploads\/2016\/08\/Strassenlicht_01-768x159.jpg 768w, https:\/\/www.e-con.de\/wp-de\/wp-content\/uploads\/2016\/08\/Strassenlicht_01-1024x213.jpg 1024w\" sizes=\"auto, (max-width: 2539px) 100vw, 2539px\" \/><\/p>\n<pre><a href=\"http:\/\/shop.e-con.de\" target=\"_blank\" rel=\"noopener\">Weiter zu unserem Online Shop f\u00fcr LED und Solarartikel<\/a><\/pre>\n<pre>Effizientes Licht als Baustein zum Erfolg und Umweltschutz<\/pre>\n<p style=\"text-align: justify;\">Die Beleuchtungsindustrie befindet sich im rasanten Umgestaltungsprozess. Die Notwendigkeit der Entwicklung energieeffizienter Ger\u00e4te, der Druck durch rechtsverbindliche Vereinbarungen wie das Kyoto-Protokoll und die sich aus der LED-Revolution ergebenden neuen M\u00f6glichkeiten wirken sich positiv auf das Angebot von Beleuchtungsl\u00f6sungen aus. Die Kommunale Lichttechnik engagiert sich bei diesen Themen unter dem Motto &#8222;Nachhaltigkeit bei Beleuchtung im \u00f6ffentlichen Raum&#8220;. Wir unterst\u00fctzen Sie ihren Stromverbrauch zu senken, den Kohlendioxidaussto\u00df zu reduzieren und die Lebensqualit\u00e4t in Ihrem Umfeld nachhaltig zu verbessern.<\/p>\n<p>Die e-con GmbH engagiert sich ma\u00dfgeblich f\u00fcr Beleuchtungsl\u00f6sungen im \u00f6ffentlichen Raum. Durch Contracting Modelle sichern wir eine schnelle und effiziente Umr\u00fcstung existierender Lichtsysteme zum Vorteil der Kommunen, des Gewerbes und der Industrie.<\/p>\n<p>Wir unterst\u00fctzen Sie mit unseren&nbsp;Partnern bei:<\/p>\n<ul>\n<li>der&nbsp;Lichtberatung,<\/li>\n<li>der Lichtplanung,<\/li>\n<li>der&nbsp;F\u00f6rderberatung,&nbsp;der F\u00f6rdermittelantragstellung und der Finanzierung<\/li>\n<li>der Realisation und anschlie\u00dfend<\/li>\n<li>mit Service und Wartung.<\/li>\n<\/ul>\n<p>Durch unser eigenes <a href=\"https:\/\/www.e-c-o-n.de\/wp-de\/shop\/\" target=\"_blank\" rel=\"noopener\">LED Lichtsortiment<\/a> garantieren wir die optimale Wirtschaftlichkeit.&nbsp;So bekommt der Nutzer von vornherein auch ohne eigene Investition eine hohe Lichtqualit\u00e4t und die optimalen finanziellen Vorteile.<\/p>\n<pre>Lichtplanung<\/pre>\n<p>Von der Ist-Ana\u00adlyse der vor\u00adhan\u00adde\u00adnen Beleuch\u00adtungs\u00adan\u00adlage \u00fcber die Ermitt\u00adlung des zuk\u00fcnfti\u00adgen Beleuch\u00adtungs\u00adbe\u00addarfs und des Ein\u00adspar\u00adpo\u00adten\u00adtials bis hin zur Amor\u00adti\u00adsa\u00adti\u00adons\u00adbe\u00adrech\u00adnung ers\u00adtel\u00adlen wir kos\u00adten\u00adlos eine kun\u00adden\u00adspe\u00adzi\u00adfi\u00adsche Licht &#8211; Konzeption.&nbsp;Auf dieser Grundlage kalkulieren wir die Beleuchtungsanlage zum Festpreis und installieren diese. Dabei werden im Innenbereich auch Nebengewerke, wie Brandschutz, Deckensanierung oder Sicherheitsbeleuchtung ber\u00fccksichtigt.<\/p>\n<p>Im Gespr\u00e4ch mit Ihnen ermitteln wir Ihre individuellen Bed\u00fcrfnisse in punkto Beleuchtung: Legen Sie besonderen Wert eine m\u00f6glichst hohe Energieeinsparung? Welches sind die spezifischen Anforderungen durch Normen und Gesetze, die Ihre Beleuchtungsanlage erf\u00fcllen muss? Dar\u00fcber hinaus analysieren wir die r\u00e4umlichen und nutzungsspezifischen Gegebenheiten vor Ort und ziehen daraus R\u00fcckschl\u00fcsse auf Ihre Anforderungen an eine optimale Beleuchtung.<\/p>\n<p>Auf Basis dieser Informationen planen wir f\u00fcr Sie die Neuinstallation Ihrer Beleuchtungsanlagen. In unserem Konzept zeigen wir die Ergebnisse bereits auf:&nbsp;Wir definieren die Kosten f\u00fcr das Projekt, errechnen die Energieeinsparung sowie den Zeitraum der Amortisation.<\/p>\n<p>Damit schaffen wir eine realistische Entscheidungsgrundlage: Sie wissen bereits vor der Beauftragung, mit welchem Ergebnis Sie rechnen k\u00f6nnen!<\/p>\n<pre>LED Produkte<\/pre>\n<p>Wir bieten ein umfangreiches LED Produktsortiment f\u00fcr den gewerblichen und kommunalen Bereich. Neben unseren Eigenprodukten ist der Zugriff auf Produkte verschiedener europ\u00e4ischer Hersteller m\u00f6glich. Unsere Grundprodukte&nbsp;sind in <a href=\"https:\/\/www.e-c-o-n.de\/wp-de\/shop\/\">unserem aktuellen Webshop<\/a> sowie in&nbsp;<a href=\"http:\/\/www.shop-econ.de\" target=\"_blank\" rel=\"noopener\">unserem bisherigen Webshop<\/a> einsehbar. LED Beleuchtung mit besonderen Anforderungen erhalten Sie auf Anfrage. Sonderbeleuchtung kann angefertigt werden.<\/p>\n<pre>Projektrealisation<\/pre>\n<p align=\"justify\">Nach\u00addem wir gemein\u00adsam die opti\u00admale L\u00f6sung f\u00fcr Ihre Beleuch\u00adtungs\u00adsi\u00adtua\u00adtion ent\u00adwi\u00adckelt haben, k\u00f6nnen wir auch f\u00fcr die fach\u00adge\u00adrechte Dein\u00adstal\u00adla\u00adtion der Alt\u00adan\u00adlage und ansch\u00adlie\u00dfend f\u00fcr die Instal\u00adla\u00adtion der Neu\u00adan\u00adlage sorgen.<\/p>\n<p align=\"justify\">Auch even\u00adtu\u00adell not\u00adwen\u00addige Neben\u00adge\u00adwerke wer\u00adden umge\u00adsetzt. Die Pro\u00adjek\u00adtrealisierung erfolgt dabei unter stren\u00adger Ein\u00adhal\u00adtung aller Vor\u00adschrif\u00adten. Ansch\u00adlie\u00dfend \u00fcber\u00adneh\u00admen wir die tech\u00adni\u00adsche Ein\u00adstel\u00adlung der Anlage: Jede Leuchte wird fein\u00adjus\u00adtiert und ihr Ener\u00adgie\u00adver\u00adbrauch sowie die Beleuch\u00adtungsst\u00e4rke zum Zeit\u00adpunkt der Mon\u00adtage doku\u00admen\u00adtiert. Bei der \u00dcber\u00adg\u00adabe wei\u00adsen wir Sie in die Steue\u00adrungs\u00adtech\u00adnik der Beleuch\u00adtungs\u00adan\u00adlage ein. Wir leis\u00adten Hilfe zur Selbst\u00adhilfe.<\/p>\n<pre>Finanzierung<\/pre>\n<p align=\"justify\">Unser verbraucherfreundliches LED Contracting bietet Kommunen die M\u00f6glichkeit, die Vorteile der LED Beleuchtung zu nutzen, ohne erhebliche Mehrkosten zu bew\u00e4ltigen. e-con ber\u00e4t Sie individuell und kostenlos zum Thema Lichtcontracting\/Nutzungsvertrag und begleitet Sie auf Ihrem Weg zu einer energieeffizienteren Beleuchtungsanlage.<\/p>\n<p align=\"justify\">e-con \u00fcbernimmt die Umstellung auf die LED Beleuchtung. Der Contracting-Partner (der Nutzer) zahlt lediglich eine monatliche Rate und senkt so die Anschaffungskosten auf ein Minimum.<\/p>\n<pre>Servicepartnerschaft<\/pre>\n<p align=\"justify\">Auch, wenn Sie noch keine vollst\u00e4ndige Beleuch\u00adtungs\u00adsa\u00adnie\u00adrung rea\u00adli\u00adsie\u00adren m\u00f6chten, \u00fcber\u00adneh\u00admen wir gerne den Betrieb und den Ser\u00advice rund um Ihre vor\u00adhan\u00addene Beleuch\u00adtungs\u00adan\u00adlage. Sie m\u00f6chten sicher\u00ads\u00adtel\u00adlen, dass Ihre Anlage feh\u00adler\u00adf\u00adrei funk\u00adtio\u00adniert und Sie m\u00f6chten sich die Option einer schritt\u00adwei\u00adsen Sanie\u00adrung nicht ver\u00adsch\u00adlie\u00dfen.<\/p>\n<p align=\"justify\">Hier greift das Modell des Lich\u00adtout\u00adsour\u00adcings.&nbsp;Sie \u00fcber\u00adge\u00adben den Betrieb Ihrer beste\u00adhen\u00adden Licht\u00adan\u00adlage an uns. Wir tau\u00adschen nach Bedarf Teile Ihrer Alt\u00adan\u00adlage suk\u00adzes\u00adsive aus und \u00fcber\u00adneh\u00admen das gesamte Mana\u00adge\u00adment Ihrer Beleuch\u00adtungs\u00adan\u00adlage als Ser\u00advice\u00adpart\u00adner.<\/p>\n<p align=\"justify\">Dies bie\u00adtet Ihnen zwei Vor\u00adteile: Ihre beste\u00adhende Anlage funk\u00adtio\u00adniert dau\u00ader\u00adhaft und rei\u00adbungs\u00adlos. Pro\u00adb\u00adlem\u00adbe\u00adrei\u00adche wer\u00adden fr\u00fchzei\u00adtig erkannt und Sie ent\u00adschei\u00adden, wann Teil\u00adbe\u00adrei\u00adche saniert wer\u00adden m\u00fcssen, so dass die gro\u00dfen Ein\u00adspa\u00adrungs\u00adpo\u00adten\u00adziale durch eine neue Anlage f\u00fcr Sie zum Tra\u00adgen kom\u00admen. Somit haben Sie Ihren Kapi\u00adtal\u00adauf\u00adwand jeder\u00adzeit fest im Griff und scho\u00adnen Ihre Per\u00adso\u00adnalres\u00adsour\u00adcen. Sie kon\u00adzen\u00adtrie\u00adren sich nur noch auf Ihre Kernaufgabe.<\/p>\n<p>&nbsp;<\/p>\n<p>&nbsp;<\/p>\n","protected":false},"excerpt":{"rendered":"<p>Weiter zu unserem Online Shop f\u00fcr LED und Solarartikel Effizientes Licht als Baustein zum Erfolg und Umweltschutz Die Beleuchtungsindustrie befindet sich im rasanten Umgestaltungsprozess. Die Notwendigkeit der Entwicklung energieeffizienter Ger\u00e4te, der Druck durch rechtsverbindliche Vereinbarungen wie das Kyoto-Protokoll und die sich aus der LED-Revolution ergebenden neuen M\u00f6glichkeiten wirken sich positiv auf das Angebot von Beleuchtungsl\u00f6sungen &#8230; <a title=\"Lichtberatung &#8211; Lichtplanung &#8211; Lichtprodukte\" class=\"read-more\" href=\"https:\/\/www.e-con.de\/wp-de\/licht\/\" aria-label=\"Mehr Informationen \u00fcber Lichtberatung &#8211; Lichtplanung &#8211; Lichtprodukte\">Weiterlesen &#8230;<\/a><\/p>\n","protected":false},"author":1,"featured_media":0,"parent":0,"menu_order":30,"comment_status":"closed","ping_status":"closed","template":"","meta":{"ngg_post_thumbnail":0,"generate_page_header":"","footnotes":""},"class_list":["post-131","page","type-page","status-publish"],"yoast_head":"<!-- This site is optimized with the Yoast SEO plugin v27.5 - https:\/\/yoast.com\/product\/yoast-seo-wordpress\/ -->\n<title>Lichtberatung - Lichtplanung - Lichtprodukte - e-con I Die Partner f\u00fcr Energieeffizienz, Planung und Erneuerbare Energien<\/title>\n<meta name=\"description\" content=\"Lichtplanung bis Servicepartnerschaft e-con GmbH bietet eine hohe Qualit\u00e4t und einen g\u00fcnstigen Preis. Wir beraten Sie gern f\u00fcr Ihren Licht Erfolg.\" \/>\n<meta name=\"robots\" content=\"index, follow, max-snippet:-1, max-image-preview:large, max-video-preview:-1\" \/>\n<link rel=\"canonical\" href=\"https:\/\/www.e-con.de\/wp-de\/licht\/\" \/>\n<meta property=\"og:locale\" content=\"de_DE\" \/>\n<meta property=\"og:type\" content=\"article\" \/>\n<meta property=\"og:title\" content=\"Lichtberatung - Lichtplanung - Lichtprodukte - e-con I Die Partner f\u00fcr Energieeffizienz, Planung und Erneuerbare Energien\" \/>\n<meta property=\"og:description\" content=\"Lichtplanung bis Servicepartnerschaft e-con GmbH bietet eine hohe Qualit\u00e4t und einen g\u00fcnstigen Preis. Wir beraten Sie gern f\u00fcr Ihren Licht Erfolg.\" \/>\n<meta property=\"og:url\" content=\"https:\/\/www.e-con.de\/wp-de\/licht\/\" \/>\n<meta property=\"og:site_name\" content=\"e-con I Die Partner f\u00fcr Energieeffizienz, Planung und Erneuerbare Energien\" \/>\n<meta property=\"article:publisher\" content=\"https:\/\/www.facebook.com\/Matthias-Sch%c3%b6nhardt-1114936911891993\/\" \/>\n<meta property=\"article:modified_time\" content=\"2018-01-12T08:01:14+00:00\" \/>\n<meta property=\"og:image\" content=\"https:\/\/www.e-c-o-n.de\/wp-de\/wp-content\/uploads\/2016\/08\/Strassenlicht_01.jpg\" \/>\n<meta name=\"twitter:card\" content=\"summary_large_image\" \/>\n<meta name=\"twitter:label1\" content=\"Gesch\u00e4tzte Lesezeit\" \/>\n\t<meta name=\"twitter:data1\" content=\"5\u00a0Minuten\" \/>\n<script type=\"application\/ld+json\" class=\"yoast-schema-graph\">{\"@context\":\"https:\\\/\\\/schema.org\",\"@graph\":[{\"@type\":\"WebPage\",\"@id\":\"https:\\\/\\\/www.e-con.de\\\/wp-de\\\/licht\\\/\",\"url\":\"https:\\\/\\\/www.e-con.de\\\/wp-de\\\/licht\\\/\",\"name\":\"Lichtberatung - Lichtplanung - Lichtprodukte - e-con I Die Partner f\u00fcr Energieeffizienz, Planung und Erneuerbare Energien\",\"isPartOf\":{\"@id\":\"https:\\\/\\\/www.e-con.de\\\/wp-de\\\/#website\"},\"primaryImageOfPage\":{\"@id\":\"https:\\\/\\\/www.e-con.de\\\/wp-de\\\/licht\\\/#primaryimage\"},\"image\":{\"@id\":\"https:\\\/\\\/www.e-con.de\\\/wp-de\\\/licht\\\/#primaryimage\"},\"thumbnailUrl\":\"https:\\\/\\\/www.e-c-o-n.de\\\/wp-de\\\/wp-content\\\/uploads\\\/2016\\\/08\\\/Strassenlicht_01.jpg\",\"datePublished\":\"2016-04-18T19:05:29+00:00\",\"dateModified\":\"2018-01-12T08:01:14+00:00\",\"description\":\"Lichtplanung bis Servicepartnerschaft e-con GmbH bietet eine hohe Qualit\u00e4t und einen g\u00fcnstigen Preis. Wir beraten Sie gern f\u00fcr Ihren Licht Erfolg.\",\"breadcrumb\":{\"@id\":\"https:\\\/\\\/www.e-con.de\\\/wp-de\\\/licht\\\/#breadcrumb\"},\"inLanguage\":\"de\",\"potentialAction\":[{\"@type\":\"ReadAction\",\"target\":[\"https:\\\/\\\/www.e-con.de\\\/wp-de\\\/licht\\\/\"]}]},{\"@type\":\"ImageObject\",\"inLanguage\":\"de\",\"@id\":\"https:\\\/\\\/www.e-con.de\\\/wp-de\\\/licht\\\/#primaryimage\",\"url\":\"https:\\\/\\\/www.e-c-o-n.de\\\/wp-de\\\/wp-content\\\/uploads\\\/2016\\\/08\\\/Strassenlicht_01.jpg\",\"contentUrl\":\"https:\\\/\\\/www.e-c-o-n.de\\\/wp-de\\\/wp-content\\\/uploads\\\/2016\\\/08\\\/Strassenlicht_01.jpg\"},{\"@type\":\"BreadcrumbList\",\"@id\":\"https:\\\/\\\/www.e-con.de\\\/wp-de\\\/licht\\\/#breadcrumb\",\"itemListElement\":[{\"@type\":\"ListItem\",\"position\":1,\"name\":\"Startseite\",\"item\":\"https:\\\/\\\/www.e-con.de\\\/wp-de\\\/\"},{\"@type\":\"ListItem\",\"position\":2,\"name\":\"Lichtberatung &#8211; Lichtplanung &#8211; Lichtprodukte\"}]},{\"@type\":\"WebSite\",\"@id\":\"https:\\\/\\\/www.e-con.de\\\/wp-de\\\/#website\",\"url\":\"https:\\\/\\\/www.e-con.de\\\/wp-de\\\/\",\"name\":\"e-con I Die Partner f\u00fcr Energieeffizienz, Planung und Erneuerbare Energien\",\"description\":\"Die Partner f\u00fcr Energieeffizienz, Planung und Erneuerbare Energien\",\"publisher\":{\"@id\":\"https:\\\/\\\/www.e-con.de\\\/wp-de\\\/#organization\"},\"potentialAction\":[{\"@type\":\"SearchAction\",\"target\":{\"@type\":\"EntryPoint\",\"urlTemplate\":\"https:\\\/\\\/www.e-con.de\\\/wp-de\\\/?s={search_term_string}\"},\"query-input\":{\"@type\":\"PropertyValueSpecification\",\"valueRequired\":true,\"valueName\":\"search_term_string\"}}],\"inLanguage\":\"de\"},{\"@type\":\"Organization\",\"@id\":\"https:\\\/\\\/www.e-con.de\\\/wp-de\\\/#organization\",\"name\":\"e-con I Die Partner f\u00fcr Energieeffizienz, Planung und Erneuerbare Energien\",\"url\":\"https:\\\/\\\/www.e-con.de\\\/wp-de\\\/\",\"logo\":{\"@type\":\"ImageObject\",\"inLanguage\":\"de\",\"@id\":\"https:\\\/\\\/www.e-con.de\\\/wp-de\\\/#\\\/schema\\\/logo\\\/image\\\/\",\"url\":\"https:\\\/\\\/www.e-con.de\\\/wp-de\\\/wp-content\\\/uploads\\\/2016\\\/04\\\/LOGO-CAD-15102015-mit-Slogan-e1460284870722.png\",\"contentUrl\":\"https:\\\/\\\/www.e-con.de\\\/wp-de\\\/wp-content\\\/uploads\\\/2016\\\/04\\\/LOGO-CAD-15102015-mit-Slogan-e1460284870722.png\",\"width\":350,\"height\":101,\"caption\":\"e-con I Die Partner f\u00fcr Energieeffizienz, Planung und Erneuerbare Energien\"},\"image\":{\"@id\":\"https:\\\/\\\/www.e-con.de\\\/wp-de\\\/#\\\/schema\\\/logo\\\/image\\\/\"},\"sameAs\":[\"https:\\\/\\\/www.facebook.com\\\/Matthias-Sch\u00f6nhardt-1114936911891993\\\/\"]}]}<\/script>\n<!-- \/ Yoast SEO plugin. -->","yoast_head_json":{"title":"Lichtberatung - Lichtplanung - Lichtprodukte - e-con I Die Partner f\u00fcr Energieeffizienz, Planung und Erneuerbare Energien","description":"Lichtplanung bis Servicepartnerschaft e-con GmbH bietet eine hohe Qualit\u00e4t und einen g\u00fcnstigen Preis. Wir beraten Sie gern f\u00fcr Ihren Licht Erfolg.","robots":{"index":"index","follow":"follow","max-snippet":"max-snippet:-1","max-image-preview":"max-image-preview:large","max-video-preview":"max-video-preview:-1"},"canonical":"https:\/\/www.e-con.de\/wp-de\/licht\/","og_locale":"de_DE","og_type":"article","og_title":"Lichtberatung - Lichtplanung - Lichtprodukte - e-con I Die Partner f\u00fcr Energieeffizienz, Planung und Erneuerbare Energien","og_description":"Lichtplanung bis Servicepartnerschaft e-con GmbH bietet eine hohe Qualit\u00e4t und einen g\u00fcnstigen Preis. Wir beraten Sie gern f\u00fcr Ihren Licht Erfolg.","og_url":"https:\/\/www.e-con.de\/wp-de\/licht\/","og_site_name":"e-con I Die Partner f\u00fcr Energieeffizienz, Planung und Erneuerbare Energien","article_publisher":"https:\/\/www.facebook.com\/Matthias-Sch%c3%b6nhardt-1114936911891993\/","article_modified_time":"2018-01-12T08:01:14+00:00","og_image":[{"url":"https:\/\/www.e-c-o-n.de\/wp-de\/wp-content\/uploads\/2016\/08\/Strassenlicht_01.jpg","type":"","width":"","height":""}],"twitter_card":"summary_large_image","twitter_misc":{"Gesch\u00e4tzte Lesezeit":"5\u00a0Minuten"},"schema":{"@context":"https:\/\/schema.org","@graph":[{"@type":"WebPage","@id":"https:\/\/www.e-con.de\/wp-de\/licht\/","url":"https:\/\/www.e-con.de\/wp-de\/licht\/","name":"Lichtberatung - Lichtplanung - Lichtprodukte - e-con I Die Partner f\u00fcr Energieeffizienz, Planung und Erneuerbare Energien","isPartOf":{"@id":"https:\/\/www.e-con.de\/wp-de\/#website"},"primaryImageOfPage":{"@id":"https:\/\/www.e-con.de\/wp-de\/licht\/#primaryimage"},"image":{"@id":"https:\/\/www.e-con.de\/wp-de\/licht\/#primaryimage"},"thumbnailUrl":"https:\/\/www.e-c-o-n.de\/wp-de\/wp-content\/uploads\/2016\/08\/Strassenlicht_01.jpg","datePublished":"2016-04-18T19:05:29+00:00","dateModified":"2018-01-12T08:01:14+00:00","description":"Lichtplanung bis Servicepartnerschaft e-con GmbH bietet eine hohe Qualit\u00e4t und einen g\u00fcnstigen Preis. Wir beraten Sie gern f\u00fcr Ihren Licht Erfolg.","breadcrumb":{"@id":"https:\/\/www.e-con.de\/wp-de\/licht\/#breadcrumb"},"inLanguage":"de","potentialAction":[{"@type":"ReadAction","target":["https:\/\/www.e-con.de\/wp-de\/licht\/"]}]},{"@type":"ImageObject","inLanguage":"de","@id":"https:\/\/www.e-con.de\/wp-de\/licht\/#primaryimage","url":"https:\/\/www.e-c-o-n.de\/wp-de\/wp-content\/uploads\/2016\/08\/Strassenlicht_01.jpg","contentUrl":"https:\/\/www.e-c-o-n.de\/wp-de\/wp-content\/uploads\/2016\/08\/Strassenlicht_01.jpg"},{"@type":"BreadcrumbList","@id":"https:\/\/www.e-con.de\/wp-de\/licht\/#breadcrumb","itemListElement":[{"@type":"ListItem","position":1,"name":"Startseite","item":"https:\/\/www.e-con.de\/wp-de\/"},{"@type":"ListItem","position":2,"name":"Lichtberatung &#8211; Lichtplanung &#8211; Lichtprodukte"}]},{"@type":"WebSite","@id":"https:\/\/www.e-con.de\/wp-de\/#website","url":"https:\/\/www.e-con.de\/wp-de\/","name":"e-con I Die Partner f\u00fcr Energieeffizienz, Planung und Erneuerbare Energien","description":"Die Partner f\u00fcr Energieeffizienz, Planung und Erneuerbare Energien","publisher":{"@id":"https:\/\/www.e-con.de\/wp-de\/#organization"},"potentialAction":[{"@type":"SearchAction","target":{"@type":"EntryPoint","urlTemplate":"https:\/\/www.e-con.de\/wp-de\/?s={search_term_string}"},"query-input":{"@type":"PropertyValueSpecification","valueRequired":true,"valueName":"search_term_string"}}],"inLanguage":"de"},{"@type":"Organization","@id":"https:\/\/www.e-con.de\/wp-de\/#organization","name":"e-con I Die Partner f\u00fcr Energieeffizienz, Planung und Erneuerbare Energien","url":"https:\/\/www.e-con.de\/wp-de\/","logo":{"@type":"ImageObject","inLanguage":"de","@id":"https:\/\/www.e-con.de\/wp-de\/#\/schema\/logo\/image\/","url":"https:\/\/www.e-con.de\/wp-de\/wp-content\/uploads\/2016\/04\/LOGO-CAD-15102015-mit-Slogan-e1460284870722.png","contentUrl":"https:\/\/www.e-con.de\/wp-de\/wp-content\/uploads\/2016\/04\/LOGO-CAD-15102015-mit-Slogan-e1460284870722.png","width":350,"height":101,"caption":"e-con I Die Partner f\u00fcr Energieeffizienz, Planung und Erneuerbare Energien"},"image":{"@id":"https:\/\/www.e-con.de\/wp-de\/#\/schema\/logo\/image\/"},"sameAs":["https:\/\/www.facebook.com\/Matthias-Sch\u00f6nhardt-1114936911891993\/"]}]}},"_links":{"self":[{"href":"https:\/\/www.e-con.de\/wp-de\/wp-json\/wp\/v2\/pages\/131","targetHints":{"allow":["GET"]}}],"collection":[{"href":"https:\/\/www.e-con.de\/wp-de\/wp-json\/wp\/v2\/pages"}],"about":[{"href":"https:\/\/www.e-con.de\/wp-de\/wp-json\/wp\/v2\/types\/page"}],"author":[{"embeddable":true,"href":"https:\/\/www.e-con.de\/wp-de\/wp-json\/wp\/v2\/users\/1"}],"replies":[{"embeddable":true,"href":"https:\/\/www.e-con.de\/wp-de\/wp-json\/wp\/v2\/comments?post=131"}],"version-history":[{"count":24,"href":"https:\/\/www.e-con.de\/wp-de\/wp-json\/wp\/v2\/pages\/131\/revisions"}],"predecessor-version":[{"id":11009,"href":"https:\/\/www.e-con.de\/wp-de\/wp-json\/wp\/v2\/pages\/131\/revisions\/11009"}],"wp:attachment":[{"href":"https:\/\/www.e-con.de\/wp-de\/wp-json\/wp\/v2\/media?parent=131"}],"curies":[{"name":"wp","href":"https:\/\/api.w.org\/{rel}","templated":true}]}}