{"id":122,"date":"2016-04-18T20:52:17","date_gmt":"2016-04-18T18:52:17","guid":{"rendered":"http:\/\/www.e-c-o-n.de\/wp-de\/?page_id=122"},"modified":"2021-04-06T22:32:38","modified_gmt":"2021-04-06T20:32:38","slug":"bauplanung","status":"publish","type":"page","link":"https:\/\/www.e-con.de\/wp-de\/bauplanung\/","title":{"rendered":"Bauplanung"},"content":{"rendered":"\n<figure class=\"wp-block-image size-large\"><img loading=\"lazy\" decoding=\"async\" width=\"849\" height=\"239\" src=\"https:\/\/www.e-con.de\/wp-de\/wp-content\/uploads\/2016\/05\/statik-und-tragwerksplanung-e1463897977820.jpg\" alt=\"\" class=\"wp-image-461\" srcset=\"https:\/\/www.e-con.de\/wp-de\/wp-content\/uploads\/2016\/05\/statik-und-tragwerksplanung-e1463897977820.jpg 849w, https:\/\/www.e-con.de\/wp-de\/wp-content\/uploads\/2016\/05\/statik-und-tragwerksplanung-e1463897977820-300x84.jpg 300w, https:\/\/www.e-con.de\/wp-de\/wp-content\/uploads\/2016\/05\/statik-und-tragwerksplanung-e1463897977820-768x216.jpg 768w\" sizes=\"auto, (max-width: 849px) 100vw, 849px\" \/><\/figure>\n\n\n\n<pre class=\"wp-block-preformatted\">Unsere Sachverst\u00e4ndige und Ingenieure f\u00fcr Ihren Projekterfolg<\/pre>\n\n\n\n<p>Integratives Denken in allen Planungsprozessen sind die entscheidenden Voraussetzungen f\u00fcr den nachhaltigen Erfolg Ihres Bauvorhabens. Wir unterst\u00fctzen Sie mit unseren Ingenieuren und Partnern bei:<\/p>\n\n\n\n<ul class=\"wp-block-list\"><li>der Architekturplanung,<\/li><li>der Baustatik,<\/li><li>der&nbsp;Energieeffizienzplanung,<\/li><li>der Brandschutzplanung sowie<\/li><li>der F\u00f6rdermittelberatung und F\u00f6rdermittelbeantragung bei KfW und BAFA.<\/li><\/ul>\n\n\n\n<p>In jedem Stadium des Lebenszyklus&#8216; steht f\u00fcr uns der Kunde im Mittelpunkt. Wir sorgen daf\u00fcr, dass seine W\u00fcnsche und Vorstellungen umgesetzt werden und sind \u00fcber die gesamte Laufzeit sein kompetenter Ansprechpartner. Unsere Leistungen sind modular&nbsp; aufgebaut.&nbsp; Wir&nbsp; stellen&nbsp; Projektpartnern auch in Teilbereichen unser Know-how zur Verf\u00fcgung.<\/p>\n","protected":false},"excerpt":{"rendered":"<p>Unsere Sachverst\u00e4ndige und Ingenieure f\u00fcr Ihren Projekterfolg Integratives Denken in allen Planungsprozessen sind die entscheidenden Voraussetzungen f\u00fcr den nachhaltigen Erfolg Ihres Bauvorhabens. Wir unterst\u00fctzen Sie mit unseren Ingenieuren und Partnern bei: der Architekturplanung, der Baustatik, der&nbsp;Energieeffizienzplanung, der Brandschutzplanung sowie der F\u00f6rdermittelberatung und F\u00f6rdermittelbeantragung bei KfW und BAFA. In jedem Stadium des Lebenszyklus&#8216; steht f\u00fcr uns &#8230; <a title=\"Bauplanung\" class=\"read-more\" href=\"https:\/\/www.e-con.de\/wp-de\/bauplanung\/\" aria-label=\"Mehr Informationen \u00fcber Bauplanung\">Weiterlesen &#8230;<\/a><\/p>\n","protected":false},"author":1,"featured_media":0,"parent":0,"menu_order":20,"comment_status":"closed","ping_status":"closed","template":"","meta":{"ngg_post_thumbnail":0,"generate_page_header":"","footnotes":""},"class_list":["post-122","page","type-page","status-publish"],"yoast_head":"<!-- This site is optimized with the Yoast SEO plugin v27.4 - https:\/\/yoast.com\/product\/yoast-seo-wordpress\/ -->\n<title>Bauplanung - e-con I Die Partner f\u00fcr Energieeffizienz, Planung und Erneuerbare Energien<\/title>\n<meta name=\"robots\" content=\"index, follow, max-snippet:-1, max-image-preview:large, max-video-preview:-1\" \/>\n<link rel=\"canonical\" href=\"https:\/\/www.e-con.de\/wp-de\/bauplanung\/\" \/>\n<meta property=\"og:locale\" content=\"de_DE\" \/>\n<meta property=\"og:type\" content=\"article\" \/>\n<meta property=\"og:title\" content=\"Bauplanung - e-con I Die Partner f\u00fcr Energieeffizienz, Planung und Erneuerbare Energien\" \/>\n<meta property=\"og:description\" content=\"Unsere Sachverst\u00e4ndige und Ingenieure f\u00fcr Ihren Projekterfolg Integratives Denken in allen Planungsprozessen sind die entscheidenden Voraussetzungen f\u00fcr den nachhaltigen Erfolg Ihres Bauvorhabens. Wir unterst\u00fctzen Sie mit unseren Ingenieuren und Partnern bei: der Architekturplanung, der Baustatik, der&nbsp;Energieeffizienzplanung, der Brandschutzplanung sowie der F\u00f6rdermittelberatung und F\u00f6rdermittelbeantragung bei KfW und BAFA. In jedem Stadium des Lebenszyklus&#8216; steht f\u00fcr uns ... Weiterlesen ...\" \/>\n<meta property=\"og:url\" content=\"https:\/\/www.e-con.de\/wp-de\/bauplanung\/\" \/>\n<meta property=\"og:site_name\" content=\"e-con I Die Partner f\u00fcr Energieeffizienz, Planung und Erneuerbare Energien\" \/>\n<meta property=\"article:publisher\" content=\"https:\/\/www.facebook.com\/Matthias-Sch%c3%b6nhardt-1114936911891993\/\" \/>\n<meta property=\"article:modified_time\" content=\"2021-04-06T20:32:38+00:00\" \/>\n<meta property=\"og:image\" content=\"https:\/\/www.e-con.de\/wp-de\/wp-content\/uploads\/2016\/05\/statik-und-tragwerksplanung-e1463897977820.jpg\" \/>\n<meta name=\"twitter:card\" content=\"summary_large_image\" \/>\n<meta name=\"twitter:label1\" content=\"Gesch\u00e4tzte Lesezeit\" \/>\n\t<meta name=\"twitter:data1\" content=\"1\u00a0Minute\" \/>\n<script type=\"application\/ld+json\" class=\"yoast-schema-graph\">{\"@context\":\"https:\\\/\\\/schema.org\",\"@graph\":[{\"@type\":\"WebPage\",\"@id\":\"https:\\\/\\\/www.e-con.de\\\/wp-de\\\/bauplanung\\\/\",\"url\":\"https:\\\/\\\/www.e-con.de\\\/wp-de\\\/bauplanung\\\/\",\"name\":\"Bauplanung - e-con I Die Partner f\u00fcr Energieeffizienz, Planung und Erneuerbare Energien\",\"isPartOf\":{\"@id\":\"https:\\\/\\\/www.e-con.de\\\/wp-de\\\/#website\"},\"primaryImageOfPage\":{\"@id\":\"https:\\\/\\\/www.e-con.de\\\/wp-de\\\/bauplanung\\\/#primaryimage\"},\"image\":{\"@id\":\"https:\\\/\\\/www.e-con.de\\\/wp-de\\\/bauplanung\\\/#primaryimage\"},\"thumbnailUrl\":\"https:\\\/\\\/www.e-con.de\\\/wp-de\\\/wp-content\\\/uploads\\\/2016\\\/05\\\/statik-und-tragwerksplanung-e1463897977820.jpg\",\"datePublished\":\"2016-04-18T18:52:17+00:00\",\"dateModified\":\"2021-04-06T20:32:38+00:00\",\"breadcrumb\":{\"@id\":\"https:\\\/\\\/www.e-con.de\\\/wp-de\\\/bauplanung\\\/#breadcrumb\"},\"inLanguage\":\"de\",\"potentialAction\":[{\"@type\":\"ReadAction\",\"target\":[\"https:\\\/\\\/www.e-con.de\\\/wp-de\\\/bauplanung\\\/\"]}]},{\"@type\":\"ImageObject\",\"inLanguage\":\"de\",\"@id\":\"https:\\\/\\\/www.e-con.de\\\/wp-de\\\/bauplanung\\\/#primaryimage\",\"url\":\"https:\\\/\\\/www.e-con.de\\\/wp-de\\\/wp-content\\\/uploads\\\/2016\\\/05\\\/statik-und-tragwerksplanung-e1463897977820.jpg\",\"contentUrl\":\"https:\\\/\\\/www.e-con.de\\\/wp-de\\\/wp-content\\\/uploads\\\/2016\\\/05\\\/statik-und-tragwerksplanung-e1463897977820.jpg\",\"width\":849,\"height\":239},{\"@type\":\"BreadcrumbList\",\"@id\":\"https:\\\/\\\/www.e-con.de\\\/wp-de\\\/bauplanung\\\/#breadcrumb\",\"itemListElement\":[{\"@type\":\"ListItem\",\"position\":1,\"name\":\"Startseite\",\"item\":\"https:\\\/\\\/www.e-con.de\\\/wp-de\\\/\"},{\"@type\":\"ListItem\",\"position\":2,\"name\":\"Bauplanung\"}]},{\"@type\":\"WebSite\",\"@id\":\"https:\\\/\\\/www.e-con.de\\\/wp-de\\\/#website\",\"url\":\"https:\\\/\\\/www.e-con.de\\\/wp-de\\\/\",\"name\":\"e-con I Die Partner f\u00fcr Energieeffizienz, Planung und Erneuerbare Energien\",\"description\":\"Die Partner f\u00fcr Energieeffizienz, Planung und Erneuerbare Energien\",\"publisher\":{\"@id\":\"https:\\\/\\\/www.e-con.de\\\/wp-de\\\/#organization\"},\"potentialAction\":[{\"@type\":\"SearchAction\",\"target\":{\"@type\":\"EntryPoint\",\"urlTemplate\":\"https:\\\/\\\/www.e-con.de\\\/wp-de\\\/?s={search_term_string}\"},\"query-input\":{\"@type\":\"PropertyValueSpecification\",\"valueRequired\":true,\"valueName\":\"search_term_string\"}}],\"inLanguage\":\"de\"},{\"@type\":\"Organization\",\"@id\":\"https:\\\/\\\/www.e-con.de\\\/wp-de\\\/#organization\",\"name\":\"e-con I Die Partner f\u00fcr Energieeffizienz, Planung und Erneuerbare Energien\",\"url\":\"https:\\\/\\\/www.e-con.de\\\/wp-de\\\/\",\"logo\":{\"@type\":\"ImageObject\",\"inLanguage\":\"de\",\"@id\":\"https:\\\/\\\/www.e-con.de\\\/wp-de\\\/#\\\/schema\\\/logo\\\/image\\\/\",\"url\":\"https:\\\/\\\/www.e-con.de\\\/wp-de\\\/wp-content\\\/uploads\\\/2016\\\/04\\\/LOGO-CAD-15102015-mit-Slogan-e1460284870722.png\",\"contentUrl\":\"https:\\\/\\\/www.e-con.de\\\/wp-de\\\/wp-content\\\/uploads\\\/2016\\\/04\\\/LOGO-CAD-15102015-mit-Slogan-e1460284870722.png\",\"width\":350,\"height\":101,\"caption\":\"e-con I Die Partner f\u00fcr Energieeffizienz, Planung und Erneuerbare Energien\"},\"image\":{\"@id\":\"https:\\\/\\\/www.e-con.de\\\/wp-de\\\/#\\\/schema\\\/logo\\\/image\\\/\"},\"sameAs\":[\"https:\\\/\\\/www.facebook.com\\\/Matthias-Sch\u00f6nhardt-1114936911891993\\\/\"]}]}<\/script>\n<!-- \/ Yoast SEO plugin. -->","yoast_head_json":{"title":"Bauplanung - e-con I Die Partner f\u00fcr Energieeffizienz, Planung und Erneuerbare Energien","robots":{"index":"index","follow":"follow","max-snippet":"max-snippet:-1","max-image-preview":"max-image-preview:large","max-video-preview":"max-video-preview:-1"},"canonical":"https:\/\/www.e-con.de\/wp-de\/bauplanung\/","og_locale":"de_DE","og_type":"article","og_title":"Bauplanung - e-con I Die Partner f\u00fcr Energieeffizienz, Planung und Erneuerbare Energien","og_description":"Unsere Sachverst\u00e4ndige und Ingenieure f\u00fcr Ihren Projekterfolg Integratives Denken in allen Planungsprozessen sind die entscheidenden Voraussetzungen f\u00fcr den nachhaltigen Erfolg Ihres Bauvorhabens. Wir unterst\u00fctzen Sie mit unseren Ingenieuren und Partnern bei: der Architekturplanung, der Baustatik, der&nbsp;Energieeffizienzplanung, der Brandschutzplanung sowie der F\u00f6rdermittelberatung und F\u00f6rdermittelbeantragung bei KfW und BAFA. In jedem Stadium des Lebenszyklus&#8216; steht f\u00fcr uns ... Weiterlesen ...","og_url":"https:\/\/www.e-con.de\/wp-de\/bauplanung\/","og_site_name":"e-con I Die Partner f\u00fcr Energieeffizienz, Planung und Erneuerbare Energien","article_publisher":"https:\/\/www.facebook.com\/Matthias-Sch%c3%b6nhardt-1114936911891993\/","article_modified_time":"2021-04-06T20:32:38+00:00","og_image":[{"url":"https:\/\/www.e-con.de\/wp-de\/wp-content\/uploads\/2016\/05\/statik-und-tragwerksplanung-e1463897977820.jpg","type":"","width":"","height":""}],"twitter_card":"summary_large_image","twitter_misc":{"Gesch\u00e4tzte Lesezeit":"1\u00a0Minute"},"schema":{"@context":"https:\/\/schema.org","@graph":[{"@type":"WebPage","@id":"https:\/\/www.e-con.de\/wp-de\/bauplanung\/","url":"https:\/\/www.e-con.de\/wp-de\/bauplanung\/","name":"Bauplanung - e-con I Die Partner f\u00fcr Energieeffizienz, Planung und Erneuerbare Energien","isPartOf":{"@id":"https:\/\/www.e-con.de\/wp-de\/#website"},"primaryImageOfPage":{"@id":"https:\/\/www.e-con.de\/wp-de\/bauplanung\/#primaryimage"},"image":{"@id":"https:\/\/www.e-con.de\/wp-de\/bauplanung\/#primaryimage"},"thumbnailUrl":"https:\/\/www.e-con.de\/wp-de\/wp-content\/uploads\/2016\/05\/statik-und-tragwerksplanung-e1463897977820.jpg","datePublished":"2016-04-18T18:52:17+00:00","dateModified":"2021-04-06T20:32:38+00:00","breadcrumb":{"@id":"https:\/\/www.e-con.de\/wp-de\/bauplanung\/#breadcrumb"},"inLanguage":"de","potentialAction":[{"@type":"ReadAction","target":["https:\/\/www.e-con.de\/wp-de\/bauplanung\/"]}]},{"@type":"ImageObject","inLanguage":"de","@id":"https:\/\/www.e-con.de\/wp-de\/bauplanung\/#primaryimage","url":"https:\/\/www.e-con.de\/wp-de\/wp-content\/uploads\/2016\/05\/statik-und-tragwerksplanung-e1463897977820.jpg","contentUrl":"https:\/\/www.e-con.de\/wp-de\/wp-content\/uploads\/2016\/05\/statik-und-tragwerksplanung-e1463897977820.jpg","width":849,"height":239},{"@type":"BreadcrumbList","@id":"https:\/\/www.e-con.de\/wp-de\/bauplanung\/#breadcrumb","itemListElement":[{"@type":"ListItem","position":1,"name":"Startseite","item":"https:\/\/www.e-con.de\/wp-de\/"},{"@type":"ListItem","position":2,"name":"Bauplanung"}]},{"@type":"WebSite","@id":"https:\/\/www.e-con.de\/wp-de\/#website","url":"https:\/\/www.e-con.de\/wp-de\/","name":"e-con I Die Partner f\u00fcr Energieeffizienz, Planung und Erneuerbare Energien","description":"Die Partner f\u00fcr Energieeffizienz, Planung und Erneuerbare Energien","publisher":{"@id":"https:\/\/www.e-con.de\/wp-de\/#organization"},"potentialAction":[{"@type":"SearchAction","target":{"@type":"EntryPoint","urlTemplate":"https:\/\/www.e-con.de\/wp-de\/?s={search_term_string}"},"query-input":{"@type":"PropertyValueSpecification","valueRequired":true,"valueName":"search_term_string"}}],"inLanguage":"de"},{"@type":"Organization","@id":"https:\/\/www.e-con.de\/wp-de\/#organization","name":"e-con I Die Partner f\u00fcr Energieeffizienz, Planung und Erneuerbare Energien","url":"https:\/\/www.e-con.de\/wp-de\/","logo":{"@type":"ImageObject","inLanguage":"de","@id":"https:\/\/www.e-con.de\/wp-de\/#\/schema\/logo\/image\/","url":"https:\/\/www.e-con.de\/wp-de\/wp-content\/uploads\/2016\/04\/LOGO-CAD-15102015-mit-Slogan-e1460284870722.png","contentUrl":"https:\/\/www.e-con.de\/wp-de\/wp-content\/uploads\/2016\/04\/LOGO-CAD-15102015-mit-Slogan-e1460284870722.png","width":350,"height":101,"caption":"e-con I Die Partner f\u00fcr Energieeffizienz, Planung und Erneuerbare Energien"},"image":{"@id":"https:\/\/www.e-con.de\/wp-de\/#\/schema\/logo\/image\/"},"sameAs":["https:\/\/www.facebook.com\/Matthias-Sch\u00f6nhardt-1114936911891993\/"]}]}},"_links":{"self":[{"href":"https:\/\/www.e-con.de\/wp-de\/wp-json\/wp\/v2\/pages\/122","targetHints":{"allow":["GET"]}}],"collection":[{"href":"https:\/\/www.e-con.de\/wp-de\/wp-json\/wp\/v2\/pages"}],"about":[{"href":"https:\/\/www.e-con.de\/wp-de\/wp-json\/wp\/v2\/types\/page"}],"author":[{"embeddable":true,"href":"https:\/\/www.e-con.de\/wp-de\/wp-json\/wp\/v2\/users\/1"}],"replies":[{"embeddable":true,"href":"https:\/\/www.e-con.de\/wp-de\/wp-json\/wp\/v2\/comments?post=122"}],"version-history":[{"count":11,"href":"https:\/\/www.e-con.de\/wp-de\/wp-json\/wp\/v2\/pages\/122\/revisions"}],"predecessor-version":[{"id":10969,"href":"https:\/\/www.e-con.de\/wp-de\/wp-json\/wp\/v2\/pages\/122\/revisions\/10969"}],"wp:attachment":[{"href":"https:\/\/www.e-con.de\/wp-de\/wp-json\/wp\/v2\/media?parent=122"}],"curies":[{"name":"wp","href":"https:\/\/api.w.org\/{rel}","templated":true}]}}