{"id":1105,"date":"2016-08-17T11:32:29","date_gmt":"2016-08-17T09:32:29","guid":{"rendered":"http:\/\/www.e-c-o-n.de\/wp-de\/?page_id=1105"},"modified":"2016-08-17T12:27:47","modified_gmt":"2016-08-17T10:27:47","slug":"led-datenbankverweise-und-externe-informationen","status":"publish","type":"page","link":"https:\/\/www.e-con.de\/wp-de\/licht\/led-datenbankverweise-und-externe-informationen\/","title":{"rendered":"LED &#8211; Datenbankverweise und externe Informationen"},"content":{"rendered":"<p><img loading=\"lazy\" decoding=\"async\" class=\"alignnone size-full wp-image-1117\" src=\"https:\/\/www.e-c-o-n.de\/wp-de\/wp-content\/uploads\/2016\/08\/Beratung_02.jpg\" alt=\"Beratung_02\" width=\"1982\" height=\"442\" srcset=\"https:\/\/www.e-con.de\/wp-de\/wp-content\/uploads\/2016\/08\/Beratung_02.jpg 1982w, https:\/\/www.e-con.de\/wp-de\/wp-content\/uploads\/2016\/08\/Beratung_02-300x67.jpg 300w, https:\/\/www.e-con.de\/wp-de\/wp-content\/uploads\/2016\/08\/Beratung_02-768x171.jpg 768w, https:\/\/www.e-con.de\/wp-de\/wp-content\/uploads\/2016\/08\/Beratung_02-1024x228.jpg 1024w\" sizes=\"auto, (max-width: 1982px) 100vw, 1982px\" \/><\/p>\n<p>Hier bereitgestellte Informationen, Daten und Fakten spiegeln den Stand der Technik m\u00f6glichst aktuell wieder. Die Grundlage waren empirische Daten, Ver\u00f6ffentlichungen und Berechnungen. Sie richtet sich an die Entscheidungstr\u00e4ger in St\u00e4dten und Gemeinden sowie an Betreiber und Planer von \u00f6ffentlichen Beleuchtungsanlagen.<\/p>\n<pre>Auslauf von Quecksilberdampf- und Natriumdampflampen ab 13.4.2015<\/pre>\n<p align=\"justify\">Um ineffiziente Beleuchtungen in der Europ\u00e4ischen Union vom Markt zu nehmen, wurde die \u00d6kodesign-Richtlinie &#8211; oder auch ErP-Richtlinie (2009\/125\/EG) &#8211; definiert. In der Durchf\u00fchrungsverordnung f\u00fcr B\u00fcro-, Industrie und Stra\u00dfenbeleuchtung wurden neue Anforderungen an die Mindesteffizienz bei Hochdruckentladungslampen festgelegt. Ineffiziente Quecksilber- und Natriumdampflampen werden ab April 2015 aus dem Programm genommen.<\/p>\n<p align=\"justify\">Betroffene Artikel f\u00fcr den professionellen Bereich sind folgende ineffizienten Entladungslampen-Familien gem\u00e4\u00df ErP-Richtlinie:<\/p>\n<ul>\n<li>HQL (Quecksilberdampflampen)<\/li>\n<li>NAV-E Plug-in (Natriumdampflampen)<\/li>\n<li>HWL (Mischlichtlampen)<\/li>\n<\/ul>\n<pre>Verweise zu Bundes- und Landesenergieagenturen<\/pre>\n<p style=\"text-align: justify;\">Die <a href=\"http:\/\/www.saena.de\/themen\/strassenbeleuchtung.html|win=new&amp;\">S\u00e4chische Energieagentur<\/a> stellt umfangreiche Informationen rund um die Stra\u00dfenbeleuchtung bereit.\u00a0Die <a href=\"https:\/\/www.e-c-o-n.de\/wp-de\/wp-content\/uploads\/2016\/08\/H-D.1-Lampendaten-\u00dcbersicht.pdf\" target=\"_blank\">Kennzahlen zu den historischen Leuchtmitteln<\/a> sind durch die SAENA zusammengefasst wurden.<\/p>\n<p>&nbsp;<\/p>\n","protected":false},"excerpt":{"rendered":"<p>Hier bereitgestellte Informationen, Daten und Fakten spiegeln den Stand der Technik m\u00f6glichst aktuell wieder. Die Grundlage waren empirische Daten, Ver\u00f6ffentlichungen und Berechnungen. Sie richtet sich an die Entscheidungstr\u00e4ger in St\u00e4dten und Gemeinden sowie an Betreiber und Planer von \u00f6ffentlichen Beleuchtungsanlagen. Auslauf von Quecksilberdampf- und Natriumdampflampen ab 13.4.2015 Um ineffiziente Beleuchtungen in der Europ\u00e4ischen Union vom &#8230; <a title=\"LED &#8211; Datenbankverweise und externe Informationen\" class=\"read-more\" href=\"https:\/\/www.e-con.de\/wp-de\/licht\/led-datenbankverweise-und-externe-informationen\/\" aria-label=\"Mehr Informationen \u00fcber LED &#8211; Datenbankverweise und externe Informationen\">Weiterlesen &#8230;<\/a><\/p>\n","protected":false},"author":1,"featured_media":0,"parent":131,"menu_order":35,"comment_status":"closed","ping_status":"closed","template":"","meta":{"ngg_post_thumbnail":0,"generate_page_header":"","footnotes":""},"class_list":["post-1105","page","type-page","status-publish"],"yoast_head":"<!-- This site is optimized with the Yoast SEO plugin v27.4 - https:\/\/yoast.com\/product\/yoast-seo-wordpress\/ -->\n<title>LED - Datenbankverweise und externe Informationen - e-con I Die Partner f\u00fcr Energieeffizienz, Planung und Erneuerbare Energien<\/title>\n<meta name=\"description\" content=\"Hier bereitgestellte Informationen, Daten, Fakten und Verweise zur LED Beleuchtung spiegeln den Stand der Technik m\u00f6glichst aktuell wieder.\" \/>\n<meta name=\"robots\" content=\"index, follow, max-snippet:-1, max-image-preview:large, max-video-preview:-1\" \/>\n<link rel=\"canonical\" href=\"https:\/\/www.e-con.de\/wp-de\/licht\/led-datenbankverweise-und-externe-informationen\/\" \/>\n<meta property=\"og:locale\" content=\"de_DE\" \/>\n<meta property=\"og:type\" content=\"article\" \/>\n<meta property=\"og:title\" content=\"LED - Datenbankverweise und externe Informationen - e-con I Die Partner f\u00fcr Energieeffizienz, Planung und Erneuerbare Energien\" \/>\n<meta property=\"og:description\" content=\"Hier bereitgestellte Informationen, Daten, Fakten und Verweise zur LED Beleuchtung spiegeln den Stand der Technik m\u00f6glichst aktuell wieder.\" \/>\n<meta property=\"og:url\" content=\"https:\/\/www.e-con.de\/wp-de\/licht\/led-datenbankverweise-und-externe-informationen\/\" \/>\n<meta property=\"og:site_name\" content=\"e-con I Die Partner f\u00fcr Energieeffizienz, Planung und Erneuerbare Energien\" \/>\n<meta property=\"article:publisher\" content=\"https:\/\/www.facebook.com\/Matthias-Sch%c3%b6nhardt-1114936911891993\/\" \/>\n<meta property=\"article:modified_time\" content=\"2016-08-17T10:27:47+00:00\" \/>\n<meta property=\"og:image\" content=\"https:\/\/www.e-c-o-n.de\/wp-de\/wp-content\/uploads\/2016\/08\/Beratung_02.jpg\" \/>\n<meta name=\"twitter:card\" content=\"summary_large_image\" \/>\n<meta name=\"twitter:label1\" content=\"Gesch\u00e4tzte Lesezeit\" \/>\n\t<meta name=\"twitter:data1\" content=\"1\u00a0Minute\" \/>\n<script type=\"application\/ld+json\" class=\"yoast-schema-graph\">{\"@context\":\"https:\\\/\\\/schema.org\",\"@graph\":[{\"@type\":\"WebPage\",\"@id\":\"https:\\\/\\\/www.e-con.de\\\/wp-de\\\/licht\\\/led-datenbankverweise-und-externe-informationen\\\/\",\"url\":\"https:\\\/\\\/www.e-con.de\\\/wp-de\\\/licht\\\/led-datenbankverweise-und-externe-informationen\\\/\",\"name\":\"LED - Datenbankverweise und externe Informationen - e-con I Die Partner f\u00fcr Energieeffizienz, Planung und Erneuerbare Energien\",\"isPartOf\":{\"@id\":\"https:\\\/\\\/www.e-con.de\\\/wp-de\\\/#website\"},\"primaryImageOfPage\":{\"@id\":\"https:\\\/\\\/www.e-con.de\\\/wp-de\\\/licht\\\/led-datenbankverweise-und-externe-informationen\\\/#primaryimage\"},\"image\":{\"@id\":\"https:\\\/\\\/www.e-con.de\\\/wp-de\\\/licht\\\/led-datenbankverweise-und-externe-informationen\\\/#primaryimage\"},\"thumbnailUrl\":\"https:\\\/\\\/www.e-c-o-n.de\\\/wp-de\\\/wp-content\\\/uploads\\\/2016\\\/08\\\/Beratung_02.jpg\",\"datePublished\":\"2016-08-17T09:32:29+00:00\",\"dateModified\":\"2016-08-17T10:27:47+00:00\",\"description\":\"Hier bereitgestellte Informationen, Daten, Fakten und Verweise zur LED Beleuchtung spiegeln den Stand der Technik m\u00f6glichst aktuell wieder.\",\"breadcrumb\":{\"@id\":\"https:\\\/\\\/www.e-con.de\\\/wp-de\\\/licht\\\/led-datenbankverweise-und-externe-informationen\\\/#breadcrumb\"},\"inLanguage\":\"de\",\"potentialAction\":[{\"@type\":\"ReadAction\",\"target\":[\"https:\\\/\\\/www.e-con.de\\\/wp-de\\\/licht\\\/led-datenbankverweise-und-externe-informationen\\\/\"]}]},{\"@type\":\"ImageObject\",\"inLanguage\":\"de\",\"@id\":\"https:\\\/\\\/www.e-con.de\\\/wp-de\\\/licht\\\/led-datenbankverweise-und-externe-informationen\\\/#primaryimage\",\"url\":\"https:\\\/\\\/www.e-c-o-n.de\\\/wp-de\\\/wp-content\\\/uploads\\\/2016\\\/08\\\/Beratung_02.jpg\",\"contentUrl\":\"https:\\\/\\\/www.e-c-o-n.de\\\/wp-de\\\/wp-content\\\/uploads\\\/2016\\\/08\\\/Beratung_02.jpg\"},{\"@type\":\"BreadcrumbList\",\"@id\":\"https:\\\/\\\/www.e-con.de\\\/wp-de\\\/licht\\\/led-datenbankverweise-und-externe-informationen\\\/#breadcrumb\",\"itemListElement\":[{\"@type\":\"ListItem\",\"position\":1,\"name\":\"Startseite\",\"item\":\"https:\\\/\\\/www.e-con.de\\\/wp-de\\\/\"},{\"@type\":\"ListItem\",\"position\":2,\"name\":\"Lichtberatung &#8211; Lichtplanung &#8211; Lichtprodukte\",\"item\":\"https:\\\/\\\/www.e-con.de\\\/wp-de\\\/licht\\\/\"},{\"@type\":\"ListItem\",\"position\":3,\"name\":\"LED &#8211; Datenbankverweise und externe Informationen\"}]},{\"@type\":\"WebSite\",\"@id\":\"https:\\\/\\\/www.e-con.de\\\/wp-de\\\/#website\",\"url\":\"https:\\\/\\\/www.e-con.de\\\/wp-de\\\/\",\"name\":\"e-con I Die Partner f\u00fcr Energieeffizienz, Planung und Erneuerbare Energien\",\"description\":\"Die Partner f\u00fcr Energieeffizienz, Planung und Erneuerbare Energien\",\"publisher\":{\"@id\":\"https:\\\/\\\/www.e-con.de\\\/wp-de\\\/#organization\"},\"potentialAction\":[{\"@type\":\"SearchAction\",\"target\":{\"@type\":\"EntryPoint\",\"urlTemplate\":\"https:\\\/\\\/www.e-con.de\\\/wp-de\\\/?s={search_term_string}\"},\"query-input\":{\"@type\":\"PropertyValueSpecification\",\"valueRequired\":true,\"valueName\":\"search_term_string\"}}],\"inLanguage\":\"de\"},{\"@type\":\"Organization\",\"@id\":\"https:\\\/\\\/www.e-con.de\\\/wp-de\\\/#organization\",\"name\":\"e-con I Die Partner f\u00fcr Energieeffizienz, Planung und Erneuerbare Energien\",\"url\":\"https:\\\/\\\/www.e-con.de\\\/wp-de\\\/\",\"logo\":{\"@type\":\"ImageObject\",\"inLanguage\":\"de\",\"@id\":\"https:\\\/\\\/www.e-con.de\\\/wp-de\\\/#\\\/schema\\\/logo\\\/image\\\/\",\"url\":\"https:\\\/\\\/www.e-con.de\\\/wp-de\\\/wp-content\\\/uploads\\\/2016\\\/04\\\/LOGO-CAD-15102015-mit-Slogan-e1460284870722.png\",\"contentUrl\":\"https:\\\/\\\/www.e-con.de\\\/wp-de\\\/wp-content\\\/uploads\\\/2016\\\/04\\\/LOGO-CAD-15102015-mit-Slogan-e1460284870722.png\",\"width\":350,\"height\":101,\"caption\":\"e-con I Die Partner f\u00fcr Energieeffizienz, Planung und Erneuerbare Energien\"},\"image\":{\"@id\":\"https:\\\/\\\/www.e-con.de\\\/wp-de\\\/#\\\/schema\\\/logo\\\/image\\\/\"},\"sameAs\":[\"https:\\\/\\\/www.facebook.com\\\/Matthias-Sch\u00f6nhardt-1114936911891993\\\/\"]}]}<\/script>\n<!-- \/ Yoast SEO plugin. -->","yoast_head_json":{"title":"LED - Datenbankverweise und externe Informationen - e-con I Die Partner f\u00fcr Energieeffizienz, Planung und Erneuerbare Energien","description":"Hier bereitgestellte Informationen, Daten, Fakten und Verweise zur LED Beleuchtung spiegeln den Stand der Technik m\u00f6glichst aktuell wieder.","robots":{"index":"index","follow":"follow","max-snippet":"max-snippet:-1","max-image-preview":"max-image-preview:large","max-video-preview":"max-video-preview:-1"},"canonical":"https:\/\/www.e-con.de\/wp-de\/licht\/led-datenbankverweise-und-externe-informationen\/","og_locale":"de_DE","og_type":"article","og_title":"LED - Datenbankverweise und externe Informationen - e-con I Die Partner f\u00fcr Energieeffizienz, Planung und Erneuerbare Energien","og_description":"Hier bereitgestellte Informationen, Daten, Fakten und Verweise zur LED Beleuchtung spiegeln den Stand der Technik m\u00f6glichst aktuell wieder.","og_url":"https:\/\/www.e-con.de\/wp-de\/licht\/led-datenbankverweise-und-externe-informationen\/","og_site_name":"e-con I Die Partner f\u00fcr Energieeffizienz, Planung und Erneuerbare Energien","article_publisher":"https:\/\/www.facebook.com\/Matthias-Sch%c3%b6nhardt-1114936911891993\/","article_modified_time":"2016-08-17T10:27:47+00:00","og_image":[{"url":"https:\/\/www.e-c-o-n.de\/wp-de\/wp-content\/uploads\/2016\/08\/Beratung_02.jpg","type":"","width":"","height":""}],"twitter_card":"summary_large_image","twitter_misc":{"Gesch\u00e4tzte Lesezeit":"1\u00a0Minute"},"schema":{"@context":"https:\/\/schema.org","@graph":[{"@type":"WebPage","@id":"https:\/\/www.e-con.de\/wp-de\/licht\/led-datenbankverweise-und-externe-informationen\/","url":"https:\/\/www.e-con.de\/wp-de\/licht\/led-datenbankverweise-und-externe-informationen\/","name":"LED - Datenbankverweise und externe Informationen - e-con I Die Partner f\u00fcr Energieeffizienz, Planung und Erneuerbare Energien","isPartOf":{"@id":"https:\/\/www.e-con.de\/wp-de\/#website"},"primaryImageOfPage":{"@id":"https:\/\/www.e-con.de\/wp-de\/licht\/led-datenbankverweise-und-externe-informationen\/#primaryimage"},"image":{"@id":"https:\/\/www.e-con.de\/wp-de\/licht\/led-datenbankverweise-und-externe-informationen\/#primaryimage"},"thumbnailUrl":"https:\/\/www.e-c-o-n.de\/wp-de\/wp-content\/uploads\/2016\/08\/Beratung_02.jpg","datePublished":"2016-08-17T09:32:29+00:00","dateModified":"2016-08-17T10:27:47+00:00","description":"Hier bereitgestellte Informationen, Daten, Fakten und Verweise zur LED Beleuchtung spiegeln den Stand der Technik m\u00f6glichst aktuell wieder.","breadcrumb":{"@id":"https:\/\/www.e-con.de\/wp-de\/licht\/led-datenbankverweise-und-externe-informationen\/#breadcrumb"},"inLanguage":"de","potentialAction":[{"@type":"ReadAction","target":["https:\/\/www.e-con.de\/wp-de\/licht\/led-datenbankverweise-und-externe-informationen\/"]}]},{"@type":"ImageObject","inLanguage":"de","@id":"https:\/\/www.e-con.de\/wp-de\/licht\/led-datenbankverweise-und-externe-informationen\/#primaryimage","url":"https:\/\/www.e-c-o-n.de\/wp-de\/wp-content\/uploads\/2016\/08\/Beratung_02.jpg","contentUrl":"https:\/\/www.e-c-o-n.de\/wp-de\/wp-content\/uploads\/2016\/08\/Beratung_02.jpg"},{"@type":"BreadcrumbList","@id":"https:\/\/www.e-con.de\/wp-de\/licht\/led-datenbankverweise-und-externe-informationen\/#breadcrumb","itemListElement":[{"@type":"ListItem","position":1,"name":"Startseite","item":"https:\/\/www.e-con.de\/wp-de\/"},{"@type":"ListItem","position":2,"name":"Lichtberatung &#8211; Lichtplanung &#8211; Lichtprodukte","item":"https:\/\/www.e-con.de\/wp-de\/licht\/"},{"@type":"ListItem","position":3,"name":"LED &#8211; Datenbankverweise und externe Informationen"}]},{"@type":"WebSite","@id":"https:\/\/www.e-con.de\/wp-de\/#website","url":"https:\/\/www.e-con.de\/wp-de\/","name":"e-con I Die Partner f\u00fcr Energieeffizienz, Planung und Erneuerbare Energien","description":"Die Partner f\u00fcr Energieeffizienz, Planung und Erneuerbare Energien","publisher":{"@id":"https:\/\/www.e-con.de\/wp-de\/#organization"},"potentialAction":[{"@type":"SearchAction","target":{"@type":"EntryPoint","urlTemplate":"https:\/\/www.e-con.de\/wp-de\/?s={search_term_string}"},"query-input":{"@type":"PropertyValueSpecification","valueRequired":true,"valueName":"search_term_string"}}],"inLanguage":"de"},{"@type":"Organization","@id":"https:\/\/www.e-con.de\/wp-de\/#organization","name":"e-con I Die Partner f\u00fcr Energieeffizienz, Planung und Erneuerbare Energien","url":"https:\/\/www.e-con.de\/wp-de\/","logo":{"@type":"ImageObject","inLanguage":"de","@id":"https:\/\/www.e-con.de\/wp-de\/#\/schema\/logo\/image\/","url":"https:\/\/www.e-con.de\/wp-de\/wp-content\/uploads\/2016\/04\/LOGO-CAD-15102015-mit-Slogan-e1460284870722.png","contentUrl":"https:\/\/www.e-con.de\/wp-de\/wp-content\/uploads\/2016\/04\/LOGO-CAD-15102015-mit-Slogan-e1460284870722.png","width":350,"height":101,"caption":"e-con I Die Partner f\u00fcr Energieeffizienz, Planung und Erneuerbare Energien"},"image":{"@id":"https:\/\/www.e-con.de\/wp-de\/#\/schema\/logo\/image\/"},"sameAs":["https:\/\/www.facebook.com\/Matthias-Sch\u00f6nhardt-1114936911891993\/"]}]}},"_links":{"self":[{"href":"https:\/\/www.e-con.de\/wp-de\/wp-json\/wp\/v2\/pages\/1105","targetHints":{"allow":["GET"]}}],"collection":[{"href":"https:\/\/www.e-con.de\/wp-de\/wp-json\/wp\/v2\/pages"}],"about":[{"href":"https:\/\/www.e-con.de\/wp-de\/wp-json\/wp\/v2\/types\/page"}],"author":[{"embeddable":true,"href":"https:\/\/www.e-con.de\/wp-de\/wp-json\/wp\/v2\/users\/1"}],"replies":[{"embeddable":true,"href":"https:\/\/www.e-con.de\/wp-de\/wp-json\/wp\/v2\/comments?post=1105"}],"version-history":[{"count":10,"href":"https:\/\/www.e-con.de\/wp-de\/wp-json\/wp\/v2\/pages\/1105\/revisions"}],"predecessor-version":[{"id":1131,"href":"https:\/\/www.e-con.de\/wp-de\/wp-json\/wp\/v2\/pages\/1105\/revisions\/1131"}],"up":[{"embeddable":true,"href":"https:\/\/www.e-con.de\/wp-de\/wp-json\/wp\/v2\/pages\/131"}],"wp:attachment":[{"href":"https:\/\/www.e-con.de\/wp-de\/wp-json\/wp\/v2\/media?parent=1105"}],"curies":[{"name":"wp","href":"https:\/\/api.w.org\/{rel}","templated":true}]}}