{"id":102,"date":"2016-04-16T18:19:20","date_gmt":"2016-04-16T16:19:20","guid":{"rendered":"http:\/\/www.e-c-o-n.de\/wp-de\/?page_id=102"},"modified":"2016-08-17T10:41:03","modified_gmt":"2016-08-17T08:41:03","slug":"energie","status":"publish","type":"page","link":"https:\/\/www.e-con.de\/wp-de\/energie\/","title":{"rendered":"Energie"},"content":{"rendered":"<p><img loading=\"lazy\" decoding=\"async\" class=\"wp-image-114 size-full alignnone\" src=\"https:\/\/www.e-c-o-n.de\/wp-de\/wp-content\/uploads\/2016\/04\/Bildschirmfoto-2015-04-09-um-09.38.44.jpg\" alt=\"ECO-Industry\" width=\"955\" height=\"259\" srcset=\"https:\/\/www.e-con.de\/wp-de\/wp-content\/uploads\/2016\/04\/Bildschirmfoto-2015-04-09-um-09.38.44.jpg 955w, https:\/\/www.e-con.de\/wp-de\/wp-content\/uploads\/2016\/04\/Bildschirmfoto-2015-04-09-um-09.38.44-300x81.jpg 300w, https:\/\/www.e-con.de\/wp-de\/wp-content\/uploads\/2016\/04\/Bildschirmfoto-2015-04-09-um-09.38.44-768x208.jpg 768w\" sizes=\"auto, (max-width: 955px) 100vw, 955px\" \/><\/p>\n<pre>Wettbewerbsvorteil: Energieeffizienz und Regenerative Energie<\/pre>\n<div id=\"id2\" class=\"style_SkipStroke_2 shape-with-text\">\n<div class=\"text-content style_External_950_448\">\n<div class=\"style_1\">\n<p class=\"paragraph_style_2\">Rohstoffkosten und CO<span class=\"style_3\">2<\/span>-Reduktion sind entscheidende Themen f\u00fcr die Zukunft. Unternehmen, die beim Thema Energie Einsparpotenziale aufsp\u00fcren und zu nutzen wissen, sichern sich Wettbewerbsvorteile.<\/p>\n<pre class=\"paragraph_style_3\">Wir analysieren Ihre Energiestr\u00f6me<\/pre>\n<p class=\"paragraph_style_2\">Vorraussetzung ist der Blick aufs Ganze. Mit unserem Dienstleistungspaket Eco Industry betrachten wir f\u00fcr Sie die gesamte Betriebsanlagentechnik. Alle Energiestr\u00f6me werden auf Energieeffizienz \u00fcberpr\u00fcft: Strom, W\u00e4rme, K\u00e4lte, Druckluft etc.<img decoding=\"async\" class=\"aligncenter\" src=\"https:\/\/www.e-c-o-n.de\/de\/ECO-Industry_files\/service_rundum.jpg\" alt=\"\" \/><\/p>\n<pre class=\"paragraph_style_2\"><span class=\"style_4\">Sie nutzen alle Einsparpotenziale\r\n <\/span><\/pre>\n<p class=\"paragraph_style_2\">Der Aufwand f\u00fcr Sie ist dabei gering. Wir\u00a0\u00fcbernehmen die Beratung, Analyse, Konzeption und Planung konkreter Ma\u00dfnahmen. So wird sichergestellt, dass Sie ein Maximum an Know-how sowie alle technischen Potenziale nutzen.<\/p>\n<\/div>\n<\/div>\n<\/div>\n<div class=\"tinyText style_SkipStroke_1\"><\/div>\n<div id=\"id3\" class=\"style_SkipStroke_2 shape-with-text\"><\/div>\n","protected":false},"excerpt":{"rendered":"<p>Wettbewerbsvorteil: Energieeffizienz und Regenerative Energie Rohstoffkosten und CO2-Reduktion sind entscheidende Themen f\u00fcr die Zukunft. Unternehmen, die beim Thema Energie Einsparpotenziale aufsp\u00fcren und zu nutzen wissen, sichern sich Wettbewerbsvorteile. Wir analysieren Ihre Energiestr\u00f6me Vorraussetzung ist der Blick aufs Ganze. Mit unserem Dienstleistungspaket Eco Industry betrachten wir f\u00fcr Sie die gesamte Betriebsanlagentechnik. Alle Energiestr\u00f6me werden auf Energieeffizienz &#8230; <a title=\"Energie\" class=\"read-more\" href=\"https:\/\/www.e-con.de\/wp-de\/energie\/\" aria-label=\"Mehr Informationen \u00fcber Energie\">Weiterlesen &#8230;<\/a><\/p>\n","protected":false},"author":1,"featured_media":0,"parent":0,"menu_order":22,"comment_status":"closed","ping_status":"closed","template":"","meta":{"ngg_post_thumbnail":0,"generate_page_header":"","footnotes":""},"class_list":["post-102","page","type-page","status-publish"],"yoast_head":"<!-- This site is optimized with the Yoast SEO plugin v27.5 - https:\/\/yoast.com\/product\/yoast-seo-wordpress\/ -->\n<title>Energie - e-con I Die Partner f\u00fcr Energieeffizienz, Planung und Erneuerbare Energien<\/title>\n<meta name=\"robots\" content=\"index, follow, max-snippet:-1, max-image-preview:large, max-video-preview:-1\" \/>\n<link rel=\"canonical\" href=\"https:\/\/www.e-con.de\/wp-de\/energie\/\" \/>\n<meta property=\"og:locale\" content=\"de_DE\" \/>\n<meta property=\"og:type\" content=\"article\" \/>\n<meta property=\"og:title\" content=\"Energie - e-con I Die Partner f\u00fcr Energieeffizienz, Planung und Erneuerbare Energien\" \/>\n<meta property=\"og:description\" content=\"Wettbewerbsvorteil: Energieeffizienz und Regenerative Energie Rohstoffkosten und CO2-Reduktion sind entscheidende Themen f\u00fcr die Zukunft. Unternehmen, die beim Thema Energie Einsparpotenziale aufsp\u00fcren und zu nutzen wissen, sichern sich Wettbewerbsvorteile. Wir analysieren Ihre Energiestr\u00f6me Vorraussetzung ist der Blick aufs Ganze. Mit unserem Dienstleistungspaket Eco Industry betrachten wir f\u00fcr Sie die gesamte Betriebsanlagentechnik. Alle Energiestr\u00f6me werden auf Energieeffizienz ... Weiterlesen ...\" \/>\n<meta property=\"og:url\" content=\"https:\/\/www.e-con.de\/wp-de\/energie\/\" \/>\n<meta property=\"og:site_name\" content=\"e-con I Die Partner f\u00fcr Energieeffizienz, Planung und Erneuerbare Energien\" \/>\n<meta property=\"article:publisher\" content=\"https:\/\/www.facebook.com\/Matthias-Sch%c3%b6nhardt-1114936911891993\/\" \/>\n<meta property=\"article:modified_time\" content=\"2016-08-17T08:41:03+00:00\" \/>\n<meta property=\"og:image\" content=\"https:\/\/www.e-c-o-n.de\/wp-de\/wp-content\/uploads\/2016\/04\/Bildschirmfoto-2015-04-09-um-09.38.44.jpg\" \/>\n<meta name=\"twitter:card\" content=\"summary_large_image\" \/>\n<meta name=\"twitter:label1\" content=\"Gesch\u00e4tzte Lesezeit\" \/>\n\t<meta name=\"twitter:data1\" content=\"1\u00a0Minute\" \/>\n<script type=\"application\/ld+json\" class=\"yoast-schema-graph\">{\"@context\":\"https:\\\/\\\/schema.org\",\"@graph\":[{\"@type\":\"WebPage\",\"@id\":\"https:\\\/\\\/www.e-con.de\\\/wp-de\\\/energie\\\/\",\"url\":\"https:\\\/\\\/www.e-con.de\\\/wp-de\\\/energie\\\/\",\"name\":\"Energie - e-con I Die Partner f\u00fcr Energieeffizienz, Planung und Erneuerbare Energien\",\"isPartOf\":{\"@id\":\"https:\\\/\\\/www.e-con.de\\\/wp-de\\\/#website\"},\"primaryImageOfPage\":{\"@id\":\"https:\\\/\\\/www.e-con.de\\\/wp-de\\\/energie\\\/#primaryimage\"},\"image\":{\"@id\":\"https:\\\/\\\/www.e-con.de\\\/wp-de\\\/energie\\\/#primaryimage\"},\"thumbnailUrl\":\"https:\\\/\\\/www.e-c-o-n.de\\\/wp-de\\\/wp-content\\\/uploads\\\/2016\\\/04\\\/Bildschirmfoto-2015-04-09-um-09.38.44.jpg\",\"datePublished\":\"2016-04-16T16:19:20+00:00\",\"dateModified\":\"2016-08-17T08:41:03+00:00\",\"breadcrumb\":{\"@id\":\"https:\\\/\\\/www.e-con.de\\\/wp-de\\\/energie\\\/#breadcrumb\"},\"inLanguage\":\"de\",\"potentialAction\":[{\"@type\":\"ReadAction\",\"target\":[\"https:\\\/\\\/www.e-con.de\\\/wp-de\\\/energie\\\/\"]}]},{\"@type\":\"ImageObject\",\"inLanguage\":\"de\",\"@id\":\"https:\\\/\\\/www.e-con.de\\\/wp-de\\\/energie\\\/#primaryimage\",\"url\":\"https:\\\/\\\/www.e-c-o-n.de\\\/wp-de\\\/wp-content\\\/uploads\\\/2016\\\/04\\\/Bildschirmfoto-2015-04-09-um-09.38.44.jpg\",\"contentUrl\":\"https:\\\/\\\/www.e-c-o-n.de\\\/wp-de\\\/wp-content\\\/uploads\\\/2016\\\/04\\\/Bildschirmfoto-2015-04-09-um-09.38.44.jpg\"},{\"@type\":\"BreadcrumbList\",\"@id\":\"https:\\\/\\\/www.e-con.de\\\/wp-de\\\/energie\\\/#breadcrumb\",\"itemListElement\":[{\"@type\":\"ListItem\",\"position\":1,\"name\":\"Startseite\",\"item\":\"https:\\\/\\\/www.e-con.de\\\/wp-de\\\/\"},{\"@type\":\"ListItem\",\"position\":2,\"name\":\"Energie\"}]},{\"@type\":\"WebSite\",\"@id\":\"https:\\\/\\\/www.e-con.de\\\/wp-de\\\/#website\",\"url\":\"https:\\\/\\\/www.e-con.de\\\/wp-de\\\/\",\"name\":\"e-con I Die Partner f\u00fcr Energieeffizienz, Planung und Erneuerbare Energien\",\"description\":\"Die Partner f\u00fcr Energieeffizienz, Planung und Erneuerbare Energien\",\"publisher\":{\"@id\":\"https:\\\/\\\/www.e-con.de\\\/wp-de\\\/#organization\"},\"potentialAction\":[{\"@type\":\"SearchAction\",\"target\":{\"@type\":\"EntryPoint\",\"urlTemplate\":\"https:\\\/\\\/www.e-con.de\\\/wp-de\\\/?s={search_term_string}\"},\"query-input\":{\"@type\":\"PropertyValueSpecification\",\"valueRequired\":true,\"valueName\":\"search_term_string\"}}],\"inLanguage\":\"de\"},{\"@type\":\"Organization\",\"@id\":\"https:\\\/\\\/www.e-con.de\\\/wp-de\\\/#organization\",\"name\":\"e-con I Die Partner f\u00fcr Energieeffizienz, Planung und Erneuerbare Energien\",\"url\":\"https:\\\/\\\/www.e-con.de\\\/wp-de\\\/\",\"logo\":{\"@type\":\"ImageObject\",\"inLanguage\":\"de\",\"@id\":\"https:\\\/\\\/www.e-con.de\\\/wp-de\\\/#\\\/schema\\\/logo\\\/image\\\/\",\"url\":\"https:\\\/\\\/www.e-con.de\\\/wp-de\\\/wp-content\\\/uploads\\\/2016\\\/04\\\/LOGO-CAD-15102015-mit-Slogan-e1460284870722.png\",\"contentUrl\":\"https:\\\/\\\/www.e-con.de\\\/wp-de\\\/wp-content\\\/uploads\\\/2016\\\/04\\\/LOGO-CAD-15102015-mit-Slogan-e1460284870722.png\",\"width\":350,\"height\":101,\"caption\":\"e-con I Die Partner f\u00fcr Energieeffizienz, Planung und Erneuerbare Energien\"},\"image\":{\"@id\":\"https:\\\/\\\/www.e-con.de\\\/wp-de\\\/#\\\/schema\\\/logo\\\/image\\\/\"},\"sameAs\":[\"https:\\\/\\\/www.facebook.com\\\/Matthias-Sch\u00f6nhardt-1114936911891993\\\/\"]}]}<\/script>\n<!-- \/ Yoast SEO plugin. -->","yoast_head_json":{"title":"Energie - e-con I Die Partner f\u00fcr Energieeffizienz, Planung und Erneuerbare Energien","robots":{"index":"index","follow":"follow","max-snippet":"max-snippet:-1","max-image-preview":"max-image-preview:large","max-video-preview":"max-video-preview:-1"},"canonical":"https:\/\/www.e-con.de\/wp-de\/energie\/","og_locale":"de_DE","og_type":"article","og_title":"Energie - e-con I Die Partner f\u00fcr Energieeffizienz, Planung und Erneuerbare Energien","og_description":"Wettbewerbsvorteil: Energieeffizienz und Regenerative Energie Rohstoffkosten und CO2-Reduktion sind entscheidende Themen f\u00fcr die Zukunft. Unternehmen, die beim Thema Energie Einsparpotenziale aufsp\u00fcren und zu nutzen wissen, sichern sich Wettbewerbsvorteile. Wir analysieren Ihre Energiestr\u00f6me Vorraussetzung ist der Blick aufs Ganze. Mit unserem Dienstleistungspaket Eco Industry betrachten wir f\u00fcr Sie die gesamte Betriebsanlagentechnik. Alle Energiestr\u00f6me werden auf Energieeffizienz ... Weiterlesen ...","og_url":"https:\/\/www.e-con.de\/wp-de\/energie\/","og_site_name":"e-con I Die Partner f\u00fcr Energieeffizienz, Planung und Erneuerbare Energien","article_publisher":"https:\/\/www.facebook.com\/Matthias-Sch%c3%b6nhardt-1114936911891993\/","article_modified_time":"2016-08-17T08:41:03+00:00","og_image":[{"url":"https:\/\/www.e-c-o-n.de\/wp-de\/wp-content\/uploads\/2016\/04\/Bildschirmfoto-2015-04-09-um-09.38.44.jpg","type":"","width":"","height":""}],"twitter_card":"summary_large_image","twitter_misc":{"Gesch\u00e4tzte Lesezeit":"1\u00a0Minute"},"schema":{"@context":"https:\/\/schema.org","@graph":[{"@type":"WebPage","@id":"https:\/\/www.e-con.de\/wp-de\/energie\/","url":"https:\/\/www.e-con.de\/wp-de\/energie\/","name":"Energie - e-con I Die Partner f\u00fcr Energieeffizienz, Planung und Erneuerbare Energien","isPartOf":{"@id":"https:\/\/www.e-con.de\/wp-de\/#website"},"primaryImageOfPage":{"@id":"https:\/\/www.e-con.de\/wp-de\/energie\/#primaryimage"},"image":{"@id":"https:\/\/www.e-con.de\/wp-de\/energie\/#primaryimage"},"thumbnailUrl":"https:\/\/www.e-c-o-n.de\/wp-de\/wp-content\/uploads\/2016\/04\/Bildschirmfoto-2015-04-09-um-09.38.44.jpg","datePublished":"2016-04-16T16:19:20+00:00","dateModified":"2016-08-17T08:41:03+00:00","breadcrumb":{"@id":"https:\/\/www.e-con.de\/wp-de\/energie\/#breadcrumb"},"inLanguage":"de","potentialAction":[{"@type":"ReadAction","target":["https:\/\/www.e-con.de\/wp-de\/energie\/"]}]},{"@type":"ImageObject","inLanguage":"de","@id":"https:\/\/www.e-con.de\/wp-de\/energie\/#primaryimage","url":"https:\/\/www.e-c-o-n.de\/wp-de\/wp-content\/uploads\/2016\/04\/Bildschirmfoto-2015-04-09-um-09.38.44.jpg","contentUrl":"https:\/\/www.e-c-o-n.de\/wp-de\/wp-content\/uploads\/2016\/04\/Bildschirmfoto-2015-04-09-um-09.38.44.jpg"},{"@type":"BreadcrumbList","@id":"https:\/\/www.e-con.de\/wp-de\/energie\/#breadcrumb","itemListElement":[{"@type":"ListItem","position":1,"name":"Startseite","item":"https:\/\/www.e-con.de\/wp-de\/"},{"@type":"ListItem","position":2,"name":"Energie"}]},{"@type":"WebSite","@id":"https:\/\/www.e-con.de\/wp-de\/#website","url":"https:\/\/www.e-con.de\/wp-de\/","name":"e-con I Die Partner f\u00fcr Energieeffizienz, Planung und Erneuerbare Energien","description":"Die Partner f\u00fcr Energieeffizienz, Planung und Erneuerbare Energien","publisher":{"@id":"https:\/\/www.e-con.de\/wp-de\/#organization"},"potentialAction":[{"@type":"SearchAction","target":{"@type":"EntryPoint","urlTemplate":"https:\/\/www.e-con.de\/wp-de\/?s={search_term_string}"},"query-input":{"@type":"PropertyValueSpecification","valueRequired":true,"valueName":"search_term_string"}}],"inLanguage":"de"},{"@type":"Organization","@id":"https:\/\/www.e-con.de\/wp-de\/#organization","name":"e-con I Die Partner f\u00fcr Energieeffizienz, Planung und Erneuerbare Energien","url":"https:\/\/www.e-con.de\/wp-de\/","logo":{"@type":"ImageObject","inLanguage":"de","@id":"https:\/\/www.e-con.de\/wp-de\/#\/schema\/logo\/image\/","url":"https:\/\/www.e-con.de\/wp-de\/wp-content\/uploads\/2016\/04\/LOGO-CAD-15102015-mit-Slogan-e1460284870722.png","contentUrl":"https:\/\/www.e-con.de\/wp-de\/wp-content\/uploads\/2016\/04\/LOGO-CAD-15102015-mit-Slogan-e1460284870722.png","width":350,"height":101,"caption":"e-con I Die Partner f\u00fcr Energieeffizienz, Planung und Erneuerbare Energien"},"image":{"@id":"https:\/\/www.e-con.de\/wp-de\/#\/schema\/logo\/image\/"},"sameAs":["https:\/\/www.facebook.com\/Matthias-Sch\u00f6nhardt-1114936911891993\/"]}]}},"_links":{"self":[{"href":"https:\/\/www.e-con.de\/wp-de\/wp-json\/wp\/v2\/pages\/102","targetHints":{"allow":["GET"]}}],"collection":[{"href":"https:\/\/www.e-con.de\/wp-de\/wp-json\/wp\/v2\/pages"}],"about":[{"href":"https:\/\/www.e-con.de\/wp-de\/wp-json\/wp\/v2\/types\/page"}],"author":[{"embeddable":true,"href":"https:\/\/www.e-con.de\/wp-de\/wp-json\/wp\/v2\/users\/1"}],"replies":[{"embeddable":true,"href":"https:\/\/www.e-con.de\/wp-de\/wp-json\/wp\/v2\/comments?post=102"}],"version-history":[{"count":10,"href":"https:\/\/www.e-con.de\/wp-de\/wp-json\/wp\/v2\/pages\/102\/revisions"}],"predecessor-version":[{"id":117,"href":"https:\/\/www.e-con.de\/wp-de\/wp-json\/wp\/v2\/pages\/102\/revisions\/117"}],"wp:attachment":[{"href":"https:\/\/www.e-con.de\/wp-de\/wp-json\/wp\/v2\/media?parent=102"}],"curies":[{"name":"wp","href":"https:\/\/api.w.org\/{rel}","templated":true}]}}